{"id":54388,"date":"2025-08-21T11:01:51","date_gmt":"2025-08-21T09:01:51","guid":{"rendered":"https:\/\/rxrprotect.com\/?post_type=product&#038;p=54388"},"modified":"2026-01-07T11:31:46","modified_gmt":"2026-01-07T10:31:46","slug":"r-pro-2-mtk-copie","status":"publish","type":"product","link":"https:\/\/rxrprotect.com\/it\/official-store-it\/gilet-protettivo\/r-pro-2-mtk-copie\/","title":{"rendered":"R-Pro 2 &#8211; CR"},"content":{"rendered":"<p data-start=\"182\" data-end=\"254\"><strong data-start=\"186\" data-end=\"254\">R-Pro 2 &#8211; L&#8217;ultima innovazione nella protezione gonfiabile<\/strong><\/p>\n<p class=\"\" data-start=\"256\" data-end=\"551\">Frutto di 5 anni di ricerche e test sul campo, l&#8217;<strong data-start=\"317\" data-end=\"328\">R-Pro 2<\/strong> rappresenta il massimo della protezione. Progettato per superare i limiti della sicurezza e offrire un comfort eccezionale, \u00e8 il punto di riferimento per i gilet protettivi di alta gamma.<\/p>\n<p class=\"\" data-start=\"553\" data-end=\"964\">Grazie alla tecnologia <strong data-start=\"576\" data-end=\"608\">ASA 3.0 (Air Shock Absorber)<\/strong>, l&#8217;R-Pro 2 \u00e8 dotato di un cuscino d&#8217;aria sempre gonfio che agisce come un vero airbag senza essere attivato. La protezione \u00e8 immediata, costante e controllata. Questo sistema autogonfiante e riutilizzabile, che non richiede una manutenzione complessa, ora incorpora un chip <strong data-start=\"869\" data-end=\"876\">NFC<\/strong> che ti permette di <strong data-start=\"891\" data-end=\"926\">monitorare con precisione la durata dei<\/strong> tuoi cuscini tramite il tuo smartphone.<\/p>\n<p class=\"\" data-start=\"966\" data-end=\"1210\">In termini di comfort, il telaio \u00e8 stato completamente riprogettato con una <strong data-start=\"1026\" data-end=\"1052\">schiuma non newtoniana<\/strong> ad alte prestazioni che si adatta alla forma del corpo. Leggero, elastico e ultra-protettivo, l&#8217;R-Pro 2 diventa una vera e propria <strong data-start=\"1193\" data-end=\"1209\">seconda pelle<\/strong> in pochi minuti.<\/p>\n<p class=\"\" data-start=\"1212\" data-end=\"1498\">Ogni dettaglio \u00e8 stato curato con attenzione: <strong data-start=\"1254\" data-end=\"1279\">ventilazione ottimizzata<\/strong>, <strong data-start=\"1281\" data-end=\"1303\">cinghie regolabili<\/strong>, <strong data-start=\"1305\" data-end=\"1323\">design moderno<\/strong> e <strong data-start=\"1327\" data-end=\"1357\">posizionamento ergonomico<\/strong>. Per i motociclisti che desiderano la massima protezione, sono disponibili come opzione le <strong data-start=\"1416\" data-end=\"1437\">protezioni laterali R2O<\/strong> per rinforzare l&#8217;area delle costole.<\/p>\n<p class=\"\" data-start=\"1500\" data-end=\"1668\">L&#8217;<strong data-start=\"1503\" data-end=\"1514\">R-Pro<\/strong> 2 \u00e8 molto pi\u00f9 di un gilet: \u00e8 una fusione di tecnologia, design e prestazioni, pensata per chi vuole il meglio.<\/p>\n","protected":false},"excerpt":{"rendered":"<p>Scoprite R-Pro 2, l&#8217;ultimo pettorina motocross di RXR Protect, progettato per garantire sicurezza e comfort senza pari.<\/p>\n","protected":false},"featured_media":54336,"template":"","meta":{"_acf_changed":false},"product_brand":[958],"product_cat":[639,604],"product_tag":[657,931],"class_list":{"0":"post-54388","1":"product","2":"type-product","3":"status-publish","4":"has-post-thumbnail","6":"product_brand-rxr-protect","7":"product_cat-gilet-protettivo","8":"product_cat-r-pro-it","9":"product_tag-avec-kit-deco-it","10":"product_tag-r-pro2-it","12":"first","13":"instock","14":"taxable","15":"shipping-taxable","16":"purchasable","17":"product-type-variable"},"acf":[],"yoast_head":"<!-- This site is optimized with the Yoast SEO Premium plugin v25.1 (Yoast SEO v27.3) - https:\/\/yoast.com\/product\/yoast-seo-premium-wordpress\/ -->\n<title>Gilet protettivo da motocross R-Pro 2 Honda | RXR Protect<\/title>\n<meta name=\"description\" content=\"Scoprite il nostro nuovo pettorina motocross R-Pro 2, rivoluzionario nel suo campo! Un livello di protezione straordinario per tutti gli sport ad alto rischio.\" \/>\n<meta name=\"robots\" content=\"index, follow, max-snippet:-1, max-image-preview:large, max-video-preview:-1\" \/>\n<link rel=\"canonical\" href=\"https:\/\/rxrprotect.com\/it\/official-store-it\/gilet-protettivo\/r-pro-2-mtk-copie\/\" \/>\n<meta property=\"og:locale\" content=\"it_IT\" \/>\n<meta property=\"og:type\" content=\"article\" \/>\n<meta property=\"og:title\" content=\"R-Pro 2 - CR\" \/>\n<meta property=\"og:description\" content=\"Scoprite il nostro nuovo pettorina motocross R-Pro 2, rivoluzionario nel suo campo! Un livello di protezione straordinario per tutti gli sport ad alto rischio.\" \/>\n<meta property=\"og:url\" content=\"https:\/\/rxrprotect.com\/it\/official-store-it\/gilet-protettivo\/r-pro-2-mtk-copie\/\" \/>\n<meta property=\"og:site_name\" content=\"RXR Protect\" \/>\n<meta property=\"article:publisher\" content=\"https:\/\/www.facebook.com\/rxrprotectcom\" \/>\n<meta property=\"article:modified_time\" content=\"2026-01-07T10:31:46+00:00\" \/>\n<meta property=\"og:image\" content=\"https:\/\/rxrprotect.com\/wp-content\/uploads\/2025\/08\/RPro2-CR-Face.webp\" \/>\n\t<meta property=\"og:image:width\" content=\"1500\" \/>\n\t<meta property=\"og:image:height\" content=\"1500\" \/>\n\t<meta property=\"og:image:type\" content=\"image\/webp\" \/>\n<meta name=\"twitter:card\" content=\"summary_large_image\" \/>\n<script type=\"application\/ld+json\" class=\"yoast-schema-graph\">{\"@context\":\"https:\\\/\\\/schema.org\",\"@graph\":[{\"@type\":\"WebPage\",\"@id\":\"https:\\\/\\\/rxrprotect.com\\\/it\\\/official-store-it\\\/gilet-protettivo\\\/r-pro-2-mtk-copie\\\/\",\"url\":\"https:\\\/\\\/rxrprotect.com\\\/it\\\/official-store-it\\\/gilet-protettivo\\\/r-pro-2-mtk-copie\\\/\",\"name\":\"Gilet protettivo da motocross R-Pro 2 Honda | RXR Protect\",\"isPartOf\":{\"@id\":\"https:\\\/\\\/rxrprotect.com\\\/it\\\/#website\"},\"primaryImageOfPage\":{\"@id\":\"https:\\\/\\\/rxrprotect.com\\\/it\\\/official-store-it\\\/gilet-protettivo\\\/r-pro-2-mtk-copie\\\/#primaryimage\"},\"image\":{\"@id\":\"https:\\\/\\\/rxrprotect.com\\\/it\\\/official-store-it\\\/gilet-protettivo\\\/r-pro-2-mtk-copie\\\/#primaryimage\"},\"thumbnailUrl\":\"https:\\\/\\\/rxrprotect.com\\\/wp-content\\\/uploads\\\/2025\\\/08\\\/RPro2-CR-Face.webp\",\"datePublished\":\"2025-08-21T09:01:51+00:00\",\"dateModified\":\"2026-01-07T10:31:46+00:00\",\"description\":\"Scoprite il nostro nuovo pettorina motocross R-Pro 2, rivoluzionario nel suo campo! Un livello di protezione straordinario per tutti gli sport ad alto rischio.\",\"breadcrumb\":{\"@id\":\"https:\\\/\\\/rxrprotect.com\\\/it\\\/official-store-it\\\/gilet-protettivo\\\/r-pro-2-mtk-copie\\\/#breadcrumb\"},\"inLanguage\":\"it-IT\",\"potentialAction\":[{\"@type\":\"ReadAction\",\"target\":[\"https:\\\/\\\/rxrprotect.com\\\/it\\\/official-store-it\\\/gilet-protettivo\\\/r-pro-2-mtk-copie\\\/\"]}]},{\"@type\":\"ImageObject\",\"inLanguage\":\"it-IT\",\"@id\":\"https:\\\/\\\/rxrprotect.com\\\/it\\\/official-store-it\\\/gilet-protettivo\\\/r-pro-2-mtk-copie\\\/#primaryimage\",\"url\":\"https:\\\/\\\/rxrprotect.com\\\/wp-content\\\/uploads\\\/2025\\\/08\\\/RPro2-CR-Face.webp\",\"contentUrl\":\"https:\\\/\\\/rxrprotect.com\\\/wp-content\\\/uploads\\\/2025\\\/08\\\/RPro2-CR-Face.webp\",\"width\":1500,\"height\":1500},{\"@type\":\"BreadcrumbList\",\"@id\":\"https:\\\/\\\/rxrprotect.com\\\/it\\\/official-store-it\\\/gilet-protettivo\\\/r-pro-2-mtk-copie\\\/#breadcrumb\",\"itemListElement\":[{\"@type\":\"ListItem\",\"position\":1,\"name\":\"Accueil\",\"item\":\"https:\\\/\\\/rxrprotect.com\\\/it\\\/\"},{\"@type\":\"ListItem\",\"position\":2,\"name\":\"Official store\",\"item\":\"https:\\\/\\\/rxrprotect.com\\\/it\\\/official-store-it\\\/\"},{\"@type\":\"ListItem\",\"position\":3,\"name\":\"R-Pro 2 &#8211; CR\"}]},{\"@type\":\"WebSite\",\"@id\":\"https:\\\/\\\/rxrprotect.com\\\/it\\\/#website\",\"url\":\"https:\\\/\\\/rxrprotect.com\\\/it\\\/\",\"name\":\"RXR Protect\",\"description\":\"Pare pierre et protection gonflable pour le motocross, le VTT et tous les sports extr\u00eames.\",\"publisher\":{\"@id\":\"https:\\\/\\\/rxrprotect.com\\\/it\\\/#organization\"},\"alternateName\":\"RXR\",\"potentialAction\":[{\"@type\":\"SearchAction\",\"target\":{\"@type\":\"EntryPoint\",\"urlTemplate\":\"https:\\\/\\\/rxrprotect.com\\\/it\\\/?s={search_term_string}\"},\"query-input\":{\"@type\":\"PropertyValueSpecification\",\"valueRequired\":true,\"valueName\":\"search_term_string\"}}],\"inLanguage\":\"it-IT\"},{\"@type\":\"Organization\",\"@id\":\"https:\\\/\\\/rxrprotect.com\\\/it\\\/#organization\",\"name\":\"RXR Protect\",\"alternateName\":\"RXR\",\"url\":\"https:\\\/\\\/rxrprotect.com\\\/it\\\/\",\"logo\":{\"@type\":\"ImageObject\",\"inLanguage\":\"it-IT\",\"@id\":\"https:\\\/\\\/rxrprotect.com\\\/it\\\/#\\\/schema\\\/logo\\\/image\\\/\",\"url\":\"https:\\\/\\\/rxrprotect.com\\\/wp-content\\\/uploads\\\/2023\\\/10\\\/RXR-Logo-Noir.png\",\"contentUrl\":\"https:\\\/\\\/rxrprotect.com\\\/wp-content\\\/uploads\\\/2023\\\/10\\\/RXR-Logo-Noir.png\",\"width\":500,\"height\":104,\"caption\":\"RXR Protect\"},\"image\":{\"@id\":\"https:\\\/\\\/rxrprotect.com\\\/it\\\/#\\\/schema\\\/logo\\\/image\\\/\"},\"sameAs\":[\"https:\\\/\\\/www.facebook.com\\\/rxrprotectcom\",\"https:\\\/\\\/www.instagram.com\\\/rxrprotect\\\/\",\"https:\\\/\\\/www.tiktok.com\\\/@rxrprotect.com\"],\"email\":\"info@rxrprotect.com\",\"telephone\":\"09 70 24 01 01\",\"legalName\":\"PRO SHOP RXR\",\"vatID\":\"FR05511897548\",\"taxID\":\"51189754800034\",\"numberOfEmployees\":{\"@type\":\"QuantitativeValue\",\"minValue\":\"1\",\"maxValue\":\"10\"},\"hasMerchantReturnPolicy\":{\"@type\":\"MerchantReturnPolicy\",\"merchantReturnLink\":\"https:\\\/\\\/rxrprotect.com\\\/conditions-generales-de-vente\\\/\"}}]}<\/script>\n<meta property=\"og:availability\" content=\"instock\" \/>\n<meta property=\"product:availability\" content=\"instock\" \/>\n<meta property=\"product:condition\" content=\"new\" \/>\n<!-- \/ Yoast SEO Premium plugin. -->","yoast_head_json":{"title":"Gilet protettivo da motocross R-Pro 2 Honda | RXR Protect","description":"Scoprite il nostro nuovo pettorina motocross R-Pro 2, rivoluzionario nel suo campo! Un livello di protezione straordinario per tutti gli sport ad alto rischio.","robots":{"index":"index","follow":"follow","max-snippet":"max-snippet:-1","max-image-preview":"max-image-preview:large","max-video-preview":"max-video-preview:-1"},"canonical":"https:\/\/rxrprotect.com\/it\/official-store-it\/gilet-protettivo\/r-pro-2-mtk-copie\/","og_locale":"it_IT","og_type":"article","og_title":"R-Pro 2 - CR","og_description":"Scoprite il nostro nuovo pettorina motocross R-Pro 2, rivoluzionario nel suo campo! Un livello di protezione straordinario per tutti gli sport ad alto rischio.","og_url":"https:\/\/rxrprotect.com\/it\/official-store-it\/gilet-protettivo\/r-pro-2-mtk-copie\/","og_site_name":"RXR Protect","article_publisher":"https:\/\/www.facebook.com\/rxrprotectcom","article_modified_time":"2026-01-07T10:31:46+00:00","og_image":[{"width":1500,"height":1500,"url":"https:\/\/rxrprotect.com\/wp-content\/uploads\/2025\/08\/RPro2-CR-Face.webp","type":"image\/webp"}],"twitter_card":"summary_large_image","schema":{"@context":"https:\/\/schema.org","@graph":[{"@type":"WebPage","@id":"https:\/\/rxrprotect.com\/it\/official-store-it\/gilet-protettivo\/r-pro-2-mtk-copie\/","url":"https:\/\/rxrprotect.com\/it\/official-store-it\/gilet-protettivo\/r-pro-2-mtk-copie\/","name":"Gilet protettivo da motocross R-Pro 2 Honda | RXR Protect","isPartOf":{"@id":"https:\/\/rxrprotect.com\/it\/#website"},"primaryImageOfPage":{"@id":"https:\/\/rxrprotect.com\/it\/official-store-it\/gilet-protettivo\/r-pro-2-mtk-copie\/#primaryimage"},"image":{"@id":"https:\/\/rxrprotect.com\/it\/official-store-it\/gilet-protettivo\/r-pro-2-mtk-copie\/#primaryimage"},"thumbnailUrl":"https:\/\/rxrprotect.com\/wp-content\/uploads\/2025\/08\/RPro2-CR-Face.webp","datePublished":"2025-08-21T09:01:51+00:00","dateModified":"2026-01-07T10:31:46+00:00","description":"Scoprite il nostro nuovo pettorina motocross R-Pro 2, rivoluzionario nel suo campo! Un livello di protezione straordinario per tutti gli sport ad alto rischio.","breadcrumb":{"@id":"https:\/\/rxrprotect.com\/it\/official-store-it\/gilet-protettivo\/r-pro-2-mtk-copie\/#breadcrumb"},"inLanguage":"it-IT","potentialAction":[{"@type":"ReadAction","target":["https:\/\/rxrprotect.com\/it\/official-store-it\/gilet-protettivo\/r-pro-2-mtk-copie\/"]}]},{"@type":"ImageObject","inLanguage":"it-IT","@id":"https:\/\/rxrprotect.com\/it\/official-store-it\/gilet-protettivo\/r-pro-2-mtk-copie\/#primaryimage","url":"https:\/\/rxrprotect.com\/wp-content\/uploads\/2025\/08\/RPro2-CR-Face.webp","contentUrl":"https:\/\/rxrprotect.com\/wp-content\/uploads\/2025\/08\/RPro2-CR-Face.webp","width":1500,"height":1500},{"@type":"BreadcrumbList","@id":"https:\/\/rxrprotect.com\/it\/official-store-it\/gilet-protettivo\/r-pro-2-mtk-copie\/#breadcrumb","itemListElement":[{"@type":"ListItem","position":1,"name":"Accueil","item":"https:\/\/rxrprotect.com\/it\/"},{"@type":"ListItem","position":2,"name":"Official store","item":"https:\/\/rxrprotect.com\/it\/official-store-it\/"},{"@type":"ListItem","position":3,"name":"R-Pro 2 &#8211; CR"}]},{"@type":"WebSite","@id":"https:\/\/rxrprotect.com\/it\/#website","url":"https:\/\/rxrprotect.com\/it\/","name":"RXR Protect","description":"Pare pierre et protection gonflable pour le motocross, le VTT et tous les sports extr\u00eames.","publisher":{"@id":"https:\/\/rxrprotect.com\/it\/#organization"},"alternateName":"RXR","potentialAction":[{"@type":"SearchAction","target":{"@type":"EntryPoint","urlTemplate":"https:\/\/rxrprotect.com\/it\/?s={search_term_string}"},"query-input":{"@type":"PropertyValueSpecification","valueRequired":true,"valueName":"search_term_string"}}],"inLanguage":"it-IT"},{"@type":"Organization","@id":"https:\/\/rxrprotect.com\/it\/#organization","name":"RXR Protect","alternateName":"RXR","url":"https:\/\/rxrprotect.com\/it\/","logo":{"@type":"ImageObject","inLanguage":"it-IT","@id":"https:\/\/rxrprotect.com\/it\/#\/schema\/logo\/image\/","url":"https:\/\/rxrprotect.com\/wp-content\/uploads\/2023\/10\/RXR-Logo-Noir.png","contentUrl":"https:\/\/rxrprotect.com\/wp-content\/uploads\/2023\/10\/RXR-Logo-Noir.png","width":500,"height":104,"caption":"RXR Protect"},"image":{"@id":"https:\/\/rxrprotect.com\/it\/#\/schema\/logo\/image\/"},"sameAs":["https:\/\/www.facebook.com\/rxrprotectcom","https:\/\/www.instagram.com\/rxrprotect\/","https:\/\/www.tiktok.com\/@rxrprotect.com"],"email":"info@rxrprotect.com","telephone":"09 70 24 01 01","legalName":"PRO SHOP RXR","vatID":"FR05511897548","taxID":"51189754800034","numberOfEmployees":{"@type":"QuantitativeValue","minValue":"1","maxValue":"10"},"hasMerchantReturnPolicy":{"@type":"MerchantReturnPolicy","merchantReturnLink":"https:\/\/rxrprotect.com\/conditions-generales-de-vente\/"}}]},"og_availability":"instock","product_availability":"instock","product_condition":"new"},"_links":{"self":[{"href":"https:\/\/rxrprotect.com\/it\/wp-json\/wp\/v2\/product\/54388","targetHints":{"allow":["GET"]}}],"collection":[{"href":"https:\/\/rxrprotect.com\/it\/wp-json\/wp\/v2\/product"}],"about":[{"href":"https:\/\/rxrprotect.com\/it\/wp-json\/wp\/v2\/types\/product"}],"version-history":[{"count":0,"href":"https:\/\/rxrprotect.com\/it\/wp-json\/wp\/v2\/product\/54388\/revisions"}],"wp:featuredmedia":[{"embeddable":true,"href":"https:\/\/rxrprotect.com\/it\/wp-json\/wp\/v2\/media\/54336"}],"wp:attachment":[{"href":"https:\/\/rxrprotect.com\/it\/wp-json\/wp\/v2\/media?parent=54388"}],"wp:term":[{"taxonomy":"product_brand","embeddable":true,"href":"https:\/\/rxrprotect.com\/it\/wp-json\/wp\/v2\/product_brand?post=54388"},{"taxonomy":"product_cat","embeddable":true,"href":"https:\/\/rxrprotect.com\/it\/wp-json\/wp\/v2\/product_cat?post=54388"},{"taxonomy":"product_tag","embeddable":true,"href":"https:\/\/rxrprotect.com\/it\/wp-json\/wp\/v2\/product_tag?post=54388"}],"curies":[{"name":"wp","href":"https:\/\/api.w.org\/{rel}","templated":true}]}}