{"id":19678,"date":"2023-11-29T11:22:17","date_gmt":"2023-11-29T10:22:17","guid":{"rendered":"https:\/\/rxrprotect.com\/note-legali\/"},"modified":"2025-02-06T16:36:35","modified_gmt":"2025-02-06T15:36:35","slug":"note-legali","status":"publish","type":"page","link":"https:\/\/rxrprotect.com\/it\/note-legali\/","title":{"rendered":"Note legali"},"content":{"rendered":"\t\t<div data-elementor-type=\"wp-page\" data-elementor-id=\"19678\" class=\"elementor elementor-19678 elementor-4868\" data-elementor-post-type=\"page\">\n\t\t\t\t<div class=\"elementor-element elementor-element-6ed5bfb e-flex e-con-boxed e-con e-parent\" data-id=\"6ed5bfb\" data-element_type=\"container\" data-e-type=\"container\">\n\t\t\t\t\t<div class=\"e-con-inner\">\n\t\t\t\t<div class=\"elementor-element elementor-element-5c77cfc elementor-widget elementor-widget-woocommerce-breadcrumb\" data-id=\"5c77cfc\" data-element_type=\"widget\" data-e-type=\"widget\" data-widget_type=\"woocommerce-breadcrumb.default\">\n\t\t\t\t\t<nav class=\"woocommerce-breadcrumb\" aria-label=\"Breadcrumb\">Home<\/nav>\t\t\t\t<\/div>\n\t\t\t\t<div class=\"elementor-element elementor-element-65715dd elementor-widget-divider--view-line elementor-widget elementor-widget-divider\" data-id=\"65715dd\" data-element_type=\"widget\" data-e-type=\"widget\" data-widget_type=\"divider.default\">\n\t\t\t\t\t\t\t<div class=\"elementor-divider\">\n\t\t\t<span class=\"elementor-divider-separator\">\n\t\t\t\t\t\t<\/span>\n\t\t<\/div>\n\t\t\t\t\t\t<\/div>\n\t\t\t\t\t<\/div>\n\t\t\t\t<\/div>\n\t\t<div class=\"elementor-element elementor-element-f796e10 e-flex e-con-boxed e-con e-parent\" data-id=\"f796e10\" data-element_type=\"container\" data-e-type=\"container\">\n\t\t\t\t\t<div class=\"e-con-inner\">\n\t\t\t\t<div class=\"elementor-element elementor-element-5322638 elementor-widget elementor-widget-heading\" data-id=\"5322638\" data-element_type=\"widget\" data-e-type=\"widget\" data-widget_type=\"heading.default\">\n\t\t\t\t\t<h2 class=\"elementor-heading-title elementor-size-default\">Articolo 1: Scopo<\/h2>\t\t\t\t<\/div>\n\t\t\t\t<div class=\"elementor-element elementor-element-caf3feb elementor-widget elementor-widget-text-editor\" data-id=\"caf3feb\" data-element_type=\"widget\" data-e-type=\"widget\" data-widget_type=\"text-editor.default\">\n\t\t\t\t\t\t\t\t\t<p>Le presenti Condizioni Generali d&#8217;Uso disciplinano i termini e le condizioni in base ai quali il sito web rxrprotect.com e i suoi servizi sono messi a disposizione degli utenti da PRO SHOP RXR. Esse sono rivolte a tutti gli utenti di Internet che accedono e utilizzano il sito web, siano essi semplici visitatori, consumatori di servizi o acquirenti. Qualsiasi connessione al sito web rxrprotect.com implica l&#8217;accettazione delle presenti Condizioni Generali d&#8217;Uso.<\/p>\n\t\t\t\t\t\t\t\t<\/div>\n\t\t\t\t<div class=\"elementor-element elementor-element-8ed92a0 elementor-widget elementor-widget-heading\" data-id=\"8ed92a0\" data-element_type=\"widget\" data-e-type=\"widget\" data-widget_type=\"heading.default\">\n\t\t\t\t\t<h2 class=\"elementor-heading-title elementor-size-default\">Articolo 2: Informazioni legali<\/h2>\t\t\t\t<\/div>\n\t\t\t\t<div class=\"elementor-element elementor-element-70e7ac6 elementor-widget elementor-widget-text-editor\" data-id=\"70e7ac6\" data-element_type=\"widget\" data-e-type=\"widget\" data-widget_type=\"text-editor.default\">\n\t\t\t\t\t\t\t\t\t<p>Proprietario ed editore del sito rxrprotect.com:<br \/> SA PRO SHOP RXR<br \/>Sede legale: 270 rue de L&#8217;Odon 14790 MOUEN<br \/>Capitale sociale: 75 089\u20ac<br \/>SIRET: 51189754800026<br \/>RCS: Caen B 511 897 548<br \/>Partita IVA : FR 05 511 897 548<\/p>\n<p>Il sito \u00e8 ospitato da HOSTINGER, la cui sede legale si trova presso HOSTINGER INTERNATIONAL LTD, 61 Lordou Vironos Street, 6023 Larnaca, Cipro, che pu\u00f2 essere contattata tramite i seguenti recapiti: https:\/\/www.hostinger.fr\/contatto.<\/p>\n\t\t\t\t\t\t\t\t<\/div>\n\t\t\t\t<div class=\"elementor-element elementor-element-0485db9 elementor-widget elementor-widget-heading\" data-id=\"0485db9\" data-element_type=\"widget\" data-e-type=\"widget\" data-widget_type=\"heading.default\">\n\t\t\t\t\t<h2 class=\"elementor-heading-title elementor-size-default\">Articolo 3: Accesso al sito<\/h2>\t\t\t\t<\/div>\n\t\t\t\t<div class=\"elementor-element elementor-element-755116c elementor-widget elementor-widget-text-editor\" data-id=\"755116c\" data-element_type=\"widget\" data-e-type=\"widget\" data-widget_type=\"text-editor.default\">\n\t\t\t\t\t\t\t\t\t<p>Il sito web di rxrprotect \u00e8 accessibile a qualsiasi utente che disponga di una connessione internet.<br \/>L&#8217;accesso alla sezione &#8220;Il mio account&#8221; richiede che l&#8217;utente si identifichi utilizzando il proprio login e la propria password.<br \/>Fatta eccezione per le operazioni di manutenzione, RXR PRO SHOP si impegna al massimo per garantire l&#8217;accesso al sito web rxrprotect.com 7 giorni su 7, 24 ore su 24, ma non pu\u00f2 essere ritenuto responsabile in caso di forza maggiore o di un evento al di fuori del suo controllo.<br \/>RXR PRO SHOP si riserva il diritto di modificare, interrompere o sospendere l&#8217;accesso al sito senza preavviso, senza che l&#8217;utente possa avanzare alcuna pretesa o richiedere alcun risarcimento.<\/p>\n\t\t\t\t\t\t\t\t<\/div>\n\t\t\t\t<div class=\"elementor-element elementor-element-a37894e elementor-widget elementor-widget-heading\" data-id=\"a37894e\" data-element_type=\"widget\" data-e-type=\"widget\" data-widget_type=\"heading.default\">\n\t\t\t\t\t<h2 class=\"elementor-heading-title elementor-size-default\">Articolo 4: Propriet\u00e0 intellettuale<\/h2>\t\t\t\t<\/div>\n\t\t\t\t<div class=\"elementor-element elementor-element-44381d9 elementor-widget elementor-widget-text-editor\" data-id=\"44381d9\" data-element_type=\"widget\" data-e-type=\"widget\" data-widget_type=\"text-editor.default\">\n\t\t\t\t\t\t\t\t\t<p>Il marchio RXRPROTECT \u00e8 un marchio registrato da RXR PRO SHOP. I contenuti testuali, i loghi, i visivi e i video sono di propriet\u00e0 esclusiva della societ\u00e0 RXR PRO SHOP.<br \/>Qualsiasi utilizzo: riproduzione, sfruttamento dei contenuti anche parzialmente, deve essere preceduto da una richiesta di autorizzazione alla societ\u00e0 RXRPROTECT, a rischio di costituire una violazione secondo gli articoli L335-2 e seguenti del codice della propriet\u00e0 intellettuale. <\/p>\n\t\t\t\t\t\t\t\t<\/div>\n\t\t\t\t<div class=\"elementor-element elementor-element-326fa5c elementor-widget elementor-widget-heading\" data-id=\"326fa5c\" data-element_type=\"widget\" data-e-type=\"widget\" data-widget_type=\"heading.default\">\n\t\t\t\t\t<h2 class=\"elementor-heading-title elementor-size-default\">Articolo 5: Pubblicazione da parte dell'utente<\/h2>\t\t\t\t<\/div>\n\t\t\t\t<div class=\"elementor-element elementor-element-a48ecfc elementor-widget elementor-widget-text-editor\" data-id=\"a48ecfc\" data-element_type=\"widget\" data-e-type=\"widget\" data-widget_type=\"text-editor.default\">\n\t\t\t\t\t\t\t\t\t<p>Sul sito web rxrprotect.com, i membri sono invitati a pubblicare commenti sul blog, sulle schede prodotto e sulla chat online.<\/p>\n<p>Queste pubblicazioni sono soggette a moderazione da parte dell&#8217;editore del sito. In caso di mancato rispetto della Netiquette e della legislazione vigente, l&#8217;editore del sito si riserva il diritto di rifiutare la pubblicazione online senza dover giustificare tale decisione ai membri. <\/p>\n<p>Qualsiasi contenuto pubblicato da un membro pu\u00f2 essere cancellato o modificato in qualsiasi momento senza alcuna giustificazione o notifica all&#8217;autore del contenuto.<\/p>\n<p>Ogni pubblicazione postata su questo sito rimane di propriet\u00e0 intellettuale del suo autore. Tuttavia, pubblicando un commento, l&#8217;autore concede all&#8217;editore del sito il diritto di utilizzare questa pubblicazione gratuitamente per la durata che desidera. <\/p>\n\t\t\t\t\t\t\t\t<\/div>\n\t\t\t\t<div class=\"elementor-element elementor-element-36a5f57 elementor-widget elementor-widget-heading\" data-id=\"36a5f57\" data-element_type=\"widget\" data-e-type=\"widget\" data-widget_type=\"heading.default\">\n\t\t\t\t\t<h2 class=\"elementor-heading-title elementor-size-default\">Articolo 6: Dati personali<\/h2>\t\t\t\t<\/div>\n\t\t\t\t<div class=\"elementor-element elementor-element-0171c00 elementor-widget elementor-widget-text-editor\" data-id=\"0171c00\" data-element_type=\"widget\" data-e-type=\"widget\" data-widget_type=\"text-editor.default\">\n\t\t\t\t\t\t\t\t\t<p>La creazione di un account utente comporta la raccolta di informazioni personali, tra cui l&#8217;indirizzo e-mail. L&#8217;editore del sito si impegna a rispettare, nel trattamento di tali informazioni, la legge n\u00b078-17 del 6 gennaio 1978 relativa all&#8217;informatica, ai file e alle libert\u00e0. Il sito \u00e8 stato registrato presso la CNIL con il numero:. Queste informazioni non vengono utilizzate a scopi commerciali e non vengono cedute a societ\u00e0 terze.  <\/p>\n<p>In conformit\u00e0 agli articoli 39 e 40 di questa normativa, l&#8217;utente ha il diritto di accesso, modifica, rettifica e cancellazione dei dati che lo riguardano. \u00c8 sufficiente fare una richiesta alla societ\u00e0 editrice di questo sito: SA PRO SHOP RXR. <\/p>\n\t\t\t\t\t\t\t\t<\/div>\n\t\t\t\t<div class=\"elementor-element elementor-element-8bd5cce elementor-widget elementor-widget-heading\" data-id=\"8bd5cce\" data-element_type=\"widget\" data-e-type=\"widget\" data-widget_type=\"heading.default\">\n\t\t\t\t\t<h2 class=\"elementor-heading-title elementor-size-default\">Articolo 7: Collegamenti ipertestuali<\/h2>\t\t\t\t<\/div>\n\t\t\t\t<div class=\"elementor-element elementor-element-9cf6482 elementor-widget elementor-widget-text-editor\" data-id=\"9cf6482\" data-element_type=\"widget\" data-e-type=\"widget\" data-widget_type=\"text-editor.default\">\n\t\t\t\t\t\t\t\t\t<p>Il sito pu\u00f2 contenere collegamenti ipertestuali in uscita. L&#8217;editore del sito non pu\u00f2 essere ritenuto responsabile del contenuto delle pagine web a cui rimandano tali collegamenti.<\/p>\n\t\t\t\t\t\t\t\t<\/div>\n\t\t\t\t<div class=\"elementor-element elementor-element-561adec elementor-widget elementor-widget-heading\" data-id=\"561adec\" data-element_type=\"widget\" data-e-type=\"widget\" data-widget_type=\"heading.default\">\n\t\t\t\t\t<h2 class=\"elementor-heading-title elementor-size-default\">Articolo 8: Utilizzo dei cookie<\/h2>\t\t\t\t<\/div>\n\t\t\t\t<div class=\"elementor-element elementor-element-75a1255 elementor-widget elementor-widget-text-editor\" data-id=\"75a1255\" data-element_type=\"widget\" data-e-type=\"widget\" data-widget_type=\"text-editor.default\">\n\t\t\t\t\t\t\t\t\t<p>The website rxrprotect.com uses cookies. These small alphanumeric files transferred to your hard drive allow us to store information related to your browsing experience, so we can improve your experience when you return to the site, as well as perform statistical processing. These cookies do not contain personal data.  <\/p>\n<p>Puoi disattivare, ridurre o eliminare questi cookie in qualsiasi momento utilizzando il browser che stai usando.<\/p>\n\t\t\t\t\t\t\t\t<\/div>\n\t\t\t\t<div class=\"elementor-element elementor-element-dd1bf82 elementor-widget elementor-widget-heading\" data-id=\"dd1bf82\" data-element_type=\"widget\" data-e-type=\"widget\" data-widget_type=\"heading.default\">\n\t\t\t\t\t<h2 class=\"elementor-heading-title elementor-size-default\">Articolo 9: Modifica delle note legali del sito<\/h2>\t\t\t\t<\/div>\n\t\t\t\t<div class=\"elementor-element elementor-element-45a9f66 elementor-widget elementor-widget-text-editor\" data-id=\"45a9f66\" data-element_type=\"widget\" data-e-type=\"widget\" data-widget_type=\"text-editor.default\">\n\t\t\t\t\t\t\t\t\t<p>L&#8217;editore del sito si riserva il diritto di modificare, in qualsiasi momento e senza preavviso, le note legali del sito rxrprotect.com al fine di adattare tali note legali allo sviluppo del sito.<\/p>\n\t\t\t\t\t\t\t\t<\/div>\n\t\t\t\t<div class=\"elementor-element elementor-element-12c28c8 elementor-widget elementor-widget-heading\" data-id=\"12c28c8\" data-element_type=\"widget\" data-e-type=\"widget\" data-widget_type=\"heading.default\">\n\t\t\t\t\t<h2 class=\"elementor-heading-title elementor-size-default\">Articolo 10: Legge applicabile<\/h2>\t\t\t\t<\/div>\n\t\t\t\t<div class=\"elementor-element elementor-element-826f785 elementor-widget elementor-widget-text-editor\" data-id=\"826f785\" data-element_type=\"widget\" data-e-type=\"widget\" data-widget_type=\"text-editor.default\">\n\t\t\t\t\t\t\t\t\t<p>Le norme giuridiche applicabili al contenuto e alla trasmissione dei dati sul sito sono disciplinate dalla legge francese.  <\/p>\n\t\t\t\t\t\t\t\t<\/div>\n\t\t\t\t\t<\/div>\n\t\t\t\t<\/div>\n\t\t\t\t<\/div>\n\t\t","protected":false},"excerpt":{"rendered":"<p>Articolo 1: Scopo Le presenti Condizioni Generali d&#8217;Uso disciplinano i termini e le condizioni in base ai quali il sito web rxrprotect.com e i suoi servizi sono messi a disposizione degli utenti da PRO SHOP RXR. Esse sono rivolte a tutti gli utenti di Internet che accedono e utilizzano il sito web, siano essi semplici [&hellip;]<\/p>\n","protected":false},"author":1,"featured_media":0,"parent":0,"menu_order":0,"comment_status":"closed","ping_status":"closed","template":"","meta":{"_acf_changed":false,"footnotes":""},"class_list":["post-19678","page","type-page","status-publish","hentry"],"acf":[],"yoast_head":"<!-- This site is optimized with the Yoast SEO Premium plugin v25.1 (Yoast SEO v27.3) - https:\/\/yoast.com\/product\/yoast-seo-premium-wordpress\/ -->\n<title>Note legali - RXR Protect<\/title>\n<meta name=\"robots\" content=\"index, follow, max-snippet:-1, max-image-preview:large, max-video-preview:-1\" \/>\n<link rel=\"canonical\" href=\"https:\/\/rxrprotect.com\/it\/note-legali\/\" \/>\n<meta property=\"og:locale\" content=\"it_IT\" \/>\n<meta property=\"og:type\" content=\"article\" \/>\n<meta property=\"og:title\" content=\"Note legali\" \/>\n<meta property=\"og:description\" content=\"Articolo 1: Scopo Le presenti Condizioni Generali d&#8217;Uso disciplinano i termini e le condizioni in base ai quali il sito web rxrprotect.com e i suoi servizi sono messi a disposizione degli utenti da PRO SHOP RXR. Esse sono rivolte a tutti gli utenti di Internet che accedono e utilizzano il sito web, siano essi semplici [&hellip;]\" \/>\n<meta property=\"og:url\" content=\"https:\/\/rxrprotect.com\/it\/note-legali\/\" \/>\n<meta property=\"og:site_name\" content=\"RXR Protect\" \/>\n<meta property=\"article:publisher\" content=\"https:\/\/www.facebook.com\/rxrprotectcom\" \/>\n<meta property=\"article:modified_time\" content=\"2025-02-06T15:36:35+00:00\" \/>\n<meta property=\"og:image\" content=\"https:\/\/rxrprotect.com\/wp-content\/uploads\/2023\/10\/RXR-Logo-Noir.png\" \/>\n\t<meta property=\"og:image:width\" content=\"500\" \/>\n\t<meta property=\"og:image:height\" content=\"104\" \/>\n\t<meta property=\"og:image:type\" content=\"image\/png\" \/>\n<meta name=\"twitter:card\" content=\"summary_large_image\" \/>\n<script type=\"application\/ld+json\" class=\"yoast-schema-graph\">{\"@context\":\"https:\\\/\\\/schema.org\",\"@graph\":[{\"@type\":\"WebPage\",\"@id\":\"https:\\\/\\\/rxrprotect.com\\\/it\\\/note-legali\\\/\",\"url\":\"https:\\\/\\\/rxrprotect.com\\\/it\\\/note-legali\\\/\",\"name\":\"Note legali - RXR Protect\",\"isPartOf\":{\"@id\":\"https:\\\/\\\/rxrprotect.com\\\/it\\\/#website\"},\"datePublished\":\"2023-11-29T10:22:17+00:00\",\"dateModified\":\"2025-02-06T15:36:35+00:00\",\"breadcrumb\":{\"@id\":\"https:\\\/\\\/rxrprotect.com\\\/it\\\/note-legali\\\/#breadcrumb\"},\"inLanguage\":\"it-IT\",\"potentialAction\":[{\"@type\":\"ReadAction\",\"target\":[\"https:\\\/\\\/rxrprotect.com\\\/it\\\/note-legali\\\/\"]}]},{\"@type\":\"BreadcrumbList\",\"@id\":\"https:\\\/\\\/rxrprotect.com\\\/it\\\/note-legali\\\/#breadcrumb\",\"itemListElement\":[{\"@type\":\"ListItem\",\"position\":1,\"name\":\"Accueil\",\"item\":\"https:\\\/\\\/rxrprotect.com\\\/it\\\/\"},{\"@type\":\"ListItem\",\"position\":2,\"name\":\"Note legali\"}]},{\"@type\":\"WebSite\",\"@id\":\"https:\\\/\\\/rxrprotect.com\\\/it\\\/#website\",\"url\":\"https:\\\/\\\/rxrprotect.com\\\/it\\\/\",\"name\":\"RXR Protect\",\"description\":\"Pare pierre et protection gonflable pour le motocross, le VTT et tous les sports extr\u00eames.\",\"publisher\":{\"@id\":\"https:\\\/\\\/rxrprotect.com\\\/it\\\/#organization\"},\"alternateName\":\"RXR\",\"potentialAction\":[{\"@type\":\"SearchAction\",\"target\":{\"@type\":\"EntryPoint\",\"urlTemplate\":\"https:\\\/\\\/rxrprotect.com\\\/it\\\/?s={search_term_string}\"},\"query-input\":{\"@type\":\"PropertyValueSpecification\",\"valueRequired\":true,\"valueName\":\"search_term_string\"}}],\"inLanguage\":\"it-IT\"},{\"@type\":\"Organization\",\"@id\":\"https:\\\/\\\/rxrprotect.com\\\/it\\\/#organization\",\"name\":\"RXR Protect\",\"alternateName\":\"RXR\",\"url\":\"https:\\\/\\\/rxrprotect.com\\\/it\\\/\",\"logo\":{\"@type\":\"ImageObject\",\"inLanguage\":\"it-IT\",\"@id\":\"https:\\\/\\\/rxrprotect.com\\\/it\\\/#\\\/schema\\\/logo\\\/image\\\/\",\"url\":\"https:\\\/\\\/rxrprotect.com\\\/wp-content\\\/uploads\\\/2023\\\/10\\\/RXR-Logo-Noir.png\",\"contentUrl\":\"https:\\\/\\\/rxrprotect.com\\\/wp-content\\\/uploads\\\/2023\\\/10\\\/RXR-Logo-Noir.png\",\"width\":500,\"height\":104,\"caption\":\"RXR Protect\"},\"image\":{\"@id\":\"https:\\\/\\\/rxrprotect.com\\\/it\\\/#\\\/schema\\\/logo\\\/image\\\/\"},\"sameAs\":[\"https:\\\/\\\/www.facebook.com\\\/rxrprotectcom\",\"https:\\\/\\\/www.instagram.com\\\/rxrprotect\\\/\",\"https:\\\/\\\/www.tiktok.com\\\/@rxrprotect.com\"],\"email\":\"info@rxrprotect.com\",\"telephone\":\"09 70 24 01 01\",\"legalName\":\"PRO SHOP RXR\",\"vatID\":\"FR05511897548\",\"taxID\":\"51189754800034\",\"numberOfEmployees\":{\"@type\":\"QuantitativeValue\",\"minValue\":\"1\",\"maxValue\":\"10\"},\"hasMerchantReturnPolicy\":{\"@type\":\"MerchantReturnPolicy\",\"merchantReturnLink\":\"https:\\\/\\\/rxrprotect.com\\\/conditions-generales-de-vente\\\/\"}}]}<\/script>\n<!-- \/ Yoast SEO Premium plugin. -->","yoast_head_json":{"title":"Note legali - RXR Protect","robots":{"index":"index","follow":"follow","max-snippet":"max-snippet:-1","max-image-preview":"max-image-preview:large","max-video-preview":"max-video-preview:-1"},"canonical":"https:\/\/rxrprotect.com\/it\/note-legali\/","og_locale":"it_IT","og_type":"article","og_title":"Note legali","og_description":"Articolo 1: Scopo Le presenti Condizioni Generali d&#8217;Uso disciplinano i termini e le condizioni in base ai quali il sito web rxrprotect.com e i suoi servizi sono messi a disposizione degli utenti da PRO SHOP RXR. Esse sono rivolte a tutti gli utenti di Internet che accedono e utilizzano il sito web, siano essi semplici [&hellip;]","og_url":"https:\/\/rxrprotect.com\/it\/note-legali\/","og_site_name":"RXR Protect","article_publisher":"https:\/\/www.facebook.com\/rxrprotectcom","article_modified_time":"2025-02-06T15:36:35+00:00","og_image":[{"width":500,"height":104,"url":"https:\/\/rxrprotect.com\/wp-content\/uploads\/2023\/10\/RXR-Logo-Noir.png","type":"image\/png"}],"twitter_card":"summary_large_image","schema":{"@context":"https:\/\/schema.org","@graph":[{"@type":"WebPage","@id":"https:\/\/rxrprotect.com\/it\/note-legali\/","url":"https:\/\/rxrprotect.com\/it\/note-legali\/","name":"Note legali - RXR Protect","isPartOf":{"@id":"https:\/\/rxrprotect.com\/it\/#website"},"datePublished":"2023-11-29T10:22:17+00:00","dateModified":"2025-02-06T15:36:35+00:00","breadcrumb":{"@id":"https:\/\/rxrprotect.com\/it\/note-legali\/#breadcrumb"},"inLanguage":"it-IT","potentialAction":[{"@type":"ReadAction","target":["https:\/\/rxrprotect.com\/it\/note-legali\/"]}]},{"@type":"BreadcrumbList","@id":"https:\/\/rxrprotect.com\/it\/note-legali\/#breadcrumb","itemListElement":[{"@type":"ListItem","position":1,"name":"Accueil","item":"https:\/\/rxrprotect.com\/it\/"},{"@type":"ListItem","position":2,"name":"Note legali"}]},{"@type":"WebSite","@id":"https:\/\/rxrprotect.com\/it\/#website","url":"https:\/\/rxrprotect.com\/it\/","name":"RXR Protect","description":"Pare pierre et protection gonflable pour le motocross, le VTT et tous les sports extr\u00eames.","publisher":{"@id":"https:\/\/rxrprotect.com\/it\/#organization"},"alternateName":"RXR","potentialAction":[{"@type":"SearchAction","target":{"@type":"EntryPoint","urlTemplate":"https:\/\/rxrprotect.com\/it\/?s={search_term_string}"},"query-input":{"@type":"PropertyValueSpecification","valueRequired":true,"valueName":"search_term_string"}}],"inLanguage":"it-IT"},{"@type":"Organization","@id":"https:\/\/rxrprotect.com\/it\/#organization","name":"RXR Protect","alternateName":"RXR","url":"https:\/\/rxrprotect.com\/it\/","logo":{"@type":"ImageObject","inLanguage":"it-IT","@id":"https:\/\/rxrprotect.com\/it\/#\/schema\/logo\/image\/","url":"https:\/\/rxrprotect.com\/wp-content\/uploads\/2023\/10\/RXR-Logo-Noir.png","contentUrl":"https:\/\/rxrprotect.com\/wp-content\/uploads\/2023\/10\/RXR-Logo-Noir.png","width":500,"height":104,"caption":"RXR Protect"},"image":{"@id":"https:\/\/rxrprotect.com\/it\/#\/schema\/logo\/image\/"},"sameAs":["https:\/\/www.facebook.com\/rxrprotectcom","https:\/\/www.instagram.com\/rxrprotect\/","https:\/\/www.tiktok.com\/@rxrprotect.com"],"email":"info@rxrprotect.com","telephone":"09 70 24 01 01","legalName":"PRO SHOP RXR","vatID":"FR05511897548","taxID":"51189754800034","numberOfEmployees":{"@type":"QuantitativeValue","minValue":"1","maxValue":"10"},"hasMerchantReturnPolicy":{"@type":"MerchantReturnPolicy","merchantReturnLink":"https:\/\/rxrprotect.com\/conditions-generales-de-vente\/"}}]}},"_links":{"self":[{"href":"https:\/\/rxrprotect.com\/it\/wp-json\/wp\/v2\/pages\/19678","targetHints":{"allow":["GET"]}}],"collection":[{"href":"https:\/\/rxrprotect.com\/it\/wp-json\/wp\/v2\/pages"}],"about":[{"href":"https:\/\/rxrprotect.com\/it\/wp-json\/wp\/v2\/types\/page"}],"author":[{"embeddable":true,"href":"https:\/\/rxrprotect.com\/it\/wp-json\/wp\/v2\/users\/1"}],"replies":[{"embeddable":true,"href":"https:\/\/rxrprotect.com\/it\/wp-json\/wp\/v2\/comments?post=19678"}],"version-history":[{"count":0,"href":"https:\/\/rxrprotect.com\/it\/wp-json\/wp\/v2\/pages\/19678\/revisions"}],"wp:attachment":[{"href":"https:\/\/rxrprotect.com\/it\/wp-json\/wp\/v2\/media?parent=19678"}],"curies":[{"name":"wp","href":"https:\/\/api.w.org\/{rel}","templated":true}]}}