{"id":61082,"date":"2026-04-23T11:16:15","date_gmt":"2026-04-23T09:16:15","guid":{"rendered":"https:\/\/rxrprotect.com\/boutique-officielle\/sin%20categor\u00eda\/pack-asa-3-0-delantero-trasero-bullet-cyb-r\/"},"modified":"2026-04-23T16:45:17","modified_gmt":"2026-04-23T14:45:17","slug":"pack-asa-3-0-delantero-trasero-bullet-cyb-r","status":"publish","type":"product","link":"https:\/\/rxrprotect.com\/es\/official-store-es\/piezas-inflables-asa\/pack-asa-3-0-delantero-trasero-bullet-cyb-r\/","title":{"rendered":"Pack ASA 3.0 delantero\/trasero &#8211; Bullet Cyb-R"},"content":{"rendered":"<p>Estas piezas hinchables ASA 3.0 se entregan ya infladas.<br \/>\nEl aire se presuriza y se encapsula antes de que el producto salga de nuestras instalaciones.<\/p>\n<p>La vida \u00fatil de las partes inflables depende del uso que le des al producto.<\/p>\n<p>Le recomendamos que sustituya los cojines inflables cada 18 o 24 meses, sobre todo si el producto se utiliza con frecuencia.<\/p>\n<p>Para determinar cu\u00e1ndo es el momento adecuado para la sustituci\u00f3n, puede comprobar la vida \u00fatil restante de sus inflables ASA 3.0 escaneando su chip NFC con su tel\u00e9fono.<br \/>\nLe recomendamos que compruebe tambi\u00e9n la presi\u00f3n manualmente y, si nota una diferencia significativa con respecto a la presi\u00f3n que ten\u00eda el producto cuando era nuevo, le aconsejamos que lo sustituya.<\/p>\n","protected":false},"excerpt":{"rendered":"<p>Kit de repuesto ASA 3.0 completo para los productos RXR Protect Bullet y Cyb-R.<br \/>\nVida \u00fatil: 18-24 meses<\/p>\n","protected":false},"featured_media":61037,"template":"","meta":{"_acf_changed":false},"product_brand":[],"product_cat":[578,579,867],"product_tag":[],"class_list":{"0":"post-61082","1":"product","2":"type-product","3":"status-publish","4":"has-post-thumbnail","6":"product_cat-piezas-bullet","7":"product_cat-piezas-cyb-r","8":"product_cat-piezas-inflables-asa","10":"first","11":"instock","12":"taxable","13":"shipping-taxable","14":"purchasable","15":"product-type-variable"},"acf":[],"yoast_head":"<!-- This site is optimized with the Yoast SEO Premium plugin v25.1 (Yoast SEO v27.3) - https:\/\/yoast.com\/product\/yoast-seo-premium-wordpress\/ -->\n<title>Pack ASA 3.0 delantero\/trasero - Bullet Cyb-R | RXR Protect<\/title>\n<meta name=\"robots\" content=\"index, follow, max-snippet:-1, max-image-preview:large, max-video-preview:-1\" \/>\n<link rel=\"canonical\" href=\"https:\/\/rxrprotect.com\/es\/official-store-es\/piezas-inflables-asa\/pack-asa-3-0-delantero-trasero-bullet-cyb-r\/\" \/>\n<meta property=\"og:locale\" content=\"es_ES\" \/>\n<meta property=\"og:type\" content=\"article\" \/>\n<meta property=\"og:title\" content=\"Pack ASA 3.0 delantero\/trasero - Bullet Cyb-R\" \/>\n<meta property=\"og:description\" content=\"Kit de repuesto ASA 3.0 completo para los productos RXR Protect Bullet y Cyb-R. Vida \u00fatil: 18-24 meses\" \/>\n<meta property=\"og:url\" content=\"https:\/\/rxrprotect.com\/es\/official-store-es\/piezas-inflables-asa\/pack-asa-3-0-delantero-trasero-bullet-cyb-r\/\" \/>\n<meta property=\"og:site_name\" content=\"RXR Protect\" \/>\n<meta property=\"article:publisher\" content=\"https:\/\/www.facebook.com\/rxrprotectcom\" \/>\n<meta property=\"article:modified_time\" content=\"2026-04-23T14:45:17+00:00\" \/>\n<meta property=\"og:image\" content=\"https:\/\/rxrprotect.com\/wp-content\/uploads\/2026\/04\/ASA3-Bullet_CybR-Pack.webp\" \/>\n\t<meta property=\"og:image:width\" content=\"1500\" \/>\n\t<meta property=\"og:image:height\" content=\"1500\" \/>\n\t<meta property=\"og:image:type\" content=\"image\/webp\" \/>\n<meta name=\"twitter:card\" content=\"summary_large_image\" \/>\n<script type=\"application\/ld+json\" class=\"yoast-schema-graph\">{\"@context\":\"https:\\\/\\\/schema.org\",\"@graph\":[{\"@type\":\"WebPage\",\"@id\":\"https:\\\/\\\/rxrprotect.com\\\/es\\\/official-store-es\\\/piezas-inflables-asa\\\/pack-asa-3-0-delantero-trasero-bullet-cyb-r\\\/\",\"url\":\"https:\\\/\\\/rxrprotect.com\\\/es\\\/official-store-es\\\/piezas-inflables-asa\\\/pack-asa-3-0-delantero-trasero-bullet-cyb-r\\\/\",\"name\":\"Pack ASA 3.0 delantero\\\/trasero - Bullet Cyb-R | RXR Protect\",\"isPartOf\":{\"@id\":\"https:\\\/\\\/rxrprotect.com\\\/es\\\/#website\"},\"primaryImageOfPage\":{\"@id\":\"https:\\\/\\\/rxrprotect.com\\\/es\\\/official-store-es\\\/piezas-inflables-asa\\\/pack-asa-3-0-delantero-trasero-bullet-cyb-r\\\/#primaryimage\"},\"image\":{\"@id\":\"https:\\\/\\\/rxrprotect.com\\\/es\\\/official-store-es\\\/piezas-inflables-asa\\\/pack-asa-3-0-delantero-trasero-bullet-cyb-r\\\/#primaryimage\"},\"thumbnailUrl\":\"https:\\\/\\\/rxrprotect.com\\\/wp-content\\\/uploads\\\/2026\\\/04\\\/ASA3-Bullet_CybR-Pack.webp\",\"datePublished\":\"2026-04-23T09:16:15+00:00\",\"dateModified\":\"2026-04-23T14:45:17+00:00\",\"breadcrumb\":{\"@id\":\"https:\\\/\\\/rxrprotect.com\\\/es\\\/official-store-es\\\/piezas-inflables-asa\\\/pack-asa-3-0-delantero-trasero-bullet-cyb-r\\\/#breadcrumb\"},\"inLanguage\":\"es\",\"potentialAction\":[{\"@type\":\"ReadAction\",\"target\":[\"https:\\\/\\\/rxrprotect.com\\\/es\\\/official-store-es\\\/piezas-inflables-asa\\\/pack-asa-3-0-delantero-trasero-bullet-cyb-r\\\/\"]}]},{\"@type\":\"ImageObject\",\"inLanguage\":\"es\",\"@id\":\"https:\\\/\\\/rxrprotect.com\\\/es\\\/official-store-es\\\/piezas-inflables-asa\\\/pack-asa-3-0-delantero-trasero-bullet-cyb-r\\\/#primaryimage\",\"url\":\"https:\\\/\\\/rxrprotect.com\\\/wp-content\\\/uploads\\\/2026\\\/04\\\/ASA3-Bullet_CybR-Pack.webp\",\"contentUrl\":\"https:\\\/\\\/rxrprotect.com\\\/wp-content\\\/uploads\\\/2026\\\/04\\\/ASA3-Bullet_CybR-Pack.webp\",\"width\":1500,\"height\":1500},{\"@type\":\"BreadcrumbList\",\"@id\":\"https:\\\/\\\/rxrprotect.com\\\/es\\\/official-store-es\\\/piezas-inflables-asa\\\/pack-asa-3-0-delantero-trasero-bullet-cyb-r\\\/#breadcrumb\",\"itemListElement\":[{\"@type\":\"ListItem\",\"position\":1,\"name\":\"Accueil\",\"item\":\"https:\\\/\\\/rxrprotect.com\\\/es\\\/\"},{\"@type\":\"ListItem\",\"position\":2,\"name\":\"Official store\",\"item\":\"https:\\\/\\\/rxrprotect.com\\\/es\\\/official-store-es\\\/\"},{\"@type\":\"ListItem\",\"position\":3,\"name\":\"Pack ASA 3.0 delantero\\\/trasero &#8211; Bullet Cyb-R\"}]},{\"@type\":\"WebSite\",\"@id\":\"https:\\\/\\\/rxrprotect.com\\\/es\\\/#website\",\"url\":\"https:\\\/\\\/rxrprotect.com\\\/es\\\/\",\"name\":\"RXR Protect\",\"description\":\"Pare pierre et protection gonflable pour le motocross, le VTT et tous les sports extr\u00eames.\",\"publisher\":{\"@id\":\"https:\\\/\\\/rxrprotect.com\\\/es\\\/#organization\"},\"alternateName\":\"RXR\",\"potentialAction\":[{\"@type\":\"SearchAction\",\"target\":{\"@type\":\"EntryPoint\",\"urlTemplate\":\"https:\\\/\\\/rxrprotect.com\\\/es\\\/?s={search_term_string}\"},\"query-input\":{\"@type\":\"PropertyValueSpecification\",\"valueRequired\":true,\"valueName\":\"search_term_string\"}}],\"inLanguage\":\"es\"},{\"@type\":\"Organization\",\"@id\":\"https:\\\/\\\/rxrprotect.com\\\/es\\\/#organization\",\"name\":\"RXR Protect\",\"alternateName\":\"RXR\",\"url\":\"https:\\\/\\\/rxrprotect.com\\\/es\\\/\",\"logo\":{\"@type\":\"ImageObject\",\"inLanguage\":\"es\",\"@id\":\"https:\\\/\\\/rxrprotect.com\\\/es\\\/#\\\/schema\\\/logo\\\/image\\\/\",\"url\":\"https:\\\/\\\/rxrprotect.com\\\/wp-content\\\/uploads\\\/2023\\\/10\\\/RXR-Logo-Noir.png\",\"contentUrl\":\"https:\\\/\\\/rxrprotect.com\\\/wp-content\\\/uploads\\\/2023\\\/10\\\/RXR-Logo-Noir.png\",\"width\":500,\"height\":104,\"caption\":\"RXR Protect\"},\"image\":{\"@id\":\"https:\\\/\\\/rxrprotect.com\\\/es\\\/#\\\/schema\\\/logo\\\/image\\\/\"},\"sameAs\":[\"https:\\\/\\\/www.facebook.com\\\/rxrprotectcom\",\"https:\\\/\\\/www.instagram.com\\\/rxrprotect\\\/\",\"https:\\\/\\\/www.tiktok.com\\\/@rxrprotect.com\"],\"email\":\"info@rxrprotect.com\",\"telephone\":\"09 70 24 01 01\",\"legalName\":\"PRO SHOP RXR\",\"vatID\":\"FR05511897548\",\"taxID\":\"51189754800034\",\"numberOfEmployees\":{\"@type\":\"QuantitativeValue\",\"minValue\":\"1\",\"maxValue\":\"10\"},\"hasMerchantReturnPolicy\":{\"@type\":\"MerchantReturnPolicy\",\"merchantReturnLink\":\"https:\\\/\\\/rxrprotect.com\\\/conditions-generales-de-vente\\\/\"}}]}<\/script>\n<meta property=\"og:availability\" content=\"instock\" \/>\n<meta property=\"product:availability\" content=\"instock\" \/>\n<meta property=\"product:condition\" content=\"new\" \/>\n<!-- \/ Yoast SEO Premium plugin. -->","yoast_head_json":{"title":"Pack ASA 3.0 delantero\/trasero - Bullet Cyb-R | RXR Protect","robots":{"index":"index","follow":"follow","max-snippet":"max-snippet:-1","max-image-preview":"max-image-preview:large","max-video-preview":"max-video-preview:-1"},"canonical":"https:\/\/rxrprotect.com\/es\/official-store-es\/piezas-inflables-asa\/pack-asa-3-0-delantero-trasero-bullet-cyb-r\/","og_locale":"es_ES","og_type":"article","og_title":"Pack ASA 3.0 delantero\/trasero - Bullet Cyb-R","og_description":"Kit de repuesto ASA 3.0 completo para los productos RXR Protect Bullet y Cyb-R. Vida \u00fatil: 18-24 meses","og_url":"https:\/\/rxrprotect.com\/es\/official-store-es\/piezas-inflables-asa\/pack-asa-3-0-delantero-trasero-bullet-cyb-r\/","og_site_name":"RXR Protect","article_publisher":"https:\/\/www.facebook.com\/rxrprotectcom","article_modified_time":"2026-04-23T14:45:17+00:00","og_image":[{"width":1500,"height":1500,"url":"https:\/\/rxrprotect.com\/wp-content\/uploads\/2026\/04\/ASA3-Bullet_CybR-Pack.webp","type":"image\/webp"}],"twitter_card":"summary_large_image","schema":{"@context":"https:\/\/schema.org","@graph":[{"@type":"WebPage","@id":"https:\/\/rxrprotect.com\/es\/official-store-es\/piezas-inflables-asa\/pack-asa-3-0-delantero-trasero-bullet-cyb-r\/","url":"https:\/\/rxrprotect.com\/es\/official-store-es\/piezas-inflables-asa\/pack-asa-3-0-delantero-trasero-bullet-cyb-r\/","name":"Pack ASA 3.0 delantero\/trasero - Bullet Cyb-R | RXR Protect","isPartOf":{"@id":"https:\/\/rxrprotect.com\/es\/#website"},"primaryImageOfPage":{"@id":"https:\/\/rxrprotect.com\/es\/official-store-es\/piezas-inflables-asa\/pack-asa-3-0-delantero-trasero-bullet-cyb-r\/#primaryimage"},"image":{"@id":"https:\/\/rxrprotect.com\/es\/official-store-es\/piezas-inflables-asa\/pack-asa-3-0-delantero-trasero-bullet-cyb-r\/#primaryimage"},"thumbnailUrl":"https:\/\/rxrprotect.com\/wp-content\/uploads\/2026\/04\/ASA3-Bullet_CybR-Pack.webp","datePublished":"2026-04-23T09:16:15+00:00","dateModified":"2026-04-23T14:45:17+00:00","breadcrumb":{"@id":"https:\/\/rxrprotect.com\/es\/official-store-es\/piezas-inflables-asa\/pack-asa-3-0-delantero-trasero-bullet-cyb-r\/#breadcrumb"},"inLanguage":"es","potentialAction":[{"@type":"ReadAction","target":["https:\/\/rxrprotect.com\/es\/official-store-es\/piezas-inflables-asa\/pack-asa-3-0-delantero-trasero-bullet-cyb-r\/"]}]},{"@type":"ImageObject","inLanguage":"es","@id":"https:\/\/rxrprotect.com\/es\/official-store-es\/piezas-inflables-asa\/pack-asa-3-0-delantero-trasero-bullet-cyb-r\/#primaryimage","url":"https:\/\/rxrprotect.com\/wp-content\/uploads\/2026\/04\/ASA3-Bullet_CybR-Pack.webp","contentUrl":"https:\/\/rxrprotect.com\/wp-content\/uploads\/2026\/04\/ASA3-Bullet_CybR-Pack.webp","width":1500,"height":1500},{"@type":"BreadcrumbList","@id":"https:\/\/rxrprotect.com\/es\/official-store-es\/piezas-inflables-asa\/pack-asa-3-0-delantero-trasero-bullet-cyb-r\/#breadcrumb","itemListElement":[{"@type":"ListItem","position":1,"name":"Accueil","item":"https:\/\/rxrprotect.com\/es\/"},{"@type":"ListItem","position":2,"name":"Official store","item":"https:\/\/rxrprotect.com\/es\/official-store-es\/"},{"@type":"ListItem","position":3,"name":"Pack ASA 3.0 delantero\/trasero &#8211; Bullet Cyb-R"}]},{"@type":"WebSite","@id":"https:\/\/rxrprotect.com\/es\/#website","url":"https:\/\/rxrprotect.com\/es\/","name":"RXR Protect","description":"Pare pierre et protection gonflable pour le motocross, le VTT et tous les sports extr\u00eames.","publisher":{"@id":"https:\/\/rxrprotect.com\/es\/#organization"},"alternateName":"RXR","potentialAction":[{"@type":"SearchAction","target":{"@type":"EntryPoint","urlTemplate":"https:\/\/rxrprotect.com\/es\/?s={search_term_string}"},"query-input":{"@type":"PropertyValueSpecification","valueRequired":true,"valueName":"search_term_string"}}],"inLanguage":"es"},{"@type":"Organization","@id":"https:\/\/rxrprotect.com\/es\/#organization","name":"RXR Protect","alternateName":"RXR","url":"https:\/\/rxrprotect.com\/es\/","logo":{"@type":"ImageObject","inLanguage":"es","@id":"https:\/\/rxrprotect.com\/es\/#\/schema\/logo\/image\/","url":"https:\/\/rxrprotect.com\/wp-content\/uploads\/2023\/10\/RXR-Logo-Noir.png","contentUrl":"https:\/\/rxrprotect.com\/wp-content\/uploads\/2023\/10\/RXR-Logo-Noir.png","width":500,"height":104,"caption":"RXR Protect"},"image":{"@id":"https:\/\/rxrprotect.com\/es\/#\/schema\/logo\/image\/"},"sameAs":["https:\/\/www.facebook.com\/rxrprotectcom","https:\/\/www.instagram.com\/rxrprotect\/","https:\/\/www.tiktok.com\/@rxrprotect.com"],"email":"info@rxrprotect.com","telephone":"09 70 24 01 01","legalName":"PRO SHOP RXR","vatID":"FR05511897548","taxID":"51189754800034","numberOfEmployees":{"@type":"QuantitativeValue","minValue":"1","maxValue":"10"},"hasMerchantReturnPolicy":{"@type":"MerchantReturnPolicy","merchantReturnLink":"https:\/\/rxrprotect.com\/conditions-generales-de-vente\/"}}]},"og_availability":"instock","product_availability":"instock","product_condition":"new"},"_links":{"self":[{"href":"https:\/\/rxrprotect.com\/es\/wp-json\/wp\/v2\/product\/61082","targetHints":{"allow":["GET"]}}],"collection":[{"href":"https:\/\/rxrprotect.com\/es\/wp-json\/wp\/v2\/product"}],"about":[{"href":"https:\/\/rxrprotect.com\/es\/wp-json\/wp\/v2\/types\/product"}],"version-history":[{"count":1,"href":"https:\/\/rxrprotect.com\/es\/wp-json\/wp\/v2\/product\/61082\/revisions"}],"predecessor-version":[{"id":61122,"href":"https:\/\/rxrprotect.com\/es\/wp-json\/wp\/v2\/product\/61082\/revisions\/61122"}],"wp:featuredmedia":[{"embeddable":true,"href":"https:\/\/rxrprotect.com\/es\/wp-json\/wp\/v2\/media\/61037"}],"wp:attachment":[{"href":"https:\/\/rxrprotect.com\/es\/wp-json\/wp\/v2\/media?parent=61082"}],"wp:term":[{"taxonomy":"product_brand","embeddable":true,"href":"https:\/\/rxrprotect.com\/es\/wp-json\/wp\/v2\/product_brand?post=61082"},{"taxonomy":"product_cat","embeddable":true,"href":"https:\/\/rxrprotect.com\/es\/wp-json\/wp\/v2\/product_cat?post=61082"},{"taxonomy":"product_tag","embeddable":true,"href":"https:\/\/rxrprotect.com\/es\/wp-json\/wp\/v2\/product_tag?post=61082"}],"curies":[{"name":"wp","href":"https:\/\/api.w.org\/{rel}","templated":true}]}}