{"id":60034,"date":"2026-03-05T16:44:46","date_gmt":"2026-03-05T15:44:46","guid":{"rendered":"https:\/\/rxrprotect.com\/?post_type=product&#038;p=60034"},"modified":"2026-03-05T19:34:19","modified_gmt":"2026-03-05T18:34:19","slug":"r-pro-2-race","status":"publish","type":"product","link":"https:\/\/rxrprotect.com\/es\/official-store-es\/chaleco-de-proteccion\/r-pro-2-race\/","title":{"rendered":"R-Pro 2 &#8211; Race"},"content":{"rendered":"<p data-start=\"182\" data-end=\"254\"><strong data-start=\"186\" data-end=\"254\">R-Pro 2 &#8211; La m\u00e1xima innovaci\u00f3n en protecci\u00f3n inflable<\/strong><\/p>\n<p class=\"\" data-start=\"256\" data-end=\"551\">Fruto de 5 a\u00f1os de investigaci\u00f3n y pruebas sobre el terreno, el <strong data-start=\"317\" data-end=\"328\">R-Pro 2<\/strong> encarna lo \u00faltimo en protecci\u00f3n. Dise\u00f1ado para superar los l\u00edmites de la seguridad al tiempo que ofrece un confort excepcional, se ha convertido en la referencia de los chalecos de protecci\u00f3n de gama alta. <\/p>\n<p class=\"\" data-start=\"553\" data-end=\"964\">Gracias a la tecnolog\u00eda <strong data-start=\"576\" data-end=\"608\">ASA 3.0 (Air Shock Absorber)<\/strong>, el R-Pro 2 est\u00e1 equipado con un coj\u00edn de aire que siempre est\u00e1 inflado, actuando como un aut\u00e9ntico airbag sin dispararse. La protecci\u00f3n es inmediata, constante y controlada. Este sistema autoinflable, que puede reutilizarse y no requiere un mantenimiento complejo, incorpora ahora un chip <strong data-start=\"869\" data-end=\"876\">NFC<\/strong> para <strong data-start=\"891\" data-end=\"926\">controlar con precisi\u00f3n la vida \u00fatil de tus cojines<\/strong> a trav\u00e9s de tu smartphone.  <\/p>\n<p class=\"\" data-start=\"966\" data-end=\"1210\">En t\u00e9rminos de comodidad, el chasis ha sido completamente redise\u00f1ado con <strong data-start=\"1026\" data-end=\"1052\">espuma no newtoniana<\/strong> de alto rendimiento que se adapta a la forma de tu cuerpo. Ligera, flexible y ultraprotectora, la R-Pro 2 se siente como una <strong data-start=\"1193\" data-end=\"1209\">segunda piel<\/strong> en pocos minutos. <\/p>\n<p class=\"\" data-start=\"1212\" data-end=\"1498\">Cada detalle ha sido cuidadosamente pensado: <strong data-start=\"1254\" data-end=\"1279\">ventilaci\u00f3n optimizada<\/strong>, <strong data-start=\"1281\" data-end=\"1303\">correas ajustables<\/strong>, <strong data-start=\"1305\" data-end=\"1323\">dise\u00f1o moderno<\/strong> y <strong data-start=\"1327\" data-end=\"1357\">posicionamiento ergon\u00f3mico<\/strong>. Para los pilotos que deseen la m\u00e1xima protecci\u00f3n, hay disponibles como opci\u00f3n <strong data-start=\"1416\" data-end=\"1437\">almohadillas laterales R2O<\/strong> para reforzar la zona de las costillas. <\/p>\n<p class=\"\" data-start=\"1500\" data-end=\"1668\">El <strong data-start=\"1503\" data-end=\"1514\">R-Pro 2<\/strong> es mucho m\u00e1s que un chaleco: es una fusi\u00f3n de tecnolog\u00eda, dise\u00f1o y rendimiento, pensada para los que quieren lo mejor.<\/p>\n","protected":false},"excerpt":{"rendered":"<p>Descubra el R-Pro 2, el \u00faltimo chaleco protector motocross de RXR Protect, dise\u00f1ado para ofrecer una seguridad y un confort inigualables.<\/p>\n","protected":false},"featured_media":60021,"template":"","meta":{"_acf_changed":false},"product_brand":[959],"product_cat":[590,593],"product_tag":[782,932],"class_list":{"0":"post-60034","1":"product","2":"type-product","3":"status-publish","4":"has-post-thumbnail","6":"product_brand-rxr-protect","7":"product_cat-chaleco-de-proteccion","8":"product_cat-r-pro-es","9":"product_tag-avec-kit-deco-es","10":"product_tag-r-pro2-es","12":"first","13":"instock","14":"taxable","15":"shipping-taxable","16":"purchasable","17":"product-type-variable"},"acf":[],"yoast_head":"<!-- This site is optimized with the Yoast SEO Premium plugin v25.1 (Yoast SEO v27.3) - https:\/\/yoast.com\/product\/yoast-seo-premium-wordpress\/ -->\n<title>Chaleco protector para motocross R-Pro 2 Carbon | RXR Protect<\/title>\n<meta name=\"description\" content=\"Descubra nuestro nuevo chaleco protector motocross R-Pro 2, \u00a1revolucionario en su campo! Un nivel de protecci\u00f3n extraordinario para todos los deportes de alto riesgo.\" \/>\n<meta name=\"robots\" content=\"index, follow, max-snippet:-1, max-image-preview:large, max-video-preview:-1\" \/>\n<link rel=\"canonical\" href=\"https:\/\/rxrprotect.com\/es\/official-store-es\/chaleco-de-proteccion\/r-pro-2-race\/\" \/>\n<meta property=\"og:locale\" content=\"es_ES\" \/>\n<meta property=\"og:type\" content=\"article\" \/>\n<meta property=\"og:title\" content=\"R-Pro 2 - Race\" \/>\n<meta property=\"og:description\" content=\"Descubra nuestro nuevo chaleco protector motocross R-Pro 2, \u00a1revolucionario en su campo! Un nivel de protecci\u00f3n extraordinario para todos los deportes de alto riesgo.\" \/>\n<meta property=\"og:url\" content=\"https:\/\/rxrprotect.com\/es\/official-store-es\/chaleco-de-proteccion\/r-pro-2-race\/\" \/>\n<meta property=\"og:site_name\" content=\"RXR Protect\" \/>\n<meta property=\"article:publisher\" content=\"https:\/\/www.facebook.com\/rxrprotectcom\" \/>\n<meta property=\"article:modified_time\" content=\"2026-03-05T18:34:19+00:00\" \/>\n<meta property=\"og:image\" content=\"https:\/\/rxrprotect.com\/wp-content\/uploads\/2026\/03\/RPro-Race-Red-Face.webp\" \/>\n\t<meta property=\"og:image:width\" content=\"1500\" \/>\n\t<meta property=\"og:image:height\" content=\"1500\" \/>\n\t<meta property=\"og:image:type\" content=\"image\/webp\" \/>\n<meta name=\"twitter:card\" content=\"summary_large_image\" \/>\n<script type=\"application\/ld+json\" class=\"yoast-schema-graph\">{\"@context\":\"https:\\\/\\\/schema.org\",\"@graph\":[{\"@type\":\"WebPage\",\"@id\":\"https:\\\/\\\/rxrprotect.com\\\/es\\\/official-store-es\\\/chaleco-de-proteccion\\\/r-pro-2-race\\\/\",\"url\":\"https:\\\/\\\/rxrprotect.com\\\/es\\\/official-store-es\\\/chaleco-de-proteccion\\\/r-pro-2-race\\\/\",\"name\":\"Chaleco protector para motocross R-Pro 2 Carbon | RXR Protect\",\"isPartOf\":{\"@id\":\"https:\\\/\\\/rxrprotect.com\\\/es\\\/#website\"},\"primaryImageOfPage\":{\"@id\":\"https:\\\/\\\/rxrprotect.com\\\/es\\\/official-store-es\\\/chaleco-de-proteccion\\\/r-pro-2-race\\\/#primaryimage\"},\"image\":{\"@id\":\"https:\\\/\\\/rxrprotect.com\\\/es\\\/official-store-es\\\/chaleco-de-proteccion\\\/r-pro-2-race\\\/#primaryimage\"},\"thumbnailUrl\":\"https:\\\/\\\/rxrprotect.com\\\/wp-content\\\/uploads\\\/2026\\\/03\\\/RPro-Race-Red-Face.webp\",\"datePublished\":\"2026-03-05T15:44:46+00:00\",\"dateModified\":\"2026-03-05T18:34:19+00:00\",\"description\":\"Descubra nuestro nuevo chaleco protector motocross R-Pro 2, \u00a1revolucionario en su campo! Un nivel de protecci\u00f3n extraordinario para todos los deportes de alto riesgo.\",\"breadcrumb\":{\"@id\":\"https:\\\/\\\/rxrprotect.com\\\/es\\\/official-store-es\\\/chaleco-de-proteccion\\\/r-pro-2-race\\\/#breadcrumb\"},\"inLanguage\":\"es\",\"potentialAction\":[{\"@type\":\"ReadAction\",\"target\":[\"https:\\\/\\\/rxrprotect.com\\\/es\\\/official-store-es\\\/chaleco-de-proteccion\\\/r-pro-2-race\\\/\"]}]},{\"@type\":\"ImageObject\",\"inLanguage\":\"es\",\"@id\":\"https:\\\/\\\/rxrprotect.com\\\/es\\\/official-store-es\\\/chaleco-de-proteccion\\\/r-pro-2-race\\\/#primaryimage\",\"url\":\"https:\\\/\\\/rxrprotect.com\\\/wp-content\\\/uploads\\\/2026\\\/03\\\/RPro-Race-Red-Face.webp\",\"contentUrl\":\"https:\\\/\\\/rxrprotect.com\\\/wp-content\\\/uploads\\\/2026\\\/03\\\/RPro-Race-Red-Face.webp\",\"width\":1500,\"height\":1500},{\"@type\":\"BreadcrumbList\",\"@id\":\"https:\\\/\\\/rxrprotect.com\\\/es\\\/official-store-es\\\/chaleco-de-proteccion\\\/r-pro-2-race\\\/#breadcrumb\",\"itemListElement\":[{\"@type\":\"ListItem\",\"position\":1,\"name\":\"Accueil\",\"item\":\"https:\\\/\\\/rxrprotect.com\\\/es\\\/\"},{\"@type\":\"ListItem\",\"position\":2,\"name\":\"Official store\",\"item\":\"https:\\\/\\\/rxrprotect.com\\\/es\\\/official-store-es\\\/\"},{\"@type\":\"ListItem\",\"position\":3,\"name\":\"R-Pro 2 &#8211; Race\"}]},{\"@type\":\"WebSite\",\"@id\":\"https:\\\/\\\/rxrprotect.com\\\/es\\\/#website\",\"url\":\"https:\\\/\\\/rxrprotect.com\\\/es\\\/\",\"name\":\"RXR Protect\",\"description\":\"Pare pierre et protection gonflable pour le motocross, le VTT et tous les sports extr\u00eames.\",\"publisher\":{\"@id\":\"https:\\\/\\\/rxrprotect.com\\\/es\\\/#organization\"},\"alternateName\":\"RXR\",\"potentialAction\":[{\"@type\":\"SearchAction\",\"target\":{\"@type\":\"EntryPoint\",\"urlTemplate\":\"https:\\\/\\\/rxrprotect.com\\\/es\\\/?s={search_term_string}\"},\"query-input\":{\"@type\":\"PropertyValueSpecification\",\"valueRequired\":true,\"valueName\":\"search_term_string\"}}],\"inLanguage\":\"es\"},{\"@type\":\"Organization\",\"@id\":\"https:\\\/\\\/rxrprotect.com\\\/es\\\/#organization\",\"name\":\"RXR Protect\",\"alternateName\":\"RXR\",\"url\":\"https:\\\/\\\/rxrprotect.com\\\/es\\\/\",\"logo\":{\"@type\":\"ImageObject\",\"inLanguage\":\"es\",\"@id\":\"https:\\\/\\\/rxrprotect.com\\\/es\\\/#\\\/schema\\\/logo\\\/image\\\/\",\"url\":\"https:\\\/\\\/rxrprotect.com\\\/wp-content\\\/uploads\\\/2023\\\/10\\\/RXR-Logo-Noir.png\",\"contentUrl\":\"https:\\\/\\\/rxrprotect.com\\\/wp-content\\\/uploads\\\/2023\\\/10\\\/RXR-Logo-Noir.png\",\"width\":500,\"height\":104,\"caption\":\"RXR Protect\"},\"image\":{\"@id\":\"https:\\\/\\\/rxrprotect.com\\\/es\\\/#\\\/schema\\\/logo\\\/image\\\/\"},\"sameAs\":[\"https:\\\/\\\/www.facebook.com\\\/rxrprotectcom\",\"https:\\\/\\\/www.instagram.com\\\/rxrprotect\\\/\",\"https:\\\/\\\/www.tiktok.com\\\/@rxrprotect.com\"],\"email\":\"info@rxrprotect.com\",\"telephone\":\"09 70 24 01 01\",\"legalName\":\"PRO SHOP RXR\",\"vatID\":\"FR05511897548\",\"taxID\":\"51189754800034\",\"numberOfEmployees\":{\"@type\":\"QuantitativeValue\",\"minValue\":\"1\",\"maxValue\":\"10\"},\"hasMerchantReturnPolicy\":{\"@type\":\"MerchantReturnPolicy\",\"merchantReturnLink\":\"https:\\\/\\\/rxrprotect.com\\\/conditions-generales-de-vente\\\/\"}}]}<\/script>\n<meta property=\"og:availability\" content=\"instock\" \/>\n<meta property=\"product:availability\" content=\"instock\" \/>\n<meta property=\"product:condition\" content=\"new\" \/>\n<!-- \/ Yoast SEO Premium plugin. -->","yoast_head_json":{"title":"Chaleco protector para motocross R-Pro 2 Carbon | RXR Protect","description":"Descubra nuestro nuevo chaleco protector motocross R-Pro 2, \u00a1revolucionario en su campo! Un nivel de protecci\u00f3n extraordinario para todos los deportes de alto riesgo.","robots":{"index":"index","follow":"follow","max-snippet":"max-snippet:-1","max-image-preview":"max-image-preview:large","max-video-preview":"max-video-preview:-1"},"canonical":"https:\/\/rxrprotect.com\/es\/official-store-es\/chaleco-de-proteccion\/r-pro-2-race\/","og_locale":"es_ES","og_type":"article","og_title":"R-Pro 2 - Race","og_description":"Descubra nuestro nuevo chaleco protector motocross R-Pro 2, \u00a1revolucionario en su campo! Un nivel de protecci\u00f3n extraordinario para todos los deportes de alto riesgo.","og_url":"https:\/\/rxrprotect.com\/es\/official-store-es\/chaleco-de-proteccion\/r-pro-2-race\/","og_site_name":"RXR Protect","article_publisher":"https:\/\/www.facebook.com\/rxrprotectcom","article_modified_time":"2026-03-05T18:34:19+00:00","og_image":[{"width":1500,"height":1500,"url":"https:\/\/rxrprotect.com\/wp-content\/uploads\/2026\/03\/RPro-Race-Red-Face.webp","type":"image\/webp"}],"twitter_card":"summary_large_image","schema":{"@context":"https:\/\/schema.org","@graph":[{"@type":"WebPage","@id":"https:\/\/rxrprotect.com\/es\/official-store-es\/chaleco-de-proteccion\/r-pro-2-race\/","url":"https:\/\/rxrprotect.com\/es\/official-store-es\/chaleco-de-proteccion\/r-pro-2-race\/","name":"Chaleco protector para motocross R-Pro 2 Carbon | RXR Protect","isPartOf":{"@id":"https:\/\/rxrprotect.com\/es\/#website"},"primaryImageOfPage":{"@id":"https:\/\/rxrprotect.com\/es\/official-store-es\/chaleco-de-proteccion\/r-pro-2-race\/#primaryimage"},"image":{"@id":"https:\/\/rxrprotect.com\/es\/official-store-es\/chaleco-de-proteccion\/r-pro-2-race\/#primaryimage"},"thumbnailUrl":"https:\/\/rxrprotect.com\/wp-content\/uploads\/2026\/03\/RPro-Race-Red-Face.webp","datePublished":"2026-03-05T15:44:46+00:00","dateModified":"2026-03-05T18:34:19+00:00","description":"Descubra nuestro nuevo chaleco protector motocross R-Pro 2, \u00a1revolucionario en su campo! Un nivel de protecci\u00f3n extraordinario para todos los deportes de alto riesgo.","breadcrumb":{"@id":"https:\/\/rxrprotect.com\/es\/official-store-es\/chaleco-de-proteccion\/r-pro-2-race\/#breadcrumb"},"inLanguage":"es","potentialAction":[{"@type":"ReadAction","target":["https:\/\/rxrprotect.com\/es\/official-store-es\/chaleco-de-proteccion\/r-pro-2-race\/"]}]},{"@type":"ImageObject","inLanguage":"es","@id":"https:\/\/rxrprotect.com\/es\/official-store-es\/chaleco-de-proteccion\/r-pro-2-race\/#primaryimage","url":"https:\/\/rxrprotect.com\/wp-content\/uploads\/2026\/03\/RPro-Race-Red-Face.webp","contentUrl":"https:\/\/rxrprotect.com\/wp-content\/uploads\/2026\/03\/RPro-Race-Red-Face.webp","width":1500,"height":1500},{"@type":"BreadcrumbList","@id":"https:\/\/rxrprotect.com\/es\/official-store-es\/chaleco-de-proteccion\/r-pro-2-race\/#breadcrumb","itemListElement":[{"@type":"ListItem","position":1,"name":"Accueil","item":"https:\/\/rxrprotect.com\/es\/"},{"@type":"ListItem","position":2,"name":"Official store","item":"https:\/\/rxrprotect.com\/es\/official-store-es\/"},{"@type":"ListItem","position":3,"name":"R-Pro 2 &#8211; Race"}]},{"@type":"WebSite","@id":"https:\/\/rxrprotect.com\/es\/#website","url":"https:\/\/rxrprotect.com\/es\/","name":"RXR Protect","description":"Pare pierre et protection gonflable pour le motocross, le VTT et tous les sports extr\u00eames.","publisher":{"@id":"https:\/\/rxrprotect.com\/es\/#organization"},"alternateName":"RXR","potentialAction":[{"@type":"SearchAction","target":{"@type":"EntryPoint","urlTemplate":"https:\/\/rxrprotect.com\/es\/?s={search_term_string}"},"query-input":{"@type":"PropertyValueSpecification","valueRequired":true,"valueName":"search_term_string"}}],"inLanguage":"es"},{"@type":"Organization","@id":"https:\/\/rxrprotect.com\/es\/#organization","name":"RXR Protect","alternateName":"RXR","url":"https:\/\/rxrprotect.com\/es\/","logo":{"@type":"ImageObject","inLanguage":"es","@id":"https:\/\/rxrprotect.com\/es\/#\/schema\/logo\/image\/","url":"https:\/\/rxrprotect.com\/wp-content\/uploads\/2023\/10\/RXR-Logo-Noir.png","contentUrl":"https:\/\/rxrprotect.com\/wp-content\/uploads\/2023\/10\/RXR-Logo-Noir.png","width":500,"height":104,"caption":"RXR Protect"},"image":{"@id":"https:\/\/rxrprotect.com\/es\/#\/schema\/logo\/image\/"},"sameAs":["https:\/\/www.facebook.com\/rxrprotectcom","https:\/\/www.instagram.com\/rxrprotect\/","https:\/\/www.tiktok.com\/@rxrprotect.com"],"email":"info@rxrprotect.com","telephone":"09 70 24 01 01","legalName":"PRO SHOP RXR","vatID":"FR05511897548","taxID":"51189754800034","numberOfEmployees":{"@type":"QuantitativeValue","minValue":"1","maxValue":"10"},"hasMerchantReturnPolicy":{"@type":"MerchantReturnPolicy","merchantReturnLink":"https:\/\/rxrprotect.com\/conditions-generales-de-vente\/"}}]},"og_availability":"instock","product_availability":"instock","product_condition":"new"},"_links":{"self":[{"href":"https:\/\/rxrprotect.com\/es\/wp-json\/wp\/v2\/product\/60034","targetHints":{"allow":["GET"]}}],"collection":[{"href":"https:\/\/rxrprotect.com\/es\/wp-json\/wp\/v2\/product"}],"about":[{"href":"https:\/\/rxrprotect.com\/es\/wp-json\/wp\/v2\/types\/product"}],"version-history":[{"count":0,"href":"https:\/\/rxrprotect.com\/es\/wp-json\/wp\/v2\/product\/60034\/revisions"}],"wp:featuredmedia":[{"embeddable":true,"href":"https:\/\/rxrprotect.com\/es\/wp-json\/wp\/v2\/media\/60021"}],"wp:attachment":[{"href":"https:\/\/rxrprotect.com\/es\/wp-json\/wp\/v2\/media?parent=60034"}],"wp:term":[{"taxonomy":"product_brand","embeddable":true,"href":"https:\/\/rxrprotect.com\/es\/wp-json\/wp\/v2\/product_brand?post=60034"},{"taxonomy":"product_cat","embeddable":true,"href":"https:\/\/rxrprotect.com\/es\/wp-json\/wp\/v2\/product_cat?post=60034"},{"taxonomy":"product_tag","embeddable":true,"href":"https:\/\/rxrprotect.com\/es\/wp-json\/wp\/v2\/product_tag?post=60034"}],"curies":[{"name":"wp","href":"https:\/\/api.w.org\/{rel}","templated":true}]}}