{"id":23091,"date":"2023-11-15T10:52:39","date_gmt":"2023-11-15T09:52:39","guid":{"rendered":"https:\/\/rxrprotect.com\/boutique\/sin%20categor\u00eda\/correas-para-los-hombros\/"},"modified":"2025-08-14T10:59:43","modified_gmt":"2025-08-14T08:59:43","slug":"correas-para-los-hombros","status":"publish","type":"product","link":"https:\/\/rxrprotect.com\/es\/official-store-es\/piezas-de-repuesto\/piezas-air2mx\/correas-para-los-hombros\/","title":{"rendered":"Correas para los hombros"},"content":{"rendered":"<p>El kit de correas te permite sustituir las correas para ajustar el tama\u00f1o de tu producto, garantizando una protecci\u00f3n \u00f3ptima.<\/p>\n","protected":false},"excerpt":{"rendered":"<p>El kit de correas te permite sustituir las correas para ajustar el tama\u00f1o de tu producto, garantizando una protecci\u00f3n \u00f3ptima.<\/p>\n","protected":false},"featured_media":23104,"template":"","meta":{"_acf_changed":false},"product_brand":[],"product_cat":[154,151,152,24,153],"product_tag":[],"class_list":{"0":"post-23091","1":"product","2":"type-product","3":"status-publish","4":"has-post-thumbnail","6":"product_cat-pieces-air2mx","7":"product_cat-pieces-bullet","8":"product_cat-pieces-cyb-r","9":"product_cat-pieces-detachees","10":"product_cat-pieces-r-pro","12":"first","13":"instock","14":"taxable","15":"shipping-taxable","16":"purchasable","17":"product-type-variable"},"acf":[],"yoast_head":"<!-- This site is optimized with the Yoast SEO Premium plugin v25.1 (Yoast SEO v27.3) - https:\/\/yoast.com\/product\/yoast-seo-premium-wordpress\/ -->\n<title>Correas para los hombros | RXR Protect<\/title>\n<meta name=\"robots\" content=\"index, follow, max-snippet:-1, max-image-preview:large, max-video-preview:-1\" \/>\n<link rel=\"canonical\" href=\"https:\/\/rxrprotect.com\/es\/official-store-es\/piezas-de-repuesto\/piezas-air2mx\/correas-para-los-hombros\/\" \/>\n<meta property=\"og:locale\" content=\"es_ES\" \/>\n<meta property=\"og:type\" content=\"article\" \/>\n<meta property=\"og:title\" content=\"Correas para los hombros\" \/>\n<meta property=\"og:description\" content=\"El kit de correas te permite sustituir las correas para ajustar el tama\u00f1o de tu producto, garantizando una protecci\u00f3n \u00f3ptima.\" \/>\n<meta property=\"og:url\" content=\"https:\/\/rxrprotect.com\/es\/official-store-es\/piezas-de-repuesto\/piezas-air2mx\/correas-para-los-hombros\/\" \/>\n<meta property=\"og:site_name\" content=\"RXR Protect\" \/>\n<meta property=\"article:publisher\" content=\"https:\/\/www.facebook.com\/rxrprotectcom\" \/>\n<meta property=\"article:modified_time\" content=\"2025-08-14T08:59:43+00:00\" \/>\n<meta property=\"og:image\" content=\"https:\/\/rxrprotect.com\/wp-content\/uploads\/2023\/11\/STRAPEPAULE-rpro-bullet-cybr_air2mx.jpg\" \/>\n\t<meta property=\"og:image:width\" content=\"1500\" \/>\n\t<meta property=\"og:image:height\" content=\"1500\" \/>\n\t<meta property=\"og:image:type\" content=\"image\/jpeg\" \/>\n<meta name=\"twitter:card\" content=\"summary_large_image\" \/>\n<script type=\"application\/ld+json\" class=\"yoast-schema-graph\">{\"@context\":\"https:\\\/\\\/schema.org\",\"@graph\":[{\"@type\":\"WebPage\",\"@id\":\"https:\\\/\\\/rxrprotect.com\\\/es\\\/official-store-es\\\/piezas-de-repuesto\\\/piezas-air2mx\\\/correas-para-los-hombros\\\/\",\"url\":\"https:\\\/\\\/rxrprotect.com\\\/es\\\/official-store-es\\\/piezas-de-repuesto\\\/piezas-air2mx\\\/correas-para-los-hombros\\\/\",\"name\":\"Correas para los hombros | RXR Protect\",\"isPartOf\":{\"@id\":\"https:\\\/\\\/rxrprotect.com\\\/es\\\/#website\"},\"primaryImageOfPage\":{\"@id\":\"https:\\\/\\\/rxrprotect.com\\\/es\\\/official-store-es\\\/piezas-de-repuesto\\\/piezas-air2mx\\\/correas-para-los-hombros\\\/#primaryimage\"},\"image\":{\"@id\":\"https:\\\/\\\/rxrprotect.com\\\/es\\\/official-store-es\\\/piezas-de-repuesto\\\/piezas-air2mx\\\/correas-para-los-hombros\\\/#primaryimage\"},\"thumbnailUrl\":\"https:\\\/\\\/rxrprotect.com\\\/wp-content\\\/uploads\\\/2023\\\/11\\\/STRAPEPAULE-rpro-bullet-cybr_air2mx.jpg\",\"datePublished\":\"2023-11-15T09:52:39+00:00\",\"dateModified\":\"2025-08-14T08:59:43+00:00\",\"breadcrumb\":{\"@id\":\"https:\\\/\\\/rxrprotect.com\\\/es\\\/official-store-es\\\/piezas-de-repuesto\\\/piezas-air2mx\\\/correas-para-los-hombros\\\/#breadcrumb\"},\"inLanguage\":\"es\",\"potentialAction\":[{\"@type\":\"ReadAction\",\"target\":[\"https:\\\/\\\/rxrprotect.com\\\/es\\\/official-store-es\\\/piezas-de-repuesto\\\/piezas-air2mx\\\/correas-para-los-hombros\\\/\"]}]},{\"@type\":\"ImageObject\",\"inLanguage\":\"es\",\"@id\":\"https:\\\/\\\/rxrprotect.com\\\/es\\\/official-store-es\\\/piezas-de-repuesto\\\/piezas-air2mx\\\/correas-para-los-hombros\\\/#primaryimage\",\"url\":\"https:\\\/\\\/rxrprotect.com\\\/wp-content\\\/uploads\\\/2023\\\/11\\\/STRAPEPAULE-rpro-bullet-cybr_air2mx.jpg\",\"contentUrl\":\"https:\\\/\\\/rxrprotect.com\\\/wp-content\\\/uploads\\\/2023\\\/11\\\/STRAPEPAULE-rpro-bullet-cybr_air2mx.jpg\",\"width\":1500,\"height\":1500},{\"@type\":\"BreadcrumbList\",\"@id\":\"https:\\\/\\\/rxrprotect.com\\\/es\\\/official-store-es\\\/piezas-de-repuesto\\\/piezas-air2mx\\\/correas-para-los-hombros\\\/#breadcrumb\",\"itemListElement\":[{\"@type\":\"ListItem\",\"position\":1,\"name\":\"Accueil\",\"item\":\"https:\\\/\\\/rxrprotect.com\\\/es\\\/\"},{\"@type\":\"ListItem\",\"position\":2,\"name\":\"Official store\",\"item\":\"https:\\\/\\\/rxrprotect.com\\\/es\\\/official-store-es\\\/\"},{\"@type\":\"ListItem\",\"position\":3,\"name\":\"Correas para los hombros\"}]},{\"@type\":\"WebSite\",\"@id\":\"https:\\\/\\\/rxrprotect.com\\\/es\\\/#website\",\"url\":\"https:\\\/\\\/rxrprotect.com\\\/es\\\/\",\"name\":\"RXR Protect\",\"description\":\"Pare pierre et protection gonflable pour le motocross, le VTT et tous les sports extr\u00eames.\",\"publisher\":{\"@id\":\"https:\\\/\\\/rxrprotect.com\\\/es\\\/#organization\"},\"alternateName\":\"RXR\",\"potentialAction\":[{\"@type\":\"SearchAction\",\"target\":{\"@type\":\"EntryPoint\",\"urlTemplate\":\"https:\\\/\\\/rxrprotect.com\\\/es\\\/?s={search_term_string}\"},\"query-input\":{\"@type\":\"PropertyValueSpecification\",\"valueRequired\":true,\"valueName\":\"search_term_string\"}}],\"inLanguage\":\"es\"},{\"@type\":\"Organization\",\"@id\":\"https:\\\/\\\/rxrprotect.com\\\/es\\\/#organization\",\"name\":\"RXR Protect\",\"alternateName\":\"RXR\",\"url\":\"https:\\\/\\\/rxrprotect.com\\\/es\\\/\",\"logo\":{\"@type\":\"ImageObject\",\"inLanguage\":\"es\",\"@id\":\"https:\\\/\\\/rxrprotect.com\\\/es\\\/#\\\/schema\\\/logo\\\/image\\\/\",\"url\":\"https:\\\/\\\/rxrprotect.com\\\/wp-content\\\/uploads\\\/2023\\\/10\\\/RXR-Logo-Noir.png\",\"contentUrl\":\"https:\\\/\\\/rxrprotect.com\\\/wp-content\\\/uploads\\\/2023\\\/10\\\/RXR-Logo-Noir.png\",\"width\":500,\"height\":104,\"caption\":\"RXR Protect\"},\"image\":{\"@id\":\"https:\\\/\\\/rxrprotect.com\\\/es\\\/#\\\/schema\\\/logo\\\/image\\\/\"},\"sameAs\":[\"https:\\\/\\\/www.facebook.com\\\/rxrprotectcom\",\"https:\\\/\\\/www.instagram.com\\\/rxrprotect\\\/\",\"https:\\\/\\\/www.tiktok.com\\\/@rxrprotect.com\"],\"email\":\"info@rxrprotect.com\",\"telephone\":\"09 70 24 01 01\",\"legalName\":\"PRO SHOP RXR\",\"vatID\":\"FR05511897548\",\"taxID\":\"51189754800034\",\"numberOfEmployees\":{\"@type\":\"QuantitativeValue\",\"minValue\":\"1\",\"maxValue\":\"10\"},\"hasMerchantReturnPolicy\":{\"@type\":\"MerchantReturnPolicy\",\"merchantReturnLink\":\"https:\\\/\\\/rxrprotect.com\\\/conditions-generales-de-vente\\\/\"}}]}<\/script>\n<meta property=\"og:availability\" content=\"instock\" \/>\n<meta property=\"product:availability\" content=\"instock\" \/>\n<meta property=\"product:condition\" content=\"new\" \/>\n<!-- \/ Yoast SEO Premium plugin. -->","yoast_head_json":{"title":"Correas para los hombros | RXR Protect","robots":{"index":"index","follow":"follow","max-snippet":"max-snippet:-1","max-image-preview":"max-image-preview:large","max-video-preview":"max-video-preview:-1"},"canonical":"https:\/\/rxrprotect.com\/es\/official-store-es\/piezas-de-repuesto\/piezas-air2mx\/correas-para-los-hombros\/","og_locale":"es_ES","og_type":"article","og_title":"Correas para los hombros","og_description":"El kit de correas te permite sustituir las correas para ajustar el tama\u00f1o de tu producto, garantizando una protecci\u00f3n \u00f3ptima.","og_url":"https:\/\/rxrprotect.com\/es\/official-store-es\/piezas-de-repuesto\/piezas-air2mx\/correas-para-los-hombros\/","og_site_name":"RXR Protect","article_publisher":"https:\/\/www.facebook.com\/rxrprotectcom","article_modified_time":"2025-08-14T08:59:43+00:00","og_image":[{"width":1500,"height":1500,"url":"https:\/\/rxrprotect.com\/wp-content\/uploads\/2023\/11\/STRAPEPAULE-rpro-bullet-cybr_air2mx.jpg","type":"image\/jpeg"}],"twitter_card":"summary_large_image","schema":{"@context":"https:\/\/schema.org","@graph":[{"@type":"WebPage","@id":"https:\/\/rxrprotect.com\/es\/official-store-es\/piezas-de-repuesto\/piezas-air2mx\/correas-para-los-hombros\/","url":"https:\/\/rxrprotect.com\/es\/official-store-es\/piezas-de-repuesto\/piezas-air2mx\/correas-para-los-hombros\/","name":"Correas para los hombros | RXR Protect","isPartOf":{"@id":"https:\/\/rxrprotect.com\/es\/#website"},"primaryImageOfPage":{"@id":"https:\/\/rxrprotect.com\/es\/official-store-es\/piezas-de-repuesto\/piezas-air2mx\/correas-para-los-hombros\/#primaryimage"},"image":{"@id":"https:\/\/rxrprotect.com\/es\/official-store-es\/piezas-de-repuesto\/piezas-air2mx\/correas-para-los-hombros\/#primaryimage"},"thumbnailUrl":"https:\/\/rxrprotect.com\/wp-content\/uploads\/2023\/11\/STRAPEPAULE-rpro-bullet-cybr_air2mx.jpg","datePublished":"2023-11-15T09:52:39+00:00","dateModified":"2025-08-14T08:59:43+00:00","breadcrumb":{"@id":"https:\/\/rxrprotect.com\/es\/official-store-es\/piezas-de-repuesto\/piezas-air2mx\/correas-para-los-hombros\/#breadcrumb"},"inLanguage":"es","potentialAction":[{"@type":"ReadAction","target":["https:\/\/rxrprotect.com\/es\/official-store-es\/piezas-de-repuesto\/piezas-air2mx\/correas-para-los-hombros\/"]}]},{"@type":"ImageObject","inLanguage":"es","@id":"https:\/\/rxrprotect.com\/es\/official-store-es\/piezas-de-repuesto\/piezas-air2mx\/correas-para-los-hombros\/#primaryimage","url":"https:\/\/rxrprotect.com\/wp-content\/uploads\/2023\/11\/STRAPEPAULE-rpro-bullet-cybr_air2mx.jpg","contentUrl":"https:\/\/rxrprotect.com\/wp-content\/uploads\/2023\/11\/STRAPEPAULE-rpro-bullet-cybr_air2mx.jpg","width":1500,"height":1500},{"@type":"BreadcrumbList","@id":"https:\/\/rxrprotect.com\/es\/official-store-es\/piezas-de-repuesto\/piezas-air2mx\/correas-para-los-hombros\/#breadcrumb","itemListElement":[{"@type":"ListItem","position":1,"name":"Accueil","item":"https:\/\/rxrprotect.com\/es\/"},{"@type":"ListItem","position":2,"name":"Official store","item":"https:\/\/rxrprotect.com\/es\/official-store-es\/"},{"@type":"ListItem","position":3,"name":"Correas para los hombros"}]},{"@type":"WebSite","@id":"https:\/\/rxrprotect.com\/es\/#website","url":"https:\/\/rxrprotect.com\/es\/","name":"RXR Protect","description":"Pare pierre et protection gonflable pour le motocross, le VTT et tous les sports extr\u00eames.","publisher":{"@id":"https:\/\/rxrprotect.com\/es\/#organization"},"alternateName":"RXR","potentialAction":[{"@type":"SearchAction","target":{"@type":"EntryPoint","urlTemplate":"https:\/\/rxrprotect.com\/es\/?s={search_term_string}"},"query-input":{"@type":"PropertyValueSpecification","valueRequired":true,"valueName":"search_term_string"}}],"inLanguage":"es"},{"@type":"Organization","@id":"https:\/\/rxrprotect.com\/es\/#organization","name":"RXR Protect","alternateName":"RXR","url":"https:\/\/rxrprotect.com\/es\/","logo":{"@type":"ImageObject","inLanguage":"es","@id":"https:\/\/rxrprotect.com\/es\/#\/schema\/logo\/image\/","url":"https:\/\/rxrprotect.com\/wp-content\/uploads\/2023\/10\/RXR-Logo-Noir.png","contentUrl":"https:\/\/rxrprotect.com\/wp-content\/uploads\/2023\/10\/RXR-Logo-Noir.png","width":500,"height":104,"caption":"RXR Protect"},"image":{"@id":"https:\/\/rxrprotect.com\/es\/#\/schema\/logo\/image\/"},"sameAs":["https:\/\/www.facebook.com\/rxrprotectcom","https:\/\/www.instagram.com\/rxrprotect\/","https:\/\/www.tiktok.com\/@rxrprotect.com"],"email":"info@rxrprotect.com","telephone":"09 70 24 01 01","legalName":"PRO SHOP RXR","vatID":"FR05511897548","taxID":"51189754800034","numberOfEmployees":{"@type":"QuantitativeValue","minValue":"1","maxValue":"10"},"hasMerchantReturnPolicy":{"@type":"MerchantReturnPolicy","merchantReturnLink":"https:\/\/rxrprotect.com\/conditions-generales-de-vente\/"}}]},"og_availability":"instock","product_availability":"instock","product_condition":"new"},"_links":{"self":[{"href":"https:\/\/rxrprotect.com\/es\/wp-json\/wp\/v2\/product\/23091","targetHints":{"allow":["GET"]}}],"collection":[{"href":"https:\/\/rxrprotect.com\/es\/wp-json\/wp\/v2\/product"}],"about":[{"href":"https:\/\/rxrprotect.com\/es\/wp-json\/wp\/v2\/types\/product"}],"version-history":[{"count":0,"href":"https:\/\/rxrprotect.com\/es\/wp-json\/wp\/v2\/product\/23091\/revisions"}],"wp:featuredmedia":[{"embeddable":true,"href":"https:\/\/rxrprotect.com\/es\/wp-json\/wp\/v2\/media\/23104"}],"wp:attachment":[{"href":"https:\/\/rxrprotect.com\/es\/wp-json\/wp\/v2\/media?parent=23091"}],"wp:term":[{"taxonomy":"product_brand","embeddable":true,"href":"https:\/\/rxrprotect.com\/es\/wp-json\/wp\/v2\/product_brand?post=23091"},{"taxonomy":"product_cat","embeddable":true,"href":"https:\/\/rxrprotect.com\/es\/wp-json\/wp\/v2\/product_cat?post=23091"},{"taxonomy":"product_tag","embeddable":true,"href":"https:\/\/rxrprotect.com\/es\/wp-json\/wp\/v2\/product_tag?post=23091"}],"curies":[{"name":"wp","href":"https:\/\/api.w.org\/{rel}","templated":true}]}}