{"id":23016,"date":"2023-11-15T14:12:25","date_gmt":"2023-11-15T13:12:25","guid":{"rendered":"https:\/\/rxrprotect.com\/boutique\/sin%20categor\u00eda\/valvula-limitadora-de-presion-r-pro\/"},"modified":"2025-08-14T14:47:43","modified_gmt":"2025-08-14T12:47:43","slug":"valvula-limitadora-de-presion-r-pro","status":"publish","type":"product","link":"https:\/\/rxrprotect.com\/es\/official-store-es\/piezas-de-repuesto\/piezas-r-pro\/valvula-limitadora-de-presion-r-pro\/","title":{"rendered":"V\u00e1lvula limitadora de presi\u00f3n &#8211; R-Pro"},"content":{"rendered":"<p>Nuestra v\u00e1lvula de alivio de presi\u00f3n est\u00e1 dise\u00f1ada para ajustar autom\u00e1ticamente la presi\u00f3n del coj\u00edn de aire 2.0, garantizando que tu chaleco protector tenga la presi\u00f3n \u00f3ptima para maximizar tu seguridad.<\/p>\n","protected":false},"excerpt":{"rendered":"<p>Nuestra v\u00e1lvula de alivio de presi\u00f3n est\u00e1 dise\u00f1ada para ajustar autom\u00e1ticamente la presi\u00f3n del coj\u00edn de aire 2.0, garantizando que tu chaleco protector tenga la presi\u00f3n \u00f3ptima para maximizar tu seguridad.<\/p>\n","protected":false},"featured_media":23021,"template":"","meta":{"_acf_changed":false},"product_brand":[],"product_cat":[24,153],"product_tag":[],"class_list":{"0":"post-23016","1":"product","2":"type-product","3":"status-publish","4":"has-post-thumbnail","6":"product_cat-pieces-detachees","7":"product_cat-pieces-r-pro","9":"first","10":"instock","11":"taxable","12":"shipping-taxable","13":"purchasable","14":"product-type-simple"},"acf":[],"yoast_head":"<!-- This site is optimized with the Yoast SEO Premium plugin v25.1 (Yoast SEO v27.3) - https:\/\/yoast.com\/product\/yoast-seo-premium-wordpress\/ -->\n<title>V\u00e1lvula limitadora de presi\u00f3n - R-Pro | RXR Protect<\/title>\n<meta name=\"robots\" content=\"index, follow, max-snippet:-1, max-image-preview:large, max-video-preview:-1\" \/>\n<link rel=\"canonical\" href=\"https:\/\/rxrprotect.com\/es\/official-store-es\/piezas-de-repuesto\/piezas-r-pro\/valvula-limitadora-de-presion-r-pro\/\" \/>\n<meta property=\"og:locale\" content=\"es_ES\" \/>\n<meta property=\"og:type\" content=\"article\" \/>\n<meta property=\"og:title\" content=\"V\u00e1lvula limitadora de presi\u00f3n - R-Pro\" \/>\n<meta property=\"og:description\" content=\"Nuestra v\u00e1lvula de alivio de presi\u00f3n est\u00e1 dise\u00f1ada para ajustar autom\u00e1ticamente la presi\u00f3n del coj\u00edn de aire 2.0, garantizando que tu chaleco protector tenga la presi\u00f3n \u00f3ptima para maximizar tu seguridad.\" \/>\n<meta property=\"og:url\" content=\"https:\/\/rxrprotect.com\/es\/official-store-es\/piezas-de-repuesto\/piezas-r-pro\/valvula-limitadora-de-presion-r-pro\/\" \/>\n<meta property=\"og:site_name\" content=\"RXR Protect\" \/>\n<meta property=\"article:publisher\" content=\"https:\/\/www.facebook.com\/rxrprotectcom\" \/>\n<meta property=\"article:modified_time\" content=\"2025-08-14T12:47:43+00:00\" \/>\n<meta property=\"og:image\" content=\"https:\/\/rxrprotect.com\/wp-content\/uploads\/2023\/11\/EASYPRESSURE-rpro.jpg\" \/>\n\t<meta property=\"og:image:width\" content=\"1500\" \/>\n\t<meta property=\"og:image:height\" content=\"1500\" \/>\n\t<meta property=\"og:image:type\" content=\"image\/jpeg\" \/>\n<meta name=\"twitter:card\" content=\"summary_large_image\" \/>\n<script type=\"application\/ld+json\" class=\"yoast-schema-graph\">{\"@context\":\"https:\\\/\\\/schema.org\",\"@graph\":[{\"@type\":\"WebPage\",\"@id\":\"https:\\\/\\\/rxrprotect.com\\\/es\\\/official-store-es\\\/piezas-de-repuesto\\\/piezas-r-pro\\\/valvula-limitadora-de-presion-r-pro\\\/\",\"url\":\"https:\\\/\\\/rxrprotect.com\\\/es\\\/official-store-es\\\/piezas-de-repuesto\\\/piezas-r-pro\\\/valvula-limitadora-de-presion-r-pro\\\/\",\"name\":\"V\u00e1lvula limitadora de presi\u00f3n - R-Pro | RXR Protect\",\"isPartOf\":{\"@id\":\"https:\\\/\\\/rxrprotect.com\\\/es\\\/#website\"},\"primaryImageOfPage\":{\"@id\":\"https:\\\/\\\/rxrprotect.com\\\/es\\\/official-store-es\\\/piezas-de-repuesto\\\/piezas-r-pro\\\/valvula-limitadora-de-presion-r-pro\\\/#primaryimage\"},\"image\":{\"@id\":\"https:\\\/\\\/rxrprotect.com\\\/es\\\/official-store-es\\\/piezas-de-repuesto\\\/piezas-r-pro\\\/valvula-limitadora-de-presion-r-pro\\\/#primaryimage\"},\"thumbnailUrl\":\"https:\\\/\\\/rxrprotect.com\\\/wp-content\\\/uploads\\\/2023\\\/11\\\/EASYPRESSURE-rpro.jpg\",\"datePublished\":\"2023-11-15T13:12:25+00:00\",\"dateModified\":\"2025-08-14T12:47:43+00:00\",\"breadcrumb\":{\"@id\":\"https:\\\/\\\/rxrprotect.com\\\/es\\\/official-store-es\\\/piezas-de-repuesto\\\/piezas-r-pro\\\/valvula-limitadora-de-presion-r-pro\\\/#breadcrumb\"},\"inLanguage\":\"es\",\"potentialAction\":[{\"@type\":\"ReadAction\",\"target\":[\"https:\\\/\\\/rxrprotect.com\\\/es\\\/official-store-es\\\/piezas-de-repuesto\\\/piezas-r-pro\\\/valvula-limitadora-de-presion-r-pro\\\/\"]}]},{\"@type\":\"ImageObject\",\"inLanguage\":\"es\",\"@id\":\"https:\\\/\\\/rxrprotect.com\\\/es\\\/official-store-es\\\/piezas-de-repuesto\\\/piezas-r-pro\\\/valvula-limitadora-de-presion-r-pro\\\/#primaryimage\",\"url\":\"https:\\\/\\\/rxrprotect.com\\\/wp-content\\\/uploads\\\/2023\\\/11\\\/EASYPRESSURE-rpro.jpg\",\"contentUrl\":\"https:\\\/\\\/rxrprotect.com\\\/wp-content\\\/uploads\\\/2023\\\/11\\\/EASYPRESSURE-rpro.jpg\",\"width\":1500,\"height\":1500},{\"@type\":\"BreadcrumbList\",\"@id\":\"https:\\\/\\\/rxrprotect.com\\\/es\\\/official-store-es\\\/piezas-de-repuesto\\\/piezas-r-pro\\\/valvula-limitadora-de-presion-r-pro\\\/#breadcrumb\",\"itemListElement\":[{\"@type\":\"ListItem\",\"position\":1,\"name\":\"Accueil\",\"item\":\"https:\\\/\\\/rxrprotect.com\\\/es\\\/\"},{\"@type\":\"ListItem\",\"position\":2,\"name\":\"Official store\",\"item\":\"https:\\\/\\\/rxrprotect.com\\\/es\\\/official-store-es\\\/\"},{\"@type\":\"ListItem\",\"position\":3,\"name\":\"V\u00e1lvula limitadora de presi\u00f3n &#8211; R-Pro\"}]},{\"@type\":\"WebSite\",\"@id\":\"https:\\\/\\\/rxrprotect.com\\\/es\\\/#website\",\"url\":\"https:\\\/\\\/rxrprotect.com\\\/es\\\/\",\"name\":\"RXR Protect\",\"description\":\"Pare pierre et protection gonflable pour le motocross, le VTT et tous les sports extr\u00eames.\",\"publisher\":{\"@id\":\"https:\\\/\\\/rxrprotect.com\\\/es\\\/#organization\"},\"alternateName\":\"RXR\",\"potentialAction\":[{\"@type\":\"SearchAction\",\"target\":{\"@type\":\"EntryPoint\",\"urlTemplate\":\"https:\\\/\\\/rxrprotect.com\\\/es\\\/?s={search_term_string}\"},\"query-input\":{\"@type\":\"PropertyValueSpecification\",\"valueRequired\":true,\"valueName\":\"search_term_string\"}}],\"inLanguage\":\"es\"},{\"@type\":\"Organization\",\"@id\":\"https:\\\/\\\/rxrprotect.com\\\/es\\\/#organization\",\"name\":\"RXR Protect\",\"alternateName\":\"RXR\",\"url\":\"https:\\\/\\\/rxrprotect.com\\\/es\\\/\",\"logo\":{\"@type\":\"ImageObject\",\"inLanguage\":\"es\",\"@id\":\"https:\\\/\\\/rxrprotect.com\\\/es\\\/#\\\/schema\\\/logo\\\/image\\\/\",\"url\":\"https:\\\/\\\/rxrprotect.com\\\/wp-content\\\/uploads\\\/2023\\\/10\\\/RXR-Logo-Noir.png\",\"contentUrl\":\"https:\\\/\\\/rxrprotect.com\\\/wp-content\\\/uploads\\\/2023\\\/10\\\/RXR-Logo-Noir.png\",\"width\":500,\"height\":104,\"caption\":\"RXR Protect\"},\"image\":{\"@id\":\"https:\\\/\\\/rxrprotect.com\\\/es\\\/#\\\/schema\\\/logo\\\/image\\\/\"},\"sameAs\":[\"https:\\\/\\\/www.facebook.com\\\/rxrprotectcom\",\"https:\\\/\\\/www.instagram.com\\\/rxrprotect\\\/\",\"https:\\\/\\\/www.tiktok.com\\\/@rxrprotect.com\"],\"email\":\"info@rxrprotect.com\",\"telephone\":\"09 70 24 01 01\",\"legalName\":\"PRO SHOP RXR\",\"vatID\":\"FR05511897548\",\"taxID\":\"51189754800034\",\"numberOfEmployees\":{\"@type\":\"QuantitativeValue\",\"minValue\":\"1\",\"maxValue\":\"10\"},\"hasMerchantReturnPolicy\":{\"@type\":\"MerchantReturnPolicy\",\"merchantReturnLink\":\"https:\\\/\\\/rxrprotect.com\\\/conditions-generales-de-vente\\\/\"}}]}<\/script>\n<meta property=\"product:price:amount\" content=\"10.00\" \/>\n<meta property=\"product:price:currency\" content=\"EUR\" \/>\n<meta property=\"og:availability\" content=\"instock\" \/>\n<meta property=\"product:availability\" content=\"instock\" \/>\n<meta property=\"product:condition\" content=\"new\" \/>\n<!-- \/ Yoast SEO Premium plugin. -->","yoast_head_json":{"title":"V\u00e1lvula limitadora de presi\u00f3n - R-Pro | RXR Protect","robots":{"index":"index","follow":"follow","max-snippet":"max-snippet:-1","max-image-preview":"max-image-preview:large","max-video-preview":"max-video-preview:-1"},"canonical":"https:\/\/rxrprotect.com\/es\/official-store-es\/piezas-de-repuesto\/piezas-r-pro\/valvula-limitadora-de-presion-r-pro\/","og_locale":"es_ES","og_type":"article","og_title":"V\u00e1lvula limitadora de presi\u00f3n - R-Pro","og_description":"Nuestra v\u00e1lvula de alivio de presi\u00f3n est\u00e1 dise\u00f1ada para ajustar autom\u00e1ticamente la presi\u00f3n del coj\u00edn de aire 2.0, garantizando que tu chaleco protector tenga la presi\u00f3n \u00f3ptima para maximizar tu seguridad.","og_url":"https:\/\/rxrprotect.com\/es\/official-store-es\/piezas-de-repuesto\/piezas-r-pro\/valvula-limitadora-de-presion-r-pro\/","og_site_name":"RXR Protect","article_publisher":"https:\/\/www.facebook.com\/rxrprotectcom","article_modified_time":"2025-08-14T12:47:43+00:00","og_image":[{"width":1500,"height":1500,"url":"https:\/\/rxrprotect.com\/wp-content\/uploads\/2023\/11\/EASYPRESSURE-rpro.jpg","type":"image\/jpeg"}],"twitter_card":"summary_large_image","schema":{"@context":"https:\/\/schema.org","@graph":[{"@type":"WebPage","@id":"https:\/\/rxrprotect.com\/es\/official-store-es\/piezas-de-repuesto\/piezas-r-pro\/valvula-limitadora-de-presion-r-pro\/","url":"https:\/\/rxrprotect.com\/es\/official-store-es\/piezas-de-repuesto\/piezas-r-pro\/valvula-limitadora-de-presion-r-pro\/","name":"V\u00e1lvula limitadora de presi\u00f3n - R-Pro | RXR Protect","isPartOf":{"@id":"https:\/\/rxrprotect.com\/es\/#website"},"primaryImageOfPage":{"@id":"https:\/\/rxrprotect.com\/es\/official-store-es\/piezas-de-repuesto\/piezas-r-pro\/valvula-limitadora-de-presion-r-pro\/#primaryimage"},"image":{"@id":"https:\/\/rxrprotect.com\/es\/official-store-es\/piezas-de-repuesto\/piezas-r-pro\/valvula-limitadora-de-presion-r-pro\/#primaryimage"},"thumbnailUrl":"https:\/\/rxrprotect.com\/wp-content\/uploads\/2023\/11\/EASYPRESSURE-rpro.jpg","datePublished":"2023-11-15T13:12:25+00:00","dateModified":"2025-08-14T12:47:43+00:00","breadcrumb":{"@id":"https:\/\/rxrprotect.com\/es\/official-store-es\/piezas-de-repuesto\/piezas-r-pro\/valvula-limitadora-de-presion-r-pro\/#breadcrumb"},"inLanguage":"es","potentialAction":[{"@type":"ReadAction","target":["https:\/\/rxrprotect.com\/es\/official-store-es\/piezas-de-repuesto\/piezas-r-pro\/valvula-limitadora-de-presion-r-pro\/"]}]},{"@type":"ImageObject","inLanguage":"es","@id":"https:\/\/rxrprotect.com\/es\/official-store-es\/piezas-de-repuesto\/piezas-r-pro\/valvula-limitadora-de-presion-r-pro\/#primaryimage","url":"https:\/\/rxrprotect.com\/wp-content\/uploads\/2023\/11\/EASYPRESSURE-rpro.jpg","contentUrl":"https:\/\/rxrprotect.com\/wp-content\/uploads\/2023\/11\/EASYPRESSURE-rpro.jpg","width":1500,"height":1500},{"@type":"BreadcrumbList","@id":"https:\/\/rxrprotect.com\/es\/official-store-es\/piezas-de-repuesto\/piezas-r-pro\/valvula-limitadora-de-presion-r-pro\/#breadcrumb","itemListElement":[{"@type":"ListItem","position":1,"name":"Accueil","item":"https:\/\/rxrprotect.com\/es\/"},{"@type":"ListItem","position":2,"name":"Official store","item":"https:\/\/rxrprotect.com\/es\/official-store-es\/"},{"@type":"ListItem","position":3,"name":"V\u00e1lvula limitadora de presi\u00f3n &#8211; R-Pro"}]},{"@type":"WebSite","@id":"https:\/\/rxrprotect.com\/es\/#website","url":"https:\/\/rxrprotect.com\/es\/","name":"RXR Protect","description":"Pare pierre et protection gonflable pour le motocross, le VTT et tous les sports extr\u00eames.","publisher":{"@id":"https:\/\/rxrprotect.com\/es\/#organization"},"alternateName":"RXR","potentialAction":[{"@type":"SearchAction","target":{"@type":"EntryPoint","urlTemplate":"https:\/\/rxrprotect.com\/es\/?s={search_term_string}"},"query-input":{"@type":"PropertyValueSpecification","valueRequired":true,"valueName":"search_term_string"}}],"inLanguage":"es"},{"@type":"Organization","@id":"https:\/\/rxrprotect.com\/es\/#organization","name":"RXR Protect","alternateName":"RXR","url":"https:\/\/rxrprotect.com\/es\/","logo":{"@type":"ImageObject","inLanguage":"es","@id":"https:\/\/rxrprotect.com\/es\/#\/schema\/logo\/image\/","url":"https:\/\/rxrprotect.com\/wp-content\/uploads\/2023\/10\/RXR-Logo-Noir.png","contentUrl":"https:\/\/rxrprotect.com\/wp-content\/uploads\/2023\/10\/RXR-Logo-Noir.png","width":500,"height":104,"caption":"RXR Protect"},"image":{"@id":"https:\/\/rxrprotect.com\/es\/#\/schema\/logo\/image\/"},"sameAs":["https:\/\/www.facebook.com\/rxrprotectcom","https:\/\/www.instagram.com\/rxrprotect\/","https:\/\/www.tiktok.com\/@rxrprotect.com"],"email":"info@rxrprotect.com","telephone":"09 70 24 01 01","legalName":"PRO SHOP RXR","vatID":"FR05511897548","taxID":"51189754800034","numberOfEmployees":{"@type":"QuantitativeValue","minValue":"1","maxValue":"10"},"hasMerchantReturnPolicy":{"@type":"MerchantReturnPolicy","merchantReturnLink":"https:\/\/rxrprotect.com\/conditions-generales-de-vente\/"}}]},"product_price_amount":"10.00","product_price_currency":"EUR","og_availability":"instock","product_availability":"instock","product_condition":"new"},"_links":{"self":[{"href":"https:\/\/rxrprotect.com\/es\/wp-json\/wp\/v2\/product\/23016","targetHints":{"allow":["GET"]}}],"collection":[{"href":"https:\/\/rxrprotect.com\/es\/wp-json\/wp\/v2\/product"}],"about":[{"href":"https:\/\/rxrprotect.com\/es\/wp-json\/wp\/v2\/types\/product"}],"version-history":[{"count":0,"href":"https:\/\/rxrprotect.com\/es\/wp-json\/wp\/v2\/product\/23016\/revisions"}],"wp:featuredmedia":[{"embeddable":true,"href":"https:\/\/rxrprotect.com\/es\/wp-json\/wp\/v2\/media\/23021"}],"wp:attachment":[{"href":"https:\/\/rxrprotect.com\/es\/wp-json\/wp\/v2\/media?parent=23016"}],"wp:term":[{"taxonomy":"product_brand","embeddable":true,"href":"https:\/\/rxrprotect.com\/es\/wp-json\/wp\/v2\/product_brand?post=23016"},{"taxonomy":"product_cat","embeddable":true,"href":"https:\/\/rxrprotect.com\/es\/wp-json\/wp\/v2\/product_cat?post=23016"},{"taxonomy":"product_tag","embeddable":true,"href":"https:\/\/rxrprotect.com\/es\/wp-json\/wp\/v2\/product_tag?post=23016"}],"curies":[{"name":"wp","href":"https:\/\/api.w.org\/{rel}","templated":true}]}}