{"id":22911,"date":"2023-11-15T15:37:29","date_gmt":"2023-11-15T14:37:29","guid":{"rendered":"https:\/\/rxrprotect.com\/boutique\/sin%20categor\u00eda\/asa-3-0-takoff\/"},"modified":"2025-08-14T14:57:27","modified_gmt":"2025-08-14T12:57:27","slug":"asa-3-0-takoff","status":"publish","type":"product","link":"https:\/\/rxrprotect.com\/es\/official-store-es\/piezas-de-repuesto\/piezas-takoff\/asa-3-0-takoff\/","title":{"rendered":"ASA 3.0 &#8211; TakOff"},"content":{"rendered":"<p>Esta soluci\u00f3n se le entrega inflada, el aire se pone bajo presi\u00f3n y se encapsula antes de que su producto salga de nuestros talleres.<\/p>\n<p>La vida \u00fatil de los insertos inflables depende del uso del producto.<\/p>\n<p>Le recomendamos reemplazar los cojines inflables cada 16 a 24 meses, especialmente si el producto se utiliza con frecuencia.<\/p>\n<p>Para determinar el momento oportuno para el reemplazo, le sugerimos que controle la presi\u00f3n de los cojines. Si nota una diferencia significativa de presi\u00f3n en comparaci\u00f3n con la observada cuando el producto era nuevo, es aconsejable proceder con el reemplazo. <\/p>\n","protected":false},"excerpt":{"rendered":"<p>Esta soluci\u00f3n se le entrega inflada, el aire se pone bajo presi\u00f3n y se encapsula antes de que su producto salga de nuestros talleres. La vida \u00fatil de los insertos inflables depende del uso del producto. Le recomendamos reemplazar los cojines inflables cada 16 a 24 meses, especialmente si el producto se utiliza con frecuencia. [&hellip;]<\/p>\n","protected":false},"featured_media":22917,"template":"","meta":{"_acf_changed":false},"product_brand":[],"product_cat":[575,867,584],"product_tag":[],"class_list":{"0":"post-22911","1":"product","2":"type-product","3":"status-publish","4":"has-post-thumbnail","6":"product_cat-piezas-de-repuesto","7":"product_cat-piezas-inflables-asa","8":"product_cat-piezas-takoff","10":"first","11":"instock","12":"taxable","13":"shipping-taxable","14":"purchasable","15":"product-type-variable"},"acf":[],"yoast_head":"<!-- This site is optimized with the Yoast SEO Premium plugin v25.1 (Yoast SEO v27.3) - https:\/\/yoast.com\/product\/yoast-seo-premium-wordpress\/ -->\n<title>ASA 3.0 - TakOff | RXR Protect<\/title>\n<meta name=\"robots\" content=\"index, follow, max-snippet:-1, max-image-preview:large, max-video-preview:-1\" \/>\n<link rel=\"canonical\" href=\"https:\/\/rxrprotect.com\/es\/official-store-es\/piezas-de-repuesto\/piezas-takoff\/asa-3-0-takoff\/\" \/>\n<meta property=\"og:locale\" content=\"es_ES\" \/>\n<meta property=\"og:type\" content=\"article\" \/>\n<meta property=\"og:title\" content=\"ASA 3.0 - TakOff\" \/>\n<meta property=\"og:description\" content=\"Esta soluci\u00f3n se le entrega inflada, el aire se pone bajo presi\u00f3n y se encapsula antes de que su producto salga de nuestros talleres. La vida \u00fatil de los insertos inflables depende del uso del producto. Le recomendamos reemplazar los cojines inflables cada 16 a 24 meses, especialmente si el producto se utiliza con frecuencia. [&hellip;]\" \/>\n<meta property=\"og:url\" content=\"https:\/\/rxrprotect.com\/es\/official-store-es\/piezas-de-repuesto\/piezas-takoff\/asa-3-0-takoff\/\" \/>\n<meta property=\"og:site_name\" content=\"RXR Protect\" \/>\n<meta property=\"article:publisher\" content=\"https:\/\/www.facebook.com\/rxrprotectcom\" \/>\n<meta property=\"article:modified_time\" content=\"2025-08-14T12:57:27+00:00\" \/>\n<meta property=\"og:image\" content=\"https:\/\/rxrprotect.com\/wp-content\/uploads\/2023\/11\/TAKEOFF-asa3.0.jpg\" \/>\n\t<meta property=\"og:image:width\" content=\"1500\" \/>\n\t<meta property=\"og:image:height\" content=\"1500\" \/>\n\t<meta property=\"og:image:type\" content=\"image\/jpeg\" \/>\n<meta name=\"twitter:card\" content=\"summary_large_image\" \/>\n<script type=\"application\/ld+json\" class=\"yoast-schema-graph\">{\"@context\":\"https:\\\/\\\/schema.org\",\"@graph\":[{\"@type\":\"WebPage\",\"@id\":\"https:\\\/\\\/rxrprotect.com\\\/es\\\/official-store-es\\\/piezas-de-repuesto\\\/piezas-takoff\\\/asa-3-0-takoff\\\/\",\"url\":\"https:\\\/\\\/rxrprotect.com\\\/es\\\/official-store-es\\\/piezas-de-repuesto\\\/piezas-takoff\\\/asa-3-0-takoff\\\/\",\"name\":\"ASA 3.0 - TakOff | RXR Protect\",\"isPartOf\":{\"@id\":\"https:\\\/\\\/rxrprotect.com\\\/es\\\/#website\"},\"primaryImageOfPage\":{\"@id\":\"https:\\\/\\\/rxrprotect.com\\\/es\\\/official-store-es\\\/piezas-de-repuesto\\\/piezas-takoff\\\/asa-3-0-takoff\\\/#primaryimage\"},\"image\":{\"@id\":\"https:\\\/\\\/rxrprotect.com\\\/es\\\/official-store-es\\\/piezas-de-repuesto\\\/piezas-takoff\\\/asa-3-0-takoff\\\/#primaryimage\"},\"thumbnailUrl\":\"https:\\\/\\\/rxrprotect.com\\\/wp-content\\\/uploads\\\/2023\\\/11\\\/TAKEOFF-asa3.0.jpg\",\"datePublished\":\"2023-11-15T14:37:29+00:00\",\"dateModified\":\"2025-08-14T12:57:27+00:00\",\"breadcrumb\":{\"@id\":\"https:\\\/\\\/rxrprotect.com\\\/es\\\/official-store-es\\\/piezas-de-repuesto\\\/piezas-takoff\\\/asa-3-0-takoff\\\/#breadcrumb\"},\"inLanguage\":\"es\",\"potentialAction\":[{\"@type\":\"ReadAction\",\"target\":[\"https:\\\/\\\/rxrprotect.com\\\/es\\\/official-store-es\\\/piezas-de-repuesto\\\/piezas-takoff\\\/asa-3-0-takoff\\\/\"]}]},{\"@type\":\"ImageObject\",\"inLanguage\":\"es\",\"@id\":\"https:\\\/\\\/rxrprotect.com\\\/es\\\/official-store-es\\\/piezas-de-repuesto\\\/piezas-takoff\\\/asa-3-0-takoff\\\/#primaryimage\",\"url\":\"https:\\\/\\\/rxrprotect.com\\\/wp-content\\\/uploads\\\/2023\\\/11\\\/TAKEOFF-asa3.0.jpg\",\"contentUrl\":\"https:\\\/\\\/rxrprotect.com\\\/wp-content\\\/uploads\\\/2023\\\/11\\\/TAKEOFF-asa3.0.jpg\",\"width\":1500,\"height\":1500},{\"@type\":\"BreadcrumbList\",\"@id\":\"https:\\\/\\\/rxrprotect.com\\\/es\\\/official-store-es\\\/piezas-de-repuesto\\\/piezas-takoff\\\/asa-3-0-takoff\\\/#breadcrumb\",\"itemListElement\":[{\"@type\":\"ListItem\",\"position\":1,\"name\":\"Accueil\",\"item\":\"https:\\\/\\\/rxrprotect.com\\\/es\\\/\"},{\"@type\":\"ListItem\",\"position\":2,\"name\":\"Official store\",\"item\":\"https:\\\/\\\/rxrprotect.com\\\/es\\\/official-store-es\\\/\"},{\"@type\":\"ListItem\",\"position\":3,\"name\":\"ASA 3.0 &#8211; TakOff\"}]},{\"@type\":\"WebSite\",\"@id\":\"https:\\\/\\\/rxrprotect.com\\\/es\\\/#website\",\"url\":\"https:\\\/\\\/rxrprotect.com\\\/es\\\/\",\"name\":\"RXR Protect\",\"description\":\"Pare pierre et protection gonflable pour le motocross, le VTT et tous les sports extr\u00eames.\",\"publisher\":{\"@id\":\"https:\\\/\\\/rxrprotect.com\\\/es\\\/#organization\"},\"alternateName\":\"RXR\",\"potentialAction\":[{\"@type\":\"SearchAction\",\"target\":{\"@type\":\"EntryPoint\",\"urlTemplate\":\"https:\\\/\\\/rxrprotect.com\\\/es\\\/?s={search_term_string}\"},\"query-input\":{\"@type\":\"PropertyValueSpecification\",\"valueRequired\":true,\"valueName\":\"search_term_string\"}}],\"inLanguage\":\"es\"},{\"@type\":\"Organization\",\"@id\":\"https:\\\/\\\/rxrprotect.com\\\/es\\\/#organization\",\"name\":\"RXR Protect\",\"alternateName\":\"RXR\",\"url\":\"https:\\\/\\\/rxrprotect.com\\\/es\\\/\",\"logo\":{\"@type\":\"ImageObject\",\"inLanguage\":\"es\",\"@id\":\"https:\\\/\\\/rxrprotect.com\\\/es\\\/#\\\/schema\\\/logo\\\/image\\\/\",\"url\":\"https:\\\/\\\/rxrprotect.com\\\/wp-content\\\/uploads\\\/2023\\\/10\\\/RXR-Logo-Noir.png\",\"contentUrl\":\"https:\\\/\\\/rxrprotect.com\\\/wp-content\\\/uploads\\\/2023\\\/10\\\/RXR-Logo-Noir.png\",\"width\":500,\"height\":104,\"caption\":\"RXR Protect\"},\"image\":{\"@id\":\"https:\\\/\\\/rxrprotect.com\\\/es\\\/#\\\/schema\\\/logo\\\/image\\\/\"},\"sameAs\":[\"https:\\\/\\\/www.facebook.com\\\/rxrprotectcom\",\"https:\\\/\\\/www.instagram.com\\\/rxrprotect\\\/\",\"https:\\\/\\\/www.tiktok.com\\\/@rxrprotect.com\"],\"email\":\"info@rxrprotect.com\",\"telephone\":\"09 70 24 01 01\",\"legalName\":\"PRO SHOP RXR\",\"vatID\":\"FR05511897548\",\"taxID\":\"51189754800034\",\"numberOfEmployees\":{\"@type\":\"QuantitativeValue\",\"minValue\":\"1\",\"maxValue\":\"10\"},\"hasMerchantReturnPolicy\":{\"@type\":\"MerchantReturnPolicy\",\"merchantReturnLink\":\"https:\\\/\\\/rxrprotect.com\\\/conditions-generales-de-vente\\\/\"}}]}<\/script>\n<meta property=\"og:availability\" content=\"instock\" \/>\n<meta property=\"product:availability\" content=\"instock\" \/>\n<meta property=\"product:condition\" content=\"new\" \/>\n<!-- \/ Yoast SEO Premium plugin. -->","yoast_head_json":{"title":"ASA 3.0 - TakOff | RXR Protect","robots":{"index":"index","follow":"follow","max-snippet":"max-snippet:-1","max-image-preview":"max-image-preview:large","max-video-preview":"max-video-preview:-1"},"canonical":"https:\/\/rxrprotect.com\/es\/official-store-es\/piezas-de-repuesto\/piezas-takoff\/asa-3-0-takoff\/","og_locale":"es_ES","og_type":"article","og_title":"ASA 3.0 - TakOff","og_description":"Esta soluci\u00f3n se le entrega inflada, el aire se pone bajo presi\u00f3n y se encapsula antes de que su producto salga de nuestros talleres. La vida \u00fatil de los insertos inflables depende del uso del producto. Le recomendamos reemplazar los cojines inflables cada 16 a 24 meses, especialmente si el producto se utiliza con frecuencia. [&hellip;]","og_url":"https:\/\/rxrprotect.com\/es\/official-store-es\/piezas-de-repuesto\/piezas-takoff\/asa-3-0-takoff\/","og_site_name":"RXR Protect","article_publisher":"https:\/\/www.facebook.com\/rxrprotectcom","article_modified_time":"2025-08-14T12:57:27+00:00","og_image":[{"width":1500,"height":1500,"url":"https:\/\/rxrprotect.com\/wp-content\/uploads\/2023\/11\/TAKEOFF-asa3.0.jpg","type":"image\/jpeg"}],"twitter_card":"summary_large_image","schema":{"@context":"https:\/\/schema.org","@graph":[{"@type":"WebPage","@id":"https:\/\/rxrprotect.com\/es\/official-store-es\/piezas-de-repuesto\/piezas-takoff\/asa-3-0-takoff\/","url":"https:\/\/rxrprotect.com\/es\/official-store-es\/piezas-de-repuesto\/piezas-takoff\/asa-3-0-takoff\/","name":"ASA 3.0 - TakOff | RXR Protect","isPartOf":{"@id":"https:\/\/rxrprotect.com\/es\/#website"},"primaryImageOfPage":{"@id":"https:\/\/rxrprotect.com\/es\/official-store-es\/piezas-de-repuesto\/piezas-takoff\/asa-3-0-takoff\/#primaryimage"},"image":{"@id":"https:\/\/rxrprotect.com\/es\/official-store-es\/piezas-de-repuesto\/piezas-takoff\/asa-3-0-takoff\/#primaryimage"},"thumbnailUrl":"https:\/\/rxrprotect.com\/wp-content\/uploads\/2023\/11\/TAKEOFF-asa3.0.jpg","datePublished":"2023-11-15T14:37:29+00:00","dateModified":"2025-08-14T12:57:27+00:00","breadcrumb":{"@id":"https:\/\/rxrprotect.com\/es\/official-store-es\/piezas-de-repuesto\/piezas-takoff\/asa-3-0-takoff\/#breadcrumb"},"inLanguage":"es","potentialAction":[{"@type":"ReadAction","target":["https:\/\/rxrprotect.com\/es\/official-store-es\/piezas-de-repuesto\/piezas-takoff\/asa-3-0-takoff\/"]}]},{"@type":"ImageObject","inLanguage":"es","@id":"https:\/\/rxrprotect.com\/es\/official-store-es\/piezas-de-repuesto\/piezas-takoff\/asa-3-0-takoff\/#primaryimage","url":"https:\/\/rxrprotect.com\/wp-content\/uploads\/2023\/11\/TAKEOFF-asa3.0.jpg","contentUrl":"https:\/\/rxrprotect.com\/wp-content\/uploads\/2023\/11\/TAKEOFF-asa3.0.jpg","width":1500,"height":1500},{"@type":"BreadcrumbList","@id":"https:\/\/rxrprotect.com\/es\/official-store-es\/piezas-de-repuesto\/piezas-takoff\/asa-3-0-takoff\/#breadcrumb","itemListElement":[{"@type":"ListItem","position":1,"name":"Accueil","item":"https:\/\/rxrprotect.com\/es\/"},{"@type":"ListItem","position":2,"name":"Official store","item":"https:\/\/rxrprotect.com\/es\/official-store-es\/"},{"@type":"ListItem","position":3,"name":"ASA 3.0 &#8211; TakOff"}]},{"@type":"WebSite","@id":"https:\/\/rxrprotect.com\/es\/#website","url":"https:\/\/rxrprotect.com\/es\/","name":"RXR Protect","description":"Pare pierre et protection gonflable pour le motocross, le VTT et tous les sports extr\u00eames.","publisher":{"@id":"https:\/\/rxrprotect.com\/es\/#organization"},"alternateName":"RXR","potentialAction":[{"@type":"SearchAction","target":{"@type":"EntryPoint","urlTemplate":"https:\/\/rxrprotect.com\/es\/?s={search_term_string}"},"query-input":{"@type":"PropertyValueSpecification","valueRequired":true,"valueName":"search_term_string"}}],"inLanguage":"es"},{"@type":"Organization","@id":"https:\/\/rxrprotect.com\/es\/#organization","name":"RXR Protect","alternateName":"RXR","url":"https:\/\/rxrprotect.com\/es\/","logo":{"@type":"ImageObject","inLanguage":"es","@id":"https:\/\/rxrprotect.com\/es\/#\/schema\/logo\/image\/","url":"https:\/\/rxrprotect.com\/wp-content\/uploads\/2023\/10\/RXR-Logo-Noir.png","contentUrl":"https:\/\/rxrprotect.com\/wp-content\/uploads\/2023\/10\/RXR-Logo-Noir.png","width":500,"height":104,"caption":"RXR Protect"},"image":{"@id":"https:\/\/rxrprotect.com\/es\/#\/schema\/logo\/image\/"},"sameAs":["https:\/\/www.facebook.com\/rxrprotectcom","https:\/\/www.instagram.com\/rxrprotect\/","https:\/\/www.tiktok.com\/@rxrprotect.com"],"email":"info@rxrprotect.com","telephone":"09 70 24 01 01","legalName":"PRO SHOP RXR","vatID":"FR05511897548","taxID":"51189754800034","numberOfEmployees":{"@type":"QuantitativeValue","minValue":"1","maxValue":"10"},"hasMerchantReturnPolicy":{"@type":"MerchantReturnPolicy","merchantReturnLink":"https:\/\/rxrprotect.com\/conditions-generales-de-vente\/"}}]},"og_availability":"instock","product_availability":"instock","product_condition":"new"},"_links":{"self":[{"href":"https:\/\/rxrprotect.com\/es\/wp-json\/wp\/v2\/product\/22911","targetHints":{"allow":["GET"]}}],"collection":[{"href":"https:\/\/rxrprotect.com\/es\/wp-json\/wp\/v2\/product"}],"about":[{"href":"https:\/\/rxrprotect.com\/es\/wp-json\/wp\/v2\/types\/product"}],"version-history":[{"count":0,"href":"https:\/\/rxrprotect.com\/es\/wp-json\/wp\/v2\/product\/22911\/revisions"}],"wp:featuredmedia":[{"embeddable":true,"href":"https:\/\/rxrprotect.com\/es\/wp-json\/wp\/v2\/media\/22917"}],"wp:attachment":[{"href":"https:\/\/rxrprotect.com\/es\/wp-json\/wp\/v2\/media?parent=22911"}],"wp:term":[{"taxonomy":"product_brand","embeddable":true,"href":"https:\/\/rxrprotect.com\/es\/wp-json\/wp\/v2\/product_brand?post=22911"},{"taxonomy":"product_cat","embeddable":true,"href":"https:\/\/rxrprotect.com\/es\/wp-json\/wp\/v2\/product_cat?post=22911"},{"taxonomy":"product_tag","embeddable":true,"href":"https:\/\/rxrprotect.com\/es\/wp-json\/wp\/v2\/product_tag?post=22911"}],"curies":[{"name":"wp","href":"https:\/\/api.w.org\/{rel}","templated":true}]}}