{"id":22182,"date":"2024-03-14T14:33:34","date_gmt":"2024-03-14T13:33:34","guid":{"rendered":"https:\/\/rxrprotect.com\/boutique\/sin%20categor\u00eda\/dorsal-r2o\/"},"modified":"2026-01-07T11:49:52","modified_gmt":"2026-01-07T10:49:52","slug":"dorsal-r2o","status":"publish","type":"product","link":"https:\/\/rxrprotect.com\/es\/official-store-es\/proteccion-dorsal\/r2o-es\/dorsal-r2o\/","title":{"rendered":"Dorsal R2O"},"content":{"rendered":"<p>Descubra la revoluci\u00f3n en el campo de la protecci\u00f3n dorsal para motociclistas con nuestra nueva protecci\u00f3n dorsal inflable R2O. Dise\u00f1ada con tecnolog\u00eda de vanguardia, esta innovadora protecci\u00f3n ofrece un nivel de protecci\u00f3n sin precedentes. <\/p>\n<p>La combinaci\u00f3n de una espuma no newtoniana con nuestro sistema de almohadillas de aire mejora exponencialmente el rendimiento en comparaci\u00f3n con todas las espumas de color disponibles en el mercado. Adaptada a sus chaquetas y a todas sus protecciones, la R2O le permitir\u00e1 elevar el nivel de protecci\u00f3n de su equipo de seguridad en todos sus desplazamientos. <\/p>\n<p>Ligera y discreta, la espaldera para moto R2O ofrece una comodidad inigualable al tiempo que garantiza la m\u00e1xima seguridad. Su dise\u00f1o inteligente permite una total libertad de movimiento, lo que le permite realizar sus actividades con total confianza. <\/p>\n<p>Tanto si eres adulto como ni\u00f1o, nuestra protecci\u00f3n dorsal inflable R2O se adapta a todas las edades y morfolog\u00edas. Gracias a su capacidad para ajustarse perfectamente a tu cuerpo y endurecerse instant\u00e1neamente en caso de impacto, puedes estar seguro de que disfrutar\u00e1s de una protecci\u00f3n \u00f3ptima en todo momento. <\/p>\n<p>No comprometa su seguridad. Opte por la protecci\u00f3n dorsal R2O y disfrute de un alto nivel de protecci\u00f3n sin sacrificar su comodidad. <\/p>\n","protected":false},"excerpt":{"rendered":"<p>Protecci\u00f3n dorsal para moto innovadora que integra aire en una espuma especial que se endurece instant\u00e1neamente al impacto, ofreciendo as\u00ed un nivel de protecci\u00f3n sin precedentes.<\/p>\n","protected":false},"featured_media":22185,"template":"","meta":{"_acf_changed":false},"product_brand":[],"product_cat":[596,598],"product_tag":[],"class_list":{"0":"post-22182","1":"product","2":"type-product","3":"status-publish","4":"has-post-thumbnail","6":"product_cat-proteccion-dorsal","7":"product_cat-r2o-es","9":"first","10":"instock","11":"taxable","12":"shipping-taxable","13":"purchasable","14":"product-type-variable"},"acf":[],"yoast_head":"<!-- This site is optimized with the Yoast SEO Premium plugin v25.1 (Yoast SEO v27.3) - https:\/\/yoast.com\/product\/yoast-seo-premium-wordpress\/ -->\n<title>Protection dorsal inflable para motocicleta R2O - RXR Protect Officiel<\/title>\n<meta name=\"description\" content=\"Descubra nuestra protecci\u00f3n dorsal inflable para moto R2O, que integra aire en una espuma que se endurece con el impacto, \u00a1ofreciendo un nivel muy alto de protecci\u00f3n!\" \/>\n<meta name=\"robots\" content=\"index, follow, max-snippet:-1, max-image-preview:large, max-video-preview:-1\" \/>\n<link rel=\"canonical\" href=\"https:\/\/rxrprotect.com\/es\/official-store-es\/proteccion-dorsal\/r2o-es\/dorsal-r2o\/\" \/>\n<meta property=\"og:locale\" content=\"es_ES\" \/>\n<meta property=\"og:type\" content=\"article\" \/>\n<meta property=\"og:title\" content=\"Dorsal R2O\" \/>\n<meta property=\"og:description\" content=\"Descubra nuestra protecci\u00f3n dorsal inflable para moto R2O, que integra aire en una espuma que se endurece con el impacto, \u00a1ofreciendo un nivel muy alto de protecci\u00f3n!\" \/>\n<meta property=\"og:url\" content=\"https:\/\/rxrprotect.com\/es\/official-store-es\/proteccion-dorsal\/r2o-es\/dorsal-r2o\/\" \/>\n<meta property=\"og:site_name\" content=\"RXR Protect\" \/>\n<meta property=\"article:publisher\" content=\"https:\/\/www.facebook.com\/rxrprotectcom\" \/>\n<meta property=\"article:modified_time\" content=\"2026-01-07T10:49:52+00:00\" \/>\n<meta property=\"og:image\" content=\"https:\/\/rxrprotect.com\/wp-content\/uploads\/2024\/03\/R20-4.jpg\" \/>\n\t<meta property=\"og:image:width\" content=\"1500\" \/>\n\t<meta property=\"og:image:height\" content=\"1500\" \/>\n\t<meta property=\"og:image:type\" content=\"image\/jpeg\" \/>\n<meta name=\"twitter:card\" content=\"summary_large_image\" \/>\n<script type=\"application\/ld+json\" class=\"yoast-schema-graph\">{\"@context\":\"https:\\\/\\\/schema.org\",\"@graph\":[{\"@type\":\"WebPage\",\"@id\":\"https:\\\/\\\/rxrprotect.com\\\/es\\\/official-store-es\\\/proteccion-dorsal\\\/r2o-es\\\/dorsal-r2o\\\/\",\"url\":\"https:\\\/\\\/rxrprotect.com\\\/es\\\/official-store-es\\\/proteccion-dorsal\\\/r2o-es\\\/dorsal-r2o\\\/\",\"name\":\"Protection dorsal inflable para motocicleta R2O - RXR Protect Officiel\",\"isPartOf\":{\"@id\":\"https:\\\/\\\/rxrprotect.com\\\/es\\\/#website\"},\"primaryImageOfPage\":{\"@id\":\"https:\\\/\\\/rxrprotect.com\\\/es\\\/official-store-es\\\/proteccion-dorsal\\\/r2o-es\\\/dorsal-r2o\\\/#primaryimage\"},\"image\":{\"@id\":\"https:\\\/\\\/rxrprotect.com\\\/es\\\/official-store-es\\\/proteccion-dorsal\\\/r2o-es\\\/dorsal-r2o\\\/#primaryimage\"},\"thumbnailUrl\":\"https:\\\/\\\/rxrprotect.com\\\/wp-content\\\/uploads\\\/2024\\\/03\\\/R20-4.jpg\",\"datePublished\":\"2024-03-14T13:33:34+00:00\",\"dateModified\":\"2026-01-07T10:49:52+00:00\",\"description\":\"Descubra nuestra protecci\u00f3n dorsal inflable para moto R2O, que integra aire en una espuma que se endurece con el impacto, \u00a1ofreciendo un nivel muy alto de protecci\u00f3n!\",\"breadcrumb\":{\"@id\":\"https:\\\/\\\/rxrprotect.com\\\/es\\\/official-store-es\\\/proteccion-dorsal\\\/r2o-es\\\/dorsal-r2o\\\/#breadcrumb\"},\"inLanguage\":\"es\",\"potentialAction\":[{\"@type\":\"ReadAction\",\"target\":[\"https:\\\/\\\/rxrprotect.com\\\/es\\\/official-store-es\\\/proteccion-dorsal\\\/r2o-es\\\/dorsal-r2o\\\/\"]}]},{\"@type\":\"ImageObject\",\"inLanguage\":\"es\",\"@id\":\"https:\\\/\\\/rxrprotect.com\\\/es\\\/official-store-es\\\/proteccion-dorsal\\\/r2o-es\\\/dorsal-r2o\\\/#primaryimage\",\"url\":\"https:\\\/\\\/rxrprotect.com\\\/wp-content\\\/uploads\\\/2024\\\/03\\\/R20-4.jpg\",\"contentUrl\":\"https:\\\/\\\/rxrprotect.com\\\/wp-content\\\/uploads\\\/2024\\\/03\\\/R20-4.jpg\",\"width\":1500,\"height\":1500,\"caption\":\"Dorsal inflable para moto RXR Protect\"},{\"@type\":\"BreadcrumbList\",\"@id\":\"https:\\\/\\\/rxrprotect.com\\\/es\\\/official-store-es\\\/proteccion-dorsal\\\/r2o-es\\\/dorsal-r2o\\\/#breadcrumb\",\"itemListElement\":[{\"@type\":\"ListItem\",\"position\":1,\"name\":\"Accueil\",\"item\":\"https:\\\/\\\/rxrprotect.com\\\/es\\\/\"},{\"@type\":\"ListItem\",\"position\":2,\"name\":\"Official store\",\"item\":\"https:\\\/\\\/rxrprotect.com\\\/es\\\/official-store-es\\\/\"},{\"@type\":\"ListItem\",\"position\":3,\"name\":\"Dorsal inflable R2O\"}]},{\"@type\":\"WebSite\",\"@id\":\"https:\\\/\\\/rxrprotect.com\\\/es\\\/#website\",\"url\":\"https:\\\/\\\/rxrprotect.com\\\/es\\\/\",\"name\":\"RXR Protect\",\"description\":\"Pare pierre et protection gonflable pour le motocross, le VTT et tous les sports extr\u00eames.\",\"publisher\":{\"@id\":\"https:\\\/\\\/rxrprotect.com\\\/es\\\/#organization\"},\"alternateName\":\"RXR\",\"potentialAction\":[{\"@type\":\"SearchAction\",\"target\":{\"@type\":\"EntryPoint\",\"urlTemplate\":\"https:\\\/\\\/rxrprotect.com\\\/es\\\/?s={search_term_string}\"},\"query-input\":{\"@type\":\"PropertyValueSpecification\",\"valueRequired\":true,\"valueName\":\"search_term_string\"}}],\"inLanguage\":\"es\"},{\"@type\":\"Organization\",\"@id\":\"https:\\\/\\\/rxrprotect.com\\\/es\\\/#organization\",\"name\":\"RXR Protect\",\"alternateName\":\"RXR\",\"url\":\"https:\\\/\\\/rxrprotect.com\\\/es\\\/\",\"logo\":{\"@type\":\"ImageObject\",\"inLanguage\":\"es\",\"@id\":\"https:\\\/\\\/rxrprotect.com\\\/es\\\/#\\\/schema\\\/logo\\\/image\\\/\",\"url\":\"https:\\\/\\\/rxrprotect.com\\\/wp-content\\\/uploads\\\/2023\\\/10\\\/RXR-Logo-Noir.png\",\"contentUrl\":\"https:\\\/\\\/rxrprotect.com\\\/wp-content\\\/uploads\\\/2023\\\/10\\\/RXR-Logo-Noir.png\",\"width\":500,\"height\":104,\"caption\":\"RXR Protect\"},\"image\":{\"@id\":\"https:\\\/\\\/rxrprotect.com\\\/es\\\/#\\\/schema\\\/logo\\\/image\\\/\"},\"sameAs\":[\"https:\\\/\\\/www.facebook.com\\\/rxrprotectcom\",\"https:\\\/\\\/www.instagram.com\\\/rxrprotect\\\/\",\"https:\\\/\\\/www.tiktok.com\\\/@rxrprotect.com\"],\"email\":\"info@rxrprotect.com\",\"telephone\":\"09 70 24 01 01\",\"legalName\":\"PRO SHOP RXR\",\"vatID\":\"FR05511897548\",\"taxID\":\"51189754800034\",\"numberOfEmployees\":{\"@type\":\"QuantitativeValue\",\"minValue\":\"1\",\"maxValue\":\"10\"},\"hasMerchantReturnPolicy\":{\"@type\":\"MerchantReturnPolicy\",\"merchantReturnLink\":\"https:\\\/\\\/rxrprotect.com\\\/conditions-generales-de-vente\\\/\"}}]}<\/script>\n<meta property=\"og:availability\" content=\"instock\" \/>\n<meta property=\"product:availability\" content=\"instock\" \/>\n<meta property=\"product:condition\" content=\"new\" \/>\n<!-- \/ Yoast SEO Premium plugin. -->","yoast_head_json":{"title":"Protection dorsal inflable para motocicleta R2O - RXR Protect Officiel","description":"Descubra nuestra protecci\u00f3n dorsal inflable para moto R2O, que integra aire en una espuma que se endurece con el impacto, \u00a1ofreciendo un nivel muy alto de protecci\u00f3n!","robots":{"index":"index","follow":"follow","max-snippet":"max-snippet:-1","max-image-preview":"max-image-preview:large","max-video-preview":"max-video-preview:-1"},"canonical":"https:\/\/rxrprotect.com\/es\/official-store-es\/proteccion-dorsal\/r2o-es\/dorsal-r2o\/","og_locale":"es_ES","og_type":"article","og_title":"Dorsal R2O","og_description":"Descubra nuestra protecci\u00f3n dorsal inflable para moto R2O, que integra aire en una espuma que se endurece con el impacto, \u00a1ofreciendo un nivel muy alto de protecci\u00f3n!","og_url":"https:\/\/rxrprotect.com\/es\/official-store-es\/proteccion-dorsal\/r2o-es\/dorsal-r2o\/","og_site_name":"RXR Protect","article_publisher":"https:\/\/www.facebook.com\/rxrprotectcom","article_modified_time":"2026-01-07T10:49:52+00:00","og_image":[{"width":1500,"height":1500,"url":"https:\/\/rxrprotect.com\/wp-content\/uploads\/2024\/03\/R20-4.jpg","type":"image\/jpeg"}],"twitter_card":"summary_large_image","schema":{"@context":"https:\/\/schema.org","@graph":[{"@type":"WebPage","@id":"https:\/\/rxrprotect.com\/es\/official-store-es\/proteccion-dorsal\/r2o-es\/dorsal-r2o\/","url":"https:\/\/rxrprotect.com\/es\/official-store-es\/proteccion-dorsal\/r2o-es\/dorsal-r2o\/","name":"Protection dorsal inflable para motocicleta R2O - RXR Protect Officiel","isPartOf":{"@id":"https:\/\/rxrprotect.com\/es\/#website"},"primaryImageOfPage":{"@id":"https:\/\/rxrprotect.com\/es\/official-store-es\/proteccion-dorsal\/r2o-es\/dorsal-r2o\/#primaryimage"},"image":{"@id":"https:\/\/rxrprotect.com\/es\/official-store-es\/proteccion-dorsal\/r2o-es\/dorsal-r2o\/#primaryimage"},"thumbnailUrl":"https:\/\/rxrprotect.com\/wp-content\/uploads\/2024\/03\/R20-4.jpg","datePublished":"2024-03-14T13:33:34+00:00","dateModified":"2026-01-07T10:49:52+00:00","description":"Descubra nuestra protecci\u00f3n dorsal inflable para moto R2O, que integra aire en una espuma que se endurece con el impacto, \u00a1ofreciendo un nivel muy alto de protecci\u00f3n!","breadcrumb":{"@id":"https:\/\/rxrprotect.com\/es\/official-store-es\/proteccion-dorsal\/r2o-es\/dorsal-r2o\/#breadcrumb"},"inLanguage":"es","potentialAction":[{"@type":"ReadAction","target":["https:\/\/rxrprotect.com\/es\/official-store-es\/proteccion-dorsal\/r2o-es\/dorsal-r2o\/"]}]},{"@type":"ImageObject","inLanguage":"es","@id":"https:\/\/rxrprotect.com\/es\/official-store-es\/proteccion-dorsal\/r2o-es\/dorsal-r2o\/#primaryimage","url":"https:\/\/rxrprotect.com\/wp-content\/uploads\/2024\/03\/R20-4.jpg","contentUrl":"https:\/\/rxrprotect.com\/wp-content\/uploads\/2024\/03\/R20-4.jpg","width":1500,"height":1500,"caption":"Dorsal inflable para moto RXR Protect"},{"@type":"BreadcrumbList","@id":"https:\/\/rxrprotect.com\/es\/official-store-es\/proteccion-dorsal\/r2o-es\/dorsal-r2o\/#breadcrumb","itemListElement":[{"@type":"ListItem","position":1,"name":"Accueil","item":"https:\/\/rxrprotect.com\/es\/"},{"@type":"ListItem","position":2,"name":"Official store","item":"https:\/\/rxrprotect.com\/es\/official-store-es\/"},{"@type":"ListItem","position":3,"name":"Dorsal inflable R2O"}]},{"@type":"WebSite","@id":"https:\/\/rxrprotect.com\/es\/#website","url":"https:\/\/rxrprotect.com\/es\/","name":"RXR Protect","description":"Pare pierre et protection gonflable pour le motocross, le VTT et tous les sports extr\u00eames.","publisher":{"@id":"https:\/\/rxrprotect.com\/es\/#organization"},"alternateName":"RXR","potentialAction":[{"@type":"SearchAction","target":{"@type":"EntryPoint","urlTemplate":"https:\/\/rxrprotect.com\/es\/?s={search_term_string}"},"query-input":{"@type":"PropertyValueSpecification","valueRequired":true,"valueName":"search_term_string"}}],"inLanguage":"es"},{"@type":"Organization","@id":"https:\/\/rxrprotect.com\/es\/#organization","name":"RXR Protect","alternateName":"RXR","url":"https:\/\/rxrprotect.com\/es\/","logo":{"@type":"ImageObject","inLanguage":"es","@id":"https:\/\/rxrprotect.com\/es\/#\/schema\/logo\/image\/","url":"https:\/\/rxrprotect.com\/wp-content\/uploads\/2023\/10\/RXR-Logo-Noir.png","contentUrl":"https:\/\/rxrprotect.com\/wp-content\/uploads\/2023\/10\/RXR-Logo-Noir.png","width":500,"height":104,"caption":"RXR Protect"},"image":{"@id":"https:\/\/rxrprotect.com\/es\/#\/schema\/logo\/image\/"},"sameAs":["https:\/\/www.facebook.com\/rxrprotectcom","https:\/\/www.instagram.com\/rxrprotect\/","https:\/\/www.tiktok.com\/@rxrprotect.com"],"email":"info@rxrprotect.com","telephone":"09 70 24 01 01","legalName":"PRO SHOP RXR","vatID":"FR05511897548","taxID":"51189754800034","numberOfEmployees":{"@type":"QuantitativeValue","minValue":"1","maxValue":"10"},"hasMerchantReturnPolicy":{"@type":"MerchantReturnPolicy","merchantReturnLink":"https:\/\/rxrprotect.com\/conditions-generales-de-vente\/"}}]},"og_availability":"instock","product_availability":"instock","product_condition":"new"},"_links":{"self":[{"href":"https:\/\/rxrprotect.com\/es\/wp-json\/wp\/v2\/product\/22182","targetHints":{"allow":["GET"]}}],"collection":[{"href":"https:\/\/rxrprotect.com\/es\/wp-json\/wp\/v2\/product"}],"about":[{"href":"https:\/\/rxrprotect.com\/es\/wp-json\/wp\/v2\/types\/product"}],"version-history":[{"count":0,"href":"https:\/\/rxrprotect.com\/es\/wp-json\/wp\/v2\/product\/22182\/revisions"}],"wp:featuredmedia":[{"embeddable":true,"href":"https:\/\/rxrprotect.com\/es\/wp-json\/wp\/v2\/media\/22185"}],"wp:attachment":[{"href":"https:\/\/rxrprotect.com\/es\/wp-json\/wp\/v2\/media?parent=22182"}],"wp:term":[{"taxonomy":"product_brand","embeddable":true,"href":"https:\/\/rxrprotect.com\/es\/wp-json\/wp\/v2\/product_brand?post=22182"},{"taxonomy":"product_cat","embeddable":true,"href":"https:\/\/rxrprotect.com\/es\/wp-json\/wp\/v2\/product_cat?post=22182"},{"taxonomy":"product_tag","embeddable":true,"href":"https:\/\/rxrprotect.com\/es\/wp-json\/wp\/v2\/product_tag?post=22182"}],"curies":[{"name":"wp","href":"https:\/\/api.w.org\/{rel}","templated":true}]}}