{"id":21462,"date":"2023-10-13T17:34:30","date_gmt":"2023-10-13T15:34:30","guid":{"rendered":"https:\/\/rxrprotect.com\/boutique\/sin%20categor\u00eda\/takoff\/"},"modified":"2026-01-07T12:07:00","modified_gmt":"2026-01-07T11:07:00","slug":"takoff","status":"publish","type":"product","link":"https:\/\/rxrprotect.com\/es\/official-store-es\/proteccion-de-rodillas-y-caderas\/takoff-es\/takoff\/","title":{"rendered":"Takoff"},"content":{"rendered":"<p>Descubra el primer culotte de protecci\u00f3n que incorpora almohadillas hinchables con tecnolog\u00eda ASA, dise\u00f1adas para ofrecerle una comodidad inigualable durante sus actividades sobre dos ruedas.<br \/>\nEstos innovadores pantalones cortos combinan la comodidad con una protecci\u00f3n ligera, para que puedas concentrarte plenamente en tu rendimiento.<\/p>\n<p>La tecnolog\u00eda ASA (Air Shock Absorber) revoluciona la forma de integrar la protecci\u00f3n en la ropa deportiva. Las almohadillas hinchables est\u00e1n estrat\u00e9gicamente situadas para proporcionar una protecci\u00f3n suave a las caderas, los muslos y el coxis. Estos PAD absorben y disipan los peque\u00f1os impactos, reduciendo el riesgo de lesiones leves.  <\/p>\n<p>Fabricados con materiales de alta calidad, nuestros pantalones cortos de protecci\u00f3n son ligeros y duraderos. El tejido el\u00e1stico y transpirable garantiza un ajuste perfecto y un confort \u00f3ptimo. Las costuras reforzadas garantizan una larga vida \u00fatil del producto, mientras que el dise\u00f1o ergon\u00f3mico permite una total libertad de movimientos.  <\/p>\n<p>Tanto si practicas ciclismo de monta\u00f1a, skateboarding, snowboarding o cualquier otro deporte, este pantal\u00f3n corto es perfecto para cualquier situaci\u00f3n. Su corte moderno y su dise\u00f1o discreto permiten llevarlo debajo de cualquier equipaci\u00f3n sin molestias. <\/p>\n<p>Elige nuestros shorts con badanas hinchables con tecnolog\u00eda ASA y disfruta de una comodidad inigualable.<\/p>\n","protected":false},"excerpt":{"rendered":"<p>\u00a1El primer pantal\u00f3n corto de protecci\u00f3n con PAD hinchables para protegerte durante tus actividades deportivas!<\/p>\n","protected":false},"featured_media":21463,"template":"","meta":{"_acf_changed":false},"product_brand":[],"product_cat":[618,609],"product_tag":[],"class_list":{"0":"post-21462","1":"product","2":"type-product","3":"status-publish","4":"has-post-thumbnail","6":"product_cat-proteccion-de-rodillas-y-caderas","7":"product_cat-takoff-es","9":"first","10":"instock","11":"taxable","12":"shipping-taxable","13":"purchasable","14":"product-type-variable"},"acf":[],"yoast_head":"<!-- This site is optimized with the Yoast SEO Premium plugin v25.1 (Yoast SEO v27.3) - https:\/\/yoast.com\/product\/yoast-seo-premium-wordpress\/ -->\n<title>Pantalones cortos de protecci\u00f3n deportiva TakOff | RXR Protect<\/title>\n<meta name=\"description\" content=\"Descubre nuestros pantalones cortos de protecci\u00f3n TakOff, que ofrecen un confort \u00f3ptimo y una mayor seguridad para todos tus deportes extremos y actividades de alto riesgo.\" \/>\n<meta name=\"robots\" content=\"index, follow, max-snippet:-1, max-image-preview:large, max-video-preview:-1\" \/>\n<link rel=\"canonical\" href=\"https:\/\/rxrprotect.com\/es\/official-store-es\/proteccion-de-rodillas-y-caderas\/takoff-es\/takoff\/\" \/>\n<meta property=\"og:locale\" content=\"es_ES\" \/>\n<meta property=\"og:type\" content=\"article\" \/>\n<meta property=\"og:title\" content=\"Takoff\" \/>\n<meta property=\"og:description\" content=\"Descubre nuestros pantalones cortos de protecci\u00f3n TakOff, que ofrecen un confort \u00f3ptimo y una mayor seguridad para todos tus deportes extremos y actividades de alto riesgo.\" \/>\n<meta property=\"og:url\" content=\"https:\/\/rxrprotect.com\/es\/official-store-es\/proteccion-de-rodillas-y-caderas\/takoff-es\/takoff\/\" \/>\n<meta property=\"og:site_name\" content=\"RXR Protect\" \/>\n<meta property=\"article:publisher\" content=\"https:\/\/www.facebook.com\/rxrprotectcom\" \/>\n<meta property=\"article:modified_time\" content=\"2026-01-07T11:07:00+00:00\" \/>\n<meta property=\"og:image\" content=\"https:\/\/rxrprotect.com\/wp-content\/uploads\/2023\/10\/TAKEOFF-1.jpg\" \/>\n\t<meta property=\"og:image:width\" content=\"1500\" \/>\n\t<meta property=\"og:image:height\" content=\"1500\" \/>\n\t<meta property=\"og:image:type\" content=\"image\/jpeg\" \/>\n<meta name=\"twitter:card\" content=\"summary_large_image\" \/>\n<script type=\"application\/ld+json\" class=\"yoast-schema-graph\">{\"@context\":\"https:\\\/\\\/schema.org\",\"@graph\":[{\"@type\":\"WebPage\",\"@id\":\"https:\\\/\\\/rxrprotect.com\\\/es\\\/official-store-es\\\/proteccion-de-rodillas-y-caderas\\\/takoff-es\\\/takoff\\\/\",\"url\":\"https:\\\/\\\/rxrprotect.com\\\/es\\\/official-store-es\\\/proteccion-de-rodillas-y-caderas\\\/takoff-es\\\/takoff\\\/\",\"name\":\"Pantalones cortos de protecci\u00f3n deportiva TakOff | RXR Protect\",\"isPartOf\":{\"@id\":\"https:\\\/\\\/rxrprotect.com\\\/es\\\/#website\"},\"primaryImageOfPage\":{\"@id\":\"https:\\\/\\\/rxrprotect.com\\\/es\\\/official-store-es\\\/proteccion-de-rodillas-y-caderas\\\/takoff-es\\\/takoff\\\/#primaryimage\"},\"image\":{\"@id\":\"https:\\\/\\\/rxrprotect.com\\\/es\\\/official-store-es\\\/proteccion-de-rodillas-y-caderas\\\/takoff-es\\\/takoff\\\/#primaryimage\"},\"thumbnailUrl\":\"https:\\\/\\\/rxrprotect.com\\\/wp-content\\\/uploads\\\/2023\\\/10\\\/TAKEOFF-1.jpg\",\"datePublished\":\"2023-10-13T15:34:30+00:00\",\"dateModified\":\"2026-01-07T11:07:00+00:00\",\"description\":\"Descubre nuestros pantalones cortos de protecci\u00f3n TakOff, que ofrecen un confort \u00f3ptimo y una mayor seguridad para todos tus deportes extremos y actividades de alto riesgo.\",\"breadcrumb\":{\"@id\":\"https:\\\/\\\/rxrprotect.com\\\/es\\\/official-store-es\\\/proteccion-de-rodillas-y-caderas\\\/takoff-es\\\/takoff\\\/#breadcrumb\"},\"inLanguage\":\"es\",\"potentialAction\":[{\"@type\":\"ReadAction\",\"target\":[\"https:\\\/\\\/rxrprotect.com\\\/es\\\/official-store-es\\\/proteccion-de-rodillas-y-caderas\\\/takoff-es\\\/takoff\\\/\"]}]},{\"@type\":\"ImageObject\",\"inLanguage\":\"es\",\"@id\":\"https:\\\/\\\/rxrprotect.com\\\/es\\\/official-store-es\\\/proteccion-de-rodillas-y-caderas\\\/takoff-es\\\/takoff\\\/#primaryimage\",\"url\":\"https:\\\/\\\/rxrprotect.com\\\/wp-content\\\/uploads\\\/2023\\\/10\\\/TAKEOFF-1.jpg\",\"contentUrl\":\"https:\\\/\\\/rxrprotect.com\\\/wp-content\\\/uploads\\\/2023\\\/10\\\/TAKEOFF-1.jpg\",\"width\":1500,\"height\":1500,\"caption\":\"Pantal\u00f3n corto de protecci\u00f3n deportiva TakOff RXR Protect\"},{\"@type\":\"BreadcrumbList\",\"@id\":\"https:\\\/\\\/rxrprotect.com\\\/es\\\/official-store-es\\\/proteccion-de-rodillas-y-caderas\\\/takoff-es\\\/takoff\\\/#breadcrumb\",\"itemListElement\":[{\"@type\":\"ListItem\",\"position\":1,\"name\":\"Accueil\",\"item\":\"https:\\\/\\\/rxrprotect.com\\\/es\\\/\"},{\"@type\":\"ListItem\",\"position\":2,\"name\":\"Official store\",\"item\":\"https:\\\/\\\/rxrprotect.com\\\/es\\\/official-store-es\\\/\"},{\"@type\":\"ListItem\",\"position\":3,\"name\":\"Takoff\"}]},{\"@type\":\"WebSite\",\"@id\":\"https:\\\/\\\/rxrprotect.com\\\/es\\\/#website\",\"url\":\"https:\\\/\\\/rxrprotect.com\\\/es\\\/\",\"name\":\"RXR Protect\",\"description\":\"Pare pierre et protection gonflable pour le motocross, le VTT et tous les sports extr\u00eames.\",\"publisher\":{\"@id\":\"https:\\\/\\\/rxrprotect.com\\\/es\\\/#organization\"},\"alternateName\":\"RXR\",\"potentialAction\":[{\"@type\":\"SearchAction\",\"target\":{\"@type\":\"EntryPoint\",\"urlTemplate\":\"https:\\\/\\\/rxrprotect.com\\\/es\\\/?s={search_term_string}\"},\"query-input\":{\"@type\":\"PropertyValueSpecification\",\"valueRequired\":true,\"valueName\":\"search_term_string\"}}],\"inLanguage\":\"es\"},{\"@type\":\"Organization\",\"@id\":\"https:\\\/\\\/rxrprotect.com\\\/es\\\/#organization\",\"name\":\"RXR Protect\",\"alternateName\":\"RXR\",\"url\":\"https:\\\/\\\/rxrprotect.com\\\/es\\\/\",\"logo\":{\"@type\":\"ImageObject\",\"inLanguage\":\"es\",\"@id\":\"https:\\\/\\\/rxrprotect.com\\\/es\\\/#\\\/schema\\\/logo\\\/image\\\/\",\"url\":\"https:\\\/\\\/rxrprotect.com\\\/wp-content\\\/uploads\\\/2023\\\/10\\\/RXR-Logo-Noir.png\",\"contentUrl\":\"https:\\\/\\\/rxrprotect.com\\\/wp-content\\\/uploads\\\/2023\\\/10\\\/RXR-Logo-Noir.png\",\"width\":500,\"height\":104,\"caption\":\"RXR Protect\"},\"image\":{\"@id\":\"https:\\\/\\\/rxrprotect.com\\\/es\\\/#\\\/schema\\\/logo\\\/image\\\/\"},\"sameAs\":[\"https:\\\/\\\/www.facebook.com\\\/rxrprotectcom\",\"https:\\\/\\\/www.instagram.com\\\/rxrprotect\\\/\",\"https:\\\/\\\/www.tiktok.com\\\/@rxrprotect.com\"],\"email\":\"info@rxrprotect.com\",\"telephone\":\"09 70 24 01 01\",\"legalName\":\"PRO SHOP RXR\",\"vatID\":\"FR05511897548\",\"taxID\":\"51189754800034\",\"numberOfEmployees\":{\"@type\":\"QuantitativeValue\",\"minValue\":\"1\",\"maxValue\":\"10\"},\"hasMerchantReturnPolicy\":{\"@type\":\"MerchantReturnPolicy\",\"merchantReturnLink\":\"https:\\\/\\\/rxrprotect.com\\\/conditions-generales-de-vente\\\/\"}}]}<\/script>\n<meta property=\"og:availability\" content=\"instock\" \/>\n<meta property=\"product:availability\" content=\"instock\" \/>\n<meta property=\"product:condition\" content=\"new\" \/>\n<!-- \/ Yoast SEO Premium plugin. -->","yoast_head_json":{"title":"Pantalones cortos de protecci\u00f3n deportiva TakOff | RXR Protect","description":"Descubre nuestros pantalones cortos de protecci\u00f3n TakOff, que ofrecen un confort \u00f3ptimo y una mayor seguridad para todos tus deportes extremos y actividades de alto riesgo.","robots":{"index":"index","follow":"follow","max-snippet":"max-snippet:-1","max-image-preview":"max-image-preview:large","max-video-preview":"max-video-preview:-1"},"canonical":"https:\/\/rxrprotect.com\/es\/official-store-es\/proteccion-de-rodillas-y-caderas\/takoff-es\/takoff\/","og_locale":"es_ES","og_type":"article","og_title":"Takoff","og_description":"Descubre nuestros pantalones cortos de protecci\u00f3n TakOff, que ofrecen un confort \u00f3ptimo y una mayor seguridad para todos tus deportes extremos y actividades de alto riesgo.","og_url":"https:\/\/rxrprotect.com\/es\/official-store-es\/proteccion-de-rodillas-y-caderas\/takoff-es\/takoff\/","og_site_name":"RXR Protect","article_publisher":"https:\/\/www.facebook.com\/rxrprotectcom","article_modified_time":"2026-01-07T11:07:00+00:00","og_image":[{"width":1500,"height":1500,"url":"https:\/\/rxrprotect.com\/wp-content\/uploads\/2023\/10\/TAKEOFF-1.jpg","type":"image\/jpeg"}],"twitter_card":"summary_large_image","schema":{"@context":"https:\/\/schema.org","@graph":[{"@type":"WebPage","@id":"https:\/\/rxrprotect.com\/es\/official-store-es\/proteccion-de-rodillas-y-caderas\/takoff-es\/takoff\/","url":"https:\/\/rxrprotect.com\/es\/official-store-es\/proteccion-de-rodillas-y-caderas\/takoff-es\/takoff\/","name":"Pantalones cortos de protecci\u00f3n deportiva TakOff | RXR Protect","isPartOf":{"@id":"https:\/\/rxrprotect.com\/es\/#website"},"primaryImageOfPage":{"@id":"https:\/\/rxrprotect.com\/es\/official-store-es\/proteccion-de-rodillas-y-caderas\/takoff-es\/takoff\/#primaryimage"},"image":{"@id":"https:\/\/rxrprotect.com\/es\/official-store-es\/proteccion-de-rodillas-y-caderas\/takoff-es\/takoff\/#primaryimage"},"thumbnailUrl":"https:\/\/rxrprotect.com\/wp-content\/uploads\/2023\/10\/TAKEOFF-1.jpg","datePublished":"2023-10-13T15:34:30+00:00","dateModified":"2026-01-07T11:07:00+00:00","description":"Descubre nuestros pantalones cortos de protecci\u00f3n TakOff, que ofrecen un confort \u00f3ptimo y una mayor seguridad para todos tus deportes extremos y actividades de alto riesgo.","breadcrumb":{"@id":"https:\/\/rxrprotect.com\/es\/official-store-es\/proteccion-de-rodillas-y-caderas\/takoff-es\/takoff\/#breadcrumb"},"inLanguage":"es","potentialAction":[{"@type":"ReadAction","target":["https:\/\/rxrprotect.com\/es\/official-store-es\/proteccion-de-rodillas-y-caderas\/takoff-es\/takoff\/"]}]},{"@type":"ImageObject","inLanguage":"es","@id":"https:\/\/rxrprotect.com\/es\/official-store-es\/proteccion-de-rodillas-y-caderas\/takoff-es\/takoff\/#primaryimage","url":"https:\/\/rxrprotect.com\/wp-content\/uploads\/2023\/10\/TAKEOFF-1.jpg","contentUrl":"https:\/\/rxrprotect.com\/wp-content\/uploads\/2023\/10\/TAKEOFF-1.jpg","width":1500,"height":1500,"caption":"Pantal\u00f3n corto de protecci\u00f3n deportiva TakOff RXR Protect"},{"@type":"BreadcrumbList","@id":"https:\/\/rxrprotect.com\/es\/official-store-es\/proteccion-de-rodillas-y-caderas\/takoff-es\/takoff\/#breadcrumb","itemListElement":[{"@type":"ListItem","position":1,"name":"Accueil","item":"https:\/\/rxrprotect.com\/es\/"},{"@type":"ListItem","position":2,"name":"Official store","item":"https:\/\/rxrprotect.com\/es\/official-store-es\/"},{"@type":"ListItem","position":3,"name":"Takoff"}]},{"@type":"WebSite","@id":"https:\/\/rxrprotect.com\/es\/#website","url":"https:\/\/rxrprotect.com\/es\/","name":"RXR Protect","description":"Pare pierre et protection gonflable pour le motocross, le VTT et tous les sports extr\u00eames.","publisher":{"@id":"https:\/\/rxrprotect.com\/es\/#organization"},"alternateName":"RXR","potentialAction":[{"@type":"SearchAction","target":{"@type":"EntryPoint","urlTemplate":"https:\/\/rxrprotect.com\/es\/?s={search_term_string}"},"query-input":{"@type":"PropertyValueSpecification","valueRequired":true,"valueName":"search_term_string"}}],"inLanguage":"es"},{"@type":"Organization","@id":"https:\/\/rxrprotect.com\/es\/#organization","name":"RXR Protect","alternateName":"RXR","url":"https:\/\/rxrprotect.com\/es\/","logo":{"@type":"ImageObject","inLanguage":"es","@id":"https:\/\/rxrprotect.com\/es\/#\/schema\/logo\/image\/","url":"https:\/\/rxrprotect.com\/wp-content\/uploads\/2023\/10\/RXR-Logo-Noir.png","contentUrl":"https:\/\/rxrprotect.com\/wp-content\/uploads\/2023\/10\/RXR-Logo-Noir.png","width":500,"height":104,"caption":"RXR Protect"},"image":{"@id":"https:\/\/rxrprotect.com\/es\/#\/schema\/logo\/image\/"},"sameAs":["https:\/\/www.facebook.com\/rxrprotectcom","https:\/\/www.instagram.com\/rxrprotect\/","https:\/\/www.tiktok.com\/@rxrprotect.com"],"email":"info@rxrprotect.com","telephone":"09 70 24 01 01","legalName":"PRO SHOP RXR","vatID":"FR05511897548","taxID":"51189754800034","numberOfEmployees":{"@type":"QuantitativeValue","minValue":"1","maxValue":"10"},"hasMerchantReturnPolicy":{"@type":"MerchantReturnPolicy","merchantReturnLink":"https:\/\/rxrprotect.com\/conditions-generales-de-vente\/"}}]},"og_availability":"instock","product_availability":"instock","product_condition":"new"},"_links":{"self":[{"href":"https:\/\/rxrprotect.com\/es\/wp-json\/wp\/v2\/product\/21462","targetHints":{"allow":["GET"]}}],"collection":[{"href":"https:\/\/rxrprotect.com\/es\/wp-json\/wp\/v2\/product"}],"about":[{"href":"https:\/\/rxrprotect.com\/es\/wp-json\/wp\/v2\/types\/product"}],"version-history":[{"count":0,"href":"https:\/\/rxrprotect.com\/es\/wp-json\/wp\/v2\/product\/21462\/revisions"}],"wp:featuredmedia":[{"embeddable":true,"href":"https:\/\/rxrprotect.com\/es\/wp-json\/wp\/v2\/media\/21463"}],"wp:attachment":[{"href":"https:\/\/rxrprotect.com\/es\/wp-json\/wp\/v2\/media?parent=21462"}],"wp:term":[{"taxonomy":"product_brand","embeddable":true,"href":"https:\/\/rxrprotect.com\/es\/wp-json\/wp\/v2\/product_brand?post=21462"},{"taxonomy":"product_cat","embeddable":true,"href":"https:\/\/rxrprotect.com\/es\/wp-json\/wp\/v2\/product_cat?post=21462"},{"taxonomy":"product_tag","embeddable":true,"href":"https:\/\/rxrprotect.com\/es\/wp-json\/wp\/v2\/product_tag?post=21462"}],"curies":[{"name":"wp","href":"https:\/\/api.w.org\/{rel}","templated":true}]}}