{"id":21357,"date":"2023-11-17T12:15:34","date_gmt":"2023-11-17T11:15:34","guid":{"rendered":"https:\/\/rxrprotect.com\/boutique\/sin%20categor\u00eda\/x-cross-green-izquierda\/"},"modified":"2025-08-14T15:00:40","modified_gmt":"2025-08-14T13:00:40","slug":"x-cross-green-izquierda","status":"publish","type":"product","link":"https:\/\/rxrprotect.com\/es\/official-store-es\/proteccion-de-rodillas-y-caderas\/x-cross-es\/x-cross-green-izquierda\/","title":{"rendered":"X-Cross Green Izquierda"},"content":{"rendered":"<h2>Ortesis de rodilla X-Cross: soporte adaptado para deporte y rehabilitaci\u00f3n<\/h2>\n<h3>Dise\u00f1o innovador para una asistencia personalizada<\/h3>\n<p>La rodillera <strong>X-Cross<\/strong> ha sido desarrollada para proporcionar un soporte ultra-alto para cada forma de cuerpo. Esta rodillera es ideal para deportes como el <strong>motocross<\/strong>, el <strong>esqu\u00ed<\/strong> y el <strong>snowboard<\/strong>. Tambi\u00e9n se recomienda para la rehabilitaci\u00f3n postoperatoria tras una intervenci\u00f3n quir\u00fargica.  <\/p>\n<h3>Caracter\u00edsticas principales<\/h3>\n<ul>\n<li><strong>Soporte ajustable :<\/strong><br \/>\nLa ortesis tiene una parte met\u00e1lica r\u00edgida articulada, que proporciona una sujeci\u00f3n de la rodilla totalmente ajustable. Evita la torsi\u00f3n, la hiperflexi\u00f3n y la hiperextensi\u00f3n. <\/li>\n<li><strong>Comodidad y ventilaci\u00f3n:<\/strong><br \/>\nGracias a su dise\u00f1o c\u00f3modo y ventilado, es c\u00f3modo de llevar incluso durante una actividad intensa.<\/li>\n<li><strong>Protecci\u00f3n contra golpes:<\/strong><br \/>\nEl X-Cross puede equiparse con una carcasa protectora contra golpes y salpicaduras.<\/li>\n<li><strong>Sistema de sujeci\u00f3n de 4 puntos:<\/strong><br \/>\nEste sistema garantiza una sujeci\u00f3n \u00f3ptima de la rodilla, esencial para actividades deportivas exigentes.<\/li>\n<\/ul>\n<h3>Peso y disponibilidad<\/h3>\n<ul>\n<li><strong>Ligera:<\/strong><br \/>\nLa ortesis es t\u00e9cnica y ligera, pesa unos <strong>650 gramos.<\/strong><\/li>\n<li><strong>Tallas disponibles :<\/strong><br \/>\nDisponible en <strong>cuatro tallas<\/strong>, ofrece un soporte que se adapta a todas las formas del cuerpo.<\/li>\n<\/ul>\n<h3>Aplicaciones m\u00e9dicas<\/h3>\n<ul>\n<li><strong>Patolog\u00edas objetivo :<\/strong><br \/>\nAdecuado para patolog\u00edas del <strong>LCA<\/strong>, <strong>LCP<\/strong>,<strong> LLE<\/strong> y<strong> LLI<\/strong>.<\/li>\n<li><strong>Pre y postoperatorio:<\/strong><br \/>\nPuede utilizarse antes o despu\u00e9s de una operaci\u00f3n de ligamentos y durante la fase de rehabilitaci\u00f3n.<\/li>\n<\/ul>\n<h3>Ajustes de amplitud de movimiento<\/h3>\n<p>Es posible limitar el rango de movimiento en flexi\u00f3n o extensi\u00f3n colocando los topes suministrados en la articulaci\u00f3n. Los ajustes disponibles son : <\/p>\n<ul>\n<li><strong>L\u00edmites de extensi\u00f3n:<\/strong> 0\u00b0, 10\u00b0, 20\u00b0, 30\u00b0, 40\u00b0.<\/li>\n<li><strong>L\u00edmites de flexi\u00f3n:<\/strong> 0\u00b0, 10\u00b0, 20\u00b0, 30\u00b0, 45\u00b0, 60\u00b0, 75\u00b0, 90\u00b0.<\/li>\n<li><strong>L\u00edmites de bloqueo:<\/strong> 0\u00b0, 10\u00b0, 20\u00b0, 30\u00b0.<\/li>\n<\/ul>\n<h3>Accesorios incluidos<\/h3>\n<ul>\n<li><strong>Almohadillas laterales:<\/strong><br \/>\nSe suministra con dos grosores de almohadillas laterales (7 mm y 15 mm) para garantizar un posicionamiento y apoyo \u00f3ptimos.<\/li>\n<\/ul>\n<h3>Informaci\u00f3n t\u00e9cnica<\/h3>\n<ul>\n<li><strong>C\u00d3DIGO LPP: <\/strong>2152211<\/li>\n<li><strong>Nomenclatura :<\/strong> 7182180<\/li>\n<\/ul>\n","protected":false},"excerpt":{"rendered":"<p>\u00a1Una ortesis de rodilla \/ rodillera desarrollada para ofrecer una incre\u00edble relaci\u00f3n calidad-precio!<\/p>\n","protected":false},"featured_media":21358,"template":"","meta":{"_acf_changed":false},"product_brand":[],"product_cat":[618,611],"product_tag":[],"class_list":{"0":"post-21357","1":"product","2":"type-product","3":"status-publish","4":"has-post-thumbnail","6":"product_cat-proteccion-de-rodillas-y-caderas","7":"product_cat-x-cross-es","9":"first","10":"instock","11":"taxable","12":"shipping-taxable","13":"purchasable","14":"product-type-variable"},"acf":[],"yoast_head":"<!-- This site is optimized with the Yoast SEO Premium plugin v25.1 (Yoast SEO v27.3) - https:\/\/yoast.com\/product\/yoast-seo-premium-wordpress\/ -->\n<title>X-Cross Green Izquierda | RXR Protect<\/title>\n<meta name=\"robots\" content=\"index, follow, max-snippet:-1, max-image-preview:large, max-video-preview:-1\" \/>\n<link rel=\"canonical\" href=\"https:\/\/rxrprotect.com\/es\/official-store-es\/proteccion-de-rodillas-y-caderas\/x-cross-es\/x-cross-green-izquierda\/\" \/>\n<meta property=\"og:locale\" content=\"es_ES\" \/>\n<meta property=\"og:type\" content=\"article\" \/>\n<meta property=\"og:title\" content=\"X-Cross Green Izquierda\" \/>\n<meta property=\"og:description\" content=\"\u00a1Una ortesis de rodilla \/ rodillera desarrollada para ofrecer una incre\u00edble relaci\u00f3n calidad-precio!\" \/>\n<meta property=\"og:url\" content=\"https:\/\/rxrprotect.com\/es\/official-store-es\/proteccion-de-rodillas-y-caderas\/x-cross-es\/x-cross-green-izquierda\/\" \/>\n<meta property=\"og:site_name\" content=\"RXR Protect\" \/>\n<meta property=\"article:publisher\" content=\"https:\/\/www.facebook.com\/rxrprotectcom\" \/>\n<meta property=\"article:modified_time\" content=\"2025-08-14T13:00:40+00:00\" \/>\n<meta property=\"og:image\" content=\"https:\/\/rxrprotect.com\/wp-content\/uploads\/2023\/11\/XCROSS-Grenn_left-1.jpg\" \/>\n\t<meta property=\"og:image:width\" content=\"1500\" \/>\n\t<meta property=\"og:image:height\" content=\"1500\" \/>\n\t<meta property=\"og:image:type\" content=\"image\/jpeg\" \/>\n<meta name=\"twitter:card\" content=\"summary_large_image\" \/>\n<script type=\"application\/ld+json\" class=\"yoast-schema-graph\">{\"@context\":\"https:\\\/\\\/schema.org\",\"@graph\":[{\"@type\":\"WebPage\",\"@id\":\"https:\\\/\\\/rxrprotect.com\\\/es\\\/official-store-es\\\/proteccion-de-rodillas-y-caderas\\\/x-cross-es\\\/x-cross-green-izquierda\\\/\",\"url\":\"https:\\\/\\\/rxrprotect.com\\\/es\\\/official-store-es\\\/proteccion-de-rodillas-y-caderas\\\/x-cross-es\\\/x-cross-green-izquierda\\\/\",\"name\":\"X-Cross Green Izquierda | RXR Protect\",\"isPartOf\":{\"@id\":\"https:\\\/\\\/rxrprotect.com\\\/es\\\/#website\"},\"primaryImageOfPage\":{\"@id\":\"https:\\\/\\\/rxrprotect.com\\\/es\\\/official-store-es\\\/proteccion-de-rodillas-y-caderas\\\/x-cross-es\\\/x-cross-green-izquierda\\\/#primaryimage\"},\"image\":{\"@id\":\"https:\\\/\\\/rxrprotect.com\\\/es\\\/official-store-es\\\/proteccion-de-rodillas-y-caderas\\\/x-cross-es\\\/x-cross-green-izquierda\\\/#primaryimage\"},\"thumbnailUrl\":\"https:\\\/\\\/rxrprotect.com\\\/wp-content\\\/uploads\\\/2023\\\/11\\\/XCROSS-Grenn_left-1.jpg\",\"datePublished\":\"2023-11-17T11:15:34+00:00\",\"dateModified\":\"2025-08-14T13:00:40+00:00\",\"breadcrumb\":{\"@id\":\"https:\\\/\\\/rxrprotect.com\\\/es\\\/official-store-es\\\/proteccion-de-rodillas-y-caderas\\\/x-cross-es\\\/x-cross-green-izquierda\\\/#breadcrumb\"},\"inLanguage\":\"es\",\"potentialAction\":[{\"@type\":\"ReadAction\",\"target\":[\"https:\\\/\\\/rxrprotect.com\\\/es\\\/official-store-es\\\/proteccion-de-rodillas-y-caderas\\\/x-cross-es\\\/x-cross-green-izquierda\\\/\"]}]},{\"@type\":\"ImageObject\",\"inLanguage\":\"es\",\"@id\":\"https:\\\/\\\/rxrprotect.com\\\/es\\\/official-store-es\\\/proteccion-de-rodillas-y-caderas\\\/x-cross-es\\\/x-cross-green-izquierda\\\/#primaryimage\",\"url\":\"https:\\\/\\\/rxrprotect.com\\\/wp-content\\\/uploads\\\/2023\\\/11\\\/XCROSS-Grenn_left-1.jpg\",\"contentUrl\":\"https:\\\/\\\/rxrprotect.com\\\/wp-content\\\/uploads\\\/2023\\\/11\\\/XCROSS-Grenn_left-1.jpg\",\"width\":1500,\"height\":1500,\"caption\":\"Ortesis de rodilla X-Cross RXR Protect Motocross Esqu\u00ed Snowboard\"},{\"@type\":\"BreadcrumbList\",\"@id\":\"https:\\\/\\\/rxrprotect.com\\\/es\\\/official-store-es\\\/proteccion-de-rodillas-y-caderas\\\/x-cross-es\\\/x-cross-green-izquierda\\\/#breadcrumb\",\"itemListElement\":[{\"@type\":\"ListItem\",\"position\":1,\"name\":\"Accueil\",\"item\":\"https:\\\/\\\/rxrprotect.com\\\/es\\\/\"},{\"@type\":\"ListItem\",\"position\":2,\"name\":\"Official store\",\"item\":\"https:\\\/\\\/rxrprotect.com\\\/es\\\/official-store-es\\\/\"},{\"@type\":\"ListItem\",\"position\":3,\"name\":\"X-Cross Green Izquierda\"}]},{\"@type\":\"WebSite\",\"@id\":\"https:\\\/\\\/rxrprotect.com\\\/es\\\/#website\",\"url\":\"https:\\\/\\\/rxrprotect.com\\\/es\\\/\",\"name\":\"RXR Protect\",\"description\":\"Pare pierre et protection gonflable pour le motocross, le VTT et tous les sports extr\u00eames.\",\"publisher\":{\"@id\":\"https:\\\/\\\/rxrprotect.com\\\/es\\\/#organization\"},\"alternateName\":\"RXR\",\"potentialAction\":[{\"@type\":\"SearchAction\",\"target\":{\"@type\":\"EntryPoint\",\"urlTemplate\":\"https:\\\/\\\/rxrprotect.com\\\/es\\\/?s={search_term_string}\"},\"query-input\":{\"@type\":\"PropertyValueSpecification\",\"valueRequired\":true,\"valueName\":\"search_term_string\"}}],\"inLanguage\":\"es\"},{\"@type\":\"Organization\",\"@id\":\"https:\\\/\\\/rxrprotect.com\\\/es\\\/#organization\",\"name\":\"RXR Protect\",\"alternateName\":\"RXR\",\"url\":\"https:\\\/\\\/rxrprotect.com\\\/es\\\/\",\"logo\":{\"@type\":\"ImageObject\",\"inLanguage\":\"es\",\"@id\":\"https:\\\/\\\/rxrprotect.com\\\/es\\\/#\\\/schema\\\/logo\\\/image\\\/\",\"url\":\"https:\\\/\\\/rxrprotect.com\\\/wp-content\\\/uploads\\\/2023\\\/10\\\/RXR-Logo-Noir.png\",\"contentUrl\":\"https:\\\/\\\/rxrprotect.com\\\/wp-content\\\/uploads\\\/2023\\\/10\\\/RXR-Logo-Noir.png\",\"width\":500,\"height\":104,\"caption\":\"RXR Protect\"},\"image\":{\"@id\":\"https:\\\/\\\/rxrprotect.com\\\/es\\\/#\\\/schema\\\/logo\\\/image\\\/\"},\"sameAs\":[\"https:\\\/\\\/www.facebook.com\\\/rxrprotectcom\",\"https:\\\/\\\/www.instagram.com\\\/rxrprotect\\\/\",\"https:\\\/\\\/www.tiktok.com\\\/@rxrprotect.com\"],\"email\":\"info@rxrprotect.com\",\"telephone\":\"09 70 24 01 01\",\"legalName\":\"PRO SHOP RXR\",\"vatID\":\"FR05511897548\",\"taxID\":\"51189754800034\",\"numberOfEmployees\":{\"@type\":\"QuantitativeValue\",\"minValue\":\"1\",\"maxValue\":\"10\"},\"hasMerchantReturnPolicy\":{\"@type\":\"MerchantReturnPolicy\",\"merchantReturnLink\":\"https:\\\/\\\/rxrprotect.com\\\/conditions-generales-de-vente\\\/\"}}]}<\/script>\n<meta property=\"og:availability\" content=\"instock\" \/>\n<meta property=\"product:availability\" content=\"instock\" \/>\n<meta property=\"product:condition\" content=\"new\" \/>\n<!-- \/ Yoast SEO Premium plugin. -->","yoast_head_json":{"title":"X-Cross Green Izquierda | RXR Protect","robots":{"index":"index","follow":"follow","max-snippet":"max-snippet:-1","max-image-preview":"max-image-preview:large","max-video-preview":"max-video-preview:-1"},"canonical":"https:\/\/rxrprotect.com\/es\/official-store-es\/proteccion-de-rodillas-y-caderas\/x-cross-es\/x-cross-green-izquierda\/","og_locale":"es_ES","og_type":"article","og_title":"X-Cross Green Izquierda","og_description":"\u00a1Una ortesis de rodilla \/ rodillera desarrollada para ofrecer una incre\u00edble relaci\u00f3n calidad-precio!","og_url":"https:\/\/rxrprotect.com\/es\/official-store-es\/proteccion-de-rodillas-y-caderas\/x-cross-es\/x-cross-green-izquierda\/","og_site_name":"RXR Protect","article_publisher":"https:\/\/www.facebook.com\/rxrprotectcom","article_modified_time":"2025-08-14T13:00:40+00:00","og_image":[{"width":1500,"height":1500,"url":"https:\/\/rxrprotect.com\/wp-content\/uploads\/2023\/11\/XCROSS-Grenn_left-1.jpg","type":"image\/jpeg"}],"twitter_card":"summary_large_image","schema":{"@context":"https:\/\/schema.org","@graph":[{"@type":"WebPage","@id":"https:\/\/rxrprotect.com\/es\/official-store-es\/proteccion-de-rodillas-y-caderas\/x-cross-es\/x-cross-green-izquierda\/","url":"https:\/\/rxrprotect.com\/es\/official-store-es\/proteccion-de-rodillas-y-caderas\/x-cross-es\/x-cross-green-izquierda\/","name":"X-Cross Green Izquierda | RXR Protect","isPartOf":{"@id":"https:\/\/rxrprotect.com\/es\/#website"},"primaryImageOfPage":{"@id":"https:\/\/rxrprotect.com\/es\/official-store-es\/proteccion-de-rodillas-y-caderas\/x-cross-es\/x-cross-green-izquierda\/#primaryimage"},"image":{"@id":"https:\/\/rxrprotect.com\/es\/official-store-es\/proteccion-de-rodillas-y-caderas\/x-cross-es\/x-cross-green-izquierda\/#primaryimage"},"thumbnailUrl":"https:\/\/rxrprotect.com\/wp-content\/uploads\/2023\/11\/XCROSS-Grenn_left-1.jpg","datePublished":"2023-11-17T11:15:34+00:00","dateModified":"2025-08-14T13:00:40+00:00","breadcrumb":{"@id":"https:\/\/rxrprotect.com\/es\/official-store-es\/proteccion-de-rodillas-y-caderas\/x-cross-es\/x-cross-green-izquierda\/#breadcrumb"},"inLanguage":"es","potentialAction":[{"@type":"ReadAction","target":["https:\/\/rxrprotect.com\/es\/official-store-es\/proteccion-de-rodillas-y-caderas\/x-cross-es\/x-cross-green-izquierda\/"]}]},{"@type":"ImageObject","inLanguage":"es","@id":"https:\/\/rxrprotect.com\/es\/official-store-es\/proteccion-de-rodillas-y-caderas\/x-cross-es\/x-cross-green-izquierda\/#primaryimage","url":"https:\/\/rxrprotect.com\/wp-content\/uploads\/2023\/11\/XCROSS-Grenn_left-1.jpg","contentUrl":"https:\/\/rxrprotect.com\/wp-content\/uploads\/2023\/11\/XCROSS-Grenn_left-1.jpg","width":1500,"height":1500,"caption":"Ortesis de rodilla X-Cross RXR Protect Motocross Esqu\u00ed Snowboard"},{"@type":"BreadcrumbList","@id":"https:\/\/rxrprotect.com\/es\/official-store-es\/proteccion-de-rodillas-y-caderas\/x-cross-es\/x-cross-green-izquierda\/#breadcrumb","itemListElement":[{"@type":"ListItem","position":1,"name":"Accueil","item":"https:\/\/rxrprotect.com\/es\/"},{"@type":"ListItem","position":2,"name":"Official store","item":"https:\/\/rxrprotect.com\/es\/official-store-es\/"},{"@type":"ListItem","position":3,"name":"X-Cross Green Izquierda"}]},{"@type":"WebSite","@id":"https:\/\/rxrprotect.com\/es\/#website","url":"https:\/\/rxrprotect.com\/es\/","name":"RXR Protect","description":"Pare pierre et protection gonflable pour le motocross, le VTT et tous les sports extr\u00eames.","publisher":{"@id":"https:\/\/rxrprotect.com\/es\/#organization"},"alternateName":"RXR","potentialAction":[{"@type":"SearchAction","target":{"@type":"EntryPoint","urlTemplate":"https:\/\/rxrprotect.com\/es\/?s={search_term_string}"},"query-input":{"@type":"PropertyValueSpecification","valueRequired":true,"valueName":"search_term_string"}}],"inLanguage":"es"},{"@type":"Organization","@id":"https:\/\/rxrprotect.com\/es\/#organization","name":"RXR Protect","alternateName":"RXR","url":"https:\/\/rxrprotect.com\/es\/","logo":{"@type":"ImageObject","inLanguage":"es","@id":"https:\/\/rxrprotect.com\/es\/#\/schema\/logo\/image\/","url":"https:\/\/rxrprotect.com\/wp-content\/uploads\/2023\/10\/RXR-Logo-Noir.png","contentUrl":"https:\/\/rxrprotect.com\/wp-content\/uploads\/2023\/10\/RXR-Logo-Noir.png","width":500,"height":104,"caption":"RXR Protect"},"image":{"@id":"https:\/\/rxrprotect.com\/es\/#\/schema\/logo\/image\/"},"sameAs":["https:\/\/www.facebook.com\/rxrprotectcom","https:\/\/www.instagram.com\/rxrprotect\/","https:\/\/www.tiktok.com\/@rxrprotect.com"],"email":"info@rxrprotect.com","telephone":"09 70 24 01 01","legalName":"PRO SHOP RXR","vatID":"FR05511897548","taxID":"51189754800034","numberOfEmployees":{"@type":"QuantitativeValue","minValue":"1","maxValue":"10"},"hasMerchantReturnPolicy":{"@type":"MerchantReturnPolicy","merchantReturnLink":"https:\/\/rxrprotect.com\/conditions-generales-de-vente\/"}}]},"og_availability":"instock","product_availability":"instock","product_condition":"new"},"_links":{"self":[{"href":"https:\/\/rxrprotect.com\/es\/wp-json\/wp\/v2\/product\/21357","targetHints":{"allow":["GET"]}}],"collection":[{"href":"https:\/\/rxrprotect.com\/es\/wp-json\/wp\/v2\/product"}],"about":[{"href":"https:\/\/rxrprotect.com\/es\/wp-json\/wp\/v2\/types\/product"}],"version-history":[{"count":0,"href":"https:\/\/rxrprotect.com\/es\/wp-json\/wp\/v2\/product\/21357\/revisions"}],"wp:featuredmedia":[{"embeddable":true,"href":"https:\/\/rxrprotect.com\/es\/wp-json\/wp\/v2\/media\/21358"}],"wp:attachment":[{"href":"https:\/\/rxrprotect.com\/es\/wp-json\/wp\/v2\/media?parent=21357"}],"wp:term":[{"taxonomy":"product_brand","embeddable":true,"href":"https:\/\/rxrprotect.com\/es\/wp-json\/wp\/v2\/product_brand?post=21357"},{"taxonomy":"product_cat","embeddable":true,"href":"https:\/\/rxrprotect.com\/es\/wp-json\/wp\/v2\/product_cat?post=21357"},{"taxonomy":"product_tag","embeddable":true,"href":"https:\/\/rxrprotect.com\/es\/wp-json\/wp\/v2\/product_tag?post=21357"}],"curies":[{"name":"wp","href":"https:\/\/api.w.org\/{rel}","templated":true}]}}