{"id":21261,"date":"2023-10-13T17:25:10","date_gmt":"2023-10-13T15:25:10","guid":{"rendered":"https:\/\/rxrprotect.com\/boutique\/sin%20categor\u00eda\/airback\/"},"modified":"2026-02-19T16:15:27","modified_gmt":"2026-02-19T15:15:27","slug":"airback","status":"publish","type":"product","link":"https:\/\/rxrprotect.com\/es\/official-store-es\/proteccion-dorsal\/airback-es\/airback\/","title":{"rendered":"AirBack"},"content":{"rendered":"<div class=\"flex flex-grow flex-col max-w-full\">\n<div class=\"min-h-[20px] text-message flex flex-col items-start whitespace-pre-wrap break-words [.text-message+&amp;]:mt-5 juice:w-full juice:items-end overflow-x-auto gap-2\" dir=\"auto\" data-message-author-role=\"assistant\" data-message-id=\"ad5b67fb-0db1-430d-bdde-5cb2e7ae4bce\">\n<div class=\"flex w-full flex-col gap-1 juice:empty:hidden juice:first:pt-[3px]\">\n<div class=\"markdown prose w-full break-words dark:prose-invert light\">\n<p>Una espaldera de alta calidad para esqu\u00ed, moto o ciclismo puede prevenir lesiones graves. La innovaci\u00f3n Air Shock Absorber 3.0 ofrece protecci\u00f3n, confort y libertad de movimiento.  <\/p>\n<p><strong>\u00bfQu\u00e9 es la tecnolog\u00eda Air Shock Absorber 3.0?<\/strong><\/p>\n<p>Esta tecnolog\u00eda utiliza cojines de aire para absorber el impacto. En el impacto, los cojines se comprimen y disipan la energ\u00eda. Inspirada en las suspensiones de los autom\u00f3viles, est\u00e1 adaptada al cuerpo humano.  <\/p>\n<p><strong>Las ventajas de la tecnolog\u00eda Air Shock Absorber 3.0:<\/strong><\/p>\n<ul>\n<li><strong>Absorci\u00f3n eficaz de impactos:<\/strong> Los cojines de aire disipan la energ\u00eda del impacto, reduciendo el riesgo de lesiones.<\/li>\n<li><strong>Ligeros:<\/strong> los cojines de aire son m\u00e1s ligeros que los protectores de espuma o pl\u00e1stico.<\/li>\n<li><strong>Confort superior:<\/strong> La tecnolog\u00eda Air Shock Absorber proporciona flexibilidad y libertad de movimiento.<\/li>\n<li><strong>Ventilaci\u00f3n y transpirabilidad:<\/strong> Los cojines de aire permiten una mejor circulaci\u00f3n del aire, evitando el calor y la sudoraci\u00f3n excesiva.<\/li>\n<\/ul>\n<p><strong>Una espaldera para moto utilizable en todos los deportes<\/strong><\/p>\n<ul>\n<li><strong>Ciclismo:<\/strong> La protecci\u00f3n dorsal Air Shock Absorber protege contra ca\u00eddas y colisiones.<\/li>\n<li><strong>Esqu\u00ed y snowboard:<\/strong> Esta tecnolog\u00eda proporciona una protecci\u00f3n eficaz sobre nieve dura o helada.<\/li>\n<li><strong>Motociclismo:<\/strong> Los motociclistas gozan de mayor protecci\u00f3n en caso de accidente.<\/li>\n<li><strong>Deportes extremos:<\/strong> Skate, patinaje o kitesurf \u2014 esta protecci\u00f3n est\u00e1 dise\u00f1ada para situaciones de alto riesgo.<\/li>\n<\/ul>\n<p>La espaldera esqu\u00ed &#8211; moto &#8211; bicicleta con tecnolog\u00eda Air Shock Absorber combina seguridad y comodidad. Ligera y flexible, es adecuada para diversos deportes, permitiendo a los deportistas concentrarse en su rendimiento con total seguridad. <\/p>\n<\/div>\n<\/div>\n<\/div>\n<\/div>\n<p><!-- notionvc: 537b2ca2-f4c0-40fb-967d-d268ffa224dd --><\/p>\n<p><!-- notionvc: d468b2c0-493a-4a39-abfb-a8ca90b7c71e --><\/p>\n<p><!-- notionvc: 802301c3-a295-4d97-be9c-0f58ccb15d95 --><\/p>\n<p><!-- notionvc: e2caeaac-ba42-4920-908b-385cb3a250c4 --><\/p>\n","protected":false},"excerpt":{"rendered":"<p>Protecci\u00f3n dorsal Airback: m\u00e1xima seguridad, comodidad absoluta. Tecnolog\u00eda inflable ASA 3.0 integrada. Ligero, flexible y duradero. \u00a1Practica cualquier deporte con confianza!   <\/p>\n","protected":false},"featured_media":21262,"template":"","meta":{"_acf_changed":false},"product_brand":[],"product_cat":[597,596],"product_tag":[886],"class_list":{"0":"post-21261","1":"product","2":"type-product","3":"status-publish","4":"has-post-thumbnail","6":"product_cat-airback-es","7":"product_cat-proteccion-dorsal","8":"product_tag-airback-es","10":"first","11":"instock","12":"taxable","13":"shipping-taxable","14":"purchasable","15":"product-type-variable"},"acf":[],"yoast_head":"<!-- This site is optimized with the Yoast SEO Premium plugin v25.1 (Yoast SEO v27.3) - https:\/\/yoast.com\/product\/yoast-seo-premium-wordpress\/ -->\n<title>Espaldera Esqu\u00ed - Moto - Bicicleta | Airback RXR Protect<\/title>\n<meta name=\"description\" content=\"Descubre la m\u00e1xima protecci\u00f3n dorsal esqu\u00ed - moto - bicicleta: nuestro revolucionario Airback integra tecnolog\u00eda inflable para ofrecer la m\u00e1xima seguridad.\" \/>\n<meta name=\"robots\" content=\"index, follow, max-snippet:-1, max-image-preview:large, max-video-preview:-1\" \/>\n<link rel=\"canonical\" href=\"https:\/\/rxrprotect.com\/es\/official-store-es\/proteccion-dorsal\/airback-es\/airback\/\" \/>\n<meta property=\"og:locale\" content=\"es_ES\" \/>\n<meta property=\"og:type\" content=\"article\" \/>\n<meta property=\"og:title\" content=\"AirBack\" \/>\n<meta property=\"og:description\" content=\"Descubre la m\u00e1xima protecci\u00f3n dorsal esqu\u00ed - moto - bicicleta: nuestro revolucionario Airback integra tecnolog\u00eda inflable para ofrecer la m\u00e1xima seguridad.\" \/>\n<meta property=\"og:url\" content=\"https:\/\/rxrprotect.com\/es\/official-store-es\/proteccion-dorsal\/airback-es\/airback\/\" \/>\n<meta property=\"og:site_name\" content=\"RXR Protect\" \/>\n<meta property=\"article:publisher\" content=\"https:\/\/www.facebook.com\/rxrprotectcom\" \/>\n<meta property=\"article:modified_time\" content=\"2026-02-19T15:15:27+00:00\" \/>\n<meta property=\"og:image\" content=\"https:\/\/rxrprotect.com\/wp-content\/uploads\/2024\/06\/Airback-2k24-2.jpg\" \/>\n\t<meta property=\"og:image:width\" content=\"1500\" \/>\n\t<meta property=\"og:image:height\" content=\"1500\" \/>\n\t<meta property=\"og:image:type\" content=\"image\/jpeg\" \/>\n<meta name=\"twitter:card\" content=\"summary_large_image\" \/>\n<script type=\"application\/ld+json\" class=\"yoast-schema-graph\">{\"@context\":\"https:\\\/\\\/schema.org\",\"@graph\":[{\"@type\":\"WebPage\",\"@id\":\"https:\\\/\\\/rxrprotect.com\\\/es\\\/official-store-es\\\/proteccion-dorsal\\\/airback-es\\\/airback\\\/\",\"url\":\"https:\\\/\\\/rxrprotect.com\\\/es\\\/official-store-es\\\/proteccion-dorsal\\\/airback-es\\\/airback\\\/\",\"name\":\"Espaldera Esqu\u00ed - Moto - Bicicleta | Airback RXR Protect\",\"isPartOf\":{\"@id\":\"https:\\\/\\\/rxrprotect.com\\\/es\\\/#website\"},\"primaryImageOfPage\":{\"@id\":\"https:\\\/\\\/rxrprotect.com\\\/es\\\/official-store-es\\\/proteccion-dorsal\\\/airback-es\\\/airback\\\/#primaryimage\"},\"image\":{\"@id\":\"https:\\\/\\\/rxrprotect.com\\\/es\\\/official-store-es\\\/proteccion-dorsal\\\/airback-es\\\/airback\\\/#primaryimage\"},\"thumbnailUrl\":\"https:\\\/\\\/rxrprotect.com\\\/wp-content\\\/uploads\\\/2024\\\/06\\\/Airback-2k24-2.jpg\",\"datePublished\":\"2023-10-13T15:25:10+00:00\",\"dateModified\":\"2026-02-19T15:15:27+00:00\",\"description\":\"Descubre la m\u00e1xima protecci\u00f3n dorsal esqu\u00ed - moto - bicicleta: nuestro revolucionario Airback integra tecnolog\u00eda inflable para ofrecer la m\u00e1xima seguridad.\",\"breadcrumb\":{\"@id\":\"https:\\\/\\\/rxrprotect.com\\\/es\\\/official-store-es\\\/proteccion-dorsal\\\/airback-es\\\/airback\\\/#breadcrumb\"},\"inLanguage\":\"es\",\"potentialAction\":[{\"@type\":\"ReadAction\",\"target\":[\"https:\\\/\\\/rxrprotect.com\\\/es\\\/official-store-es\\\/proteccion-dorsal\\\/airback-es\\\/airback\\\/\"]}]},{\"@type\":\"ImageObject\",\"inLanguage\":\"es\",\"@id\":\"https:\\\/\\\/rxrprotect.com\\\/es\\\/official-store-es\\\/proteccion-dorsal\\\/airback-es\\\/airback\\\/#primaryimage\",\"url\":\"https:\\\/\\\/rxrprotect.com\\\/wp-content\\\/uploads\\\/2024\\\/06\\\/Airback-2k24-2.jpg\",\"contentUrl\":\"https:\\\/\\\/rxrprotect.com\\\/wp-content\\\/uploads\\\/2024\\\/06\\\/Airback-2k24-2.jpg\",\"width\":1500,\"height\":1500,\"caption\":\"Protecci\u00f3n dorsal para moto inflable Airback Moto Bicicleta MTB Esqu\u00ed Equitaci\u00f3n\"},{\"@type\":\"BreadcrumbList\",\"@id\":\"https:\\\/\\\/rxrprotect.com\\\/es\\\/official-store-es\\\/proteccion-dorsal\\\/airback-es\\\/airback\\\/#breadcrumb\",\"itemListElement\":[{\"@type\":\"ListItem\",\"position\":1,\"name\":\"Accueil\",\"item\":\"https:\\\/\\\/rxrprotect.com\\\/es\\\/\"},{\"@type\":\"ListItem\",\"position\":2,\"name\":\"Official store\",\"item\":\"https:\\\/\\\/rxrprotect.com\\\/es\\\/official-store-es\\\/\"},{\"@type\":\"ListItem\",\"position\":3,\"name\":\"AirBack\"}]},{\"@type\":\"WebSite\",\"@id\":\"https:\\\/\\\/rxrprotect.com\\\/es\\\/#website\",\"url\":\"https:\\\/\\\/rxrprotect.com\\\/es\\\/\",\"name\":\"RXR Protect\",\"description\":\"Pare pierre et protection gonflable pour le motocross, le VTT et tous les sports extr\u00eames.\",\"publisher\":{\"@id\":\"https:\\\/\\\/rxrprotect.com\\\/es\\\/#organization\"},\"alternateName\":\"RXR\",\"potentialAction\":[{\"@type\":\"SearchAction\",\"target\":{\"@type\":\"EntryPoint\",\"urlTemplate\":\"https:\\\/\\\/rxrprotect.com\\\/es\\\/?s={search_term_string}\"},\"query-input\":{\"@type\":\"PropertyValueSpecification\",\"valueRequired\":true,\"valueName\":\"search_term_string\"}}],\"inLanguage\":\"es\"},{\"@type\":\"Organization\",\"@id\":\"https:\\\/\\\/rxrprotect.com\\\/es\\\/#organization\",\"name\":\"RXR Protect\",\"alternateName\":\"RXR\",\"url\":\"https:\\\/\\\/rxrprotect.com\\\/es\\\/\",\"logo\":{\"@type\":\"ImageObject\",\"inLanguage\":\"es\",\"@id\":\"https:\\\/\\\/rxrprotect.com\\\/es\\\/#\\\/schema\\\/logo\\\/image\\\/\",\"url\":\"https:\\\/\\\/rxrprotect.com\\\/wp-content\\\/uploads\\\/2023\\\/10\\\/RXR-Logo-Noir.png\",\"contentUrl\":\"https:\\\/\\\/rxrprotect.com\\\/wp-content\\\/uploads\\\/2023\\\/10\\\/RXR-Logo-Noir.png\",\"width\":500,\"height\":104,\"caption\":\"RXR Protect\"},\"image\":{\"@id\":\"https:\\\/\\\/rxrprotect.com\\\/es\\\/#\\\/schema\\\/logo\\\/image\\\/\"},\"sameAs\":[\"https:\\\/\\\/www.facebook.com\\\/rxrprotectcom\",\"https:\\\/\\\/www.instagram.com\\\/rxrprotect\\\/\",\"https:\\\/\\\/www.tiktok.com\\\/@rxrprotect.com\"],\"email\":\"info@rxrprotect.com\",\"telephone\":\"09 70 24 01 01\",\"legalName\":\"PRO SHOP RXR\",\"vatID\":\"FR05511897548\",\"taxID\":\"51189754800034\",\"numberOfEmployees\":{\"@type\":\"QuantitativeValue\",\"minValue\":\"1\",\"maxValue\":\"10\"},\"hasMerchantReturnPolicy\":{\"@type\":\"MerchantReturnPolicy\",\"merchantReturnLink\":\"https:\\\/\\\/rxrprotect.com\\\/conditions-generales-de-vente\\\/\"}}]}<\/script>\n<meta property=\"og:availability\" content=\"instock\" \/>\n<meta property=\"product:availability\" content=\"instock\" \/>\n<meta property=\"product:condition\" content=\"new\" \/>\n<!-- \/ Yoast SEO Premium plugin. -->","yoast_head_json":{"title":"Espaldera Esqu\u00ed - Moto - Bicicleta | Airback RXR Protect","description":"Descubre la m\u00e1xima protecci\u00f3n dorsal esqu\u00ed - moto - bicicleta: nuestro revolucionario Airback integra tecnolog\u00eda inflable para ofrecer la m\u00e1xima seguridad.","robots":{"index":"index","follow":"follow","max-snippet":"max-snippet:-1","max-image-preview":"max-image-preview:large","max-video-preview":"max-video-preview:-1"},"canonical":"https:\/\/rxrprotect.com\/es\/official-store-es\/proteccion-dorsal\/airback-es\/airback\/","og_locale":"es_ES","og_type":"article","og_title":"AirBack","og_description":"Descubre la m\u00e1xima protecci\u00f3n dorsal esqu\u00ed - moto - bicicleta: nuestro revolucionario Airback integra tecnolog\u00eda inflable para ofrecer la m\u00e1xima seguridad.","og_url":"https:\/\/rxrprotect.com\/es\/official-store-es\/proteccion-dorsal\/airback-es\/airback\/","og_site_name":"RXR Protect","article_publisher":"https:\/\/www.facebook.com\/rxrprotectcom","article_modified_time":"2026-02-19T15:15:27+00:00","og_image":[{"width":1500,"height":1500,"url":"https:\/\/rxrprotect.com\/wp-content\/uploads\/2024\/06\/Airback-2k24-2.jpg","type":"image\/jpeg"}],"twitter_card":"summary_large_image","schema":{"@context":"https:\/\/schema.org","@graph":[{"@type":"WebPage","@id":"https:\/\/rxrprotect.com\/es\/official-store-es\/proteccion-dorsal\/airback-es\/airback\/","url":"https:\/\/rxrprotect.com\/es\/official-store-es\/proteccion-dorsal\/airback-es\/airback\/","name":"Espaldera Esqu\u00ed - Moto - Bicicleta | Airback RXR Protect","isPartOf":{"@id":"https:\/\/rxrprotect.com\/es\/#website"},"primaryImageOfPage":{"@id":"https:\/\/rxrprotect.com\/es\/official-store-es\/proteccion-dorsal\/airback-es\/airback\/#primaryimage"},"image":{"@id":"https:\/\/rxrprotect.com\/es\/official-store-es\/proteccion-dorsal\/airback-es\/airback\/#primaryimage"},"thumbnailUrl":"https:\/\/rxrprotect.com\/wp-content\/uploads\/2024\/06\/Airback-2k24-2.jpg","datePublished":"2023-10-13T15:25:10+00:00","dateModified":"2026-02-19T15:15:27+00:00","description":"Descubre la m\u00e1xima protecci\u00f3n dorsal esqu\u00ed - moto - bicicleta: nuestro revolucionario Airback integra tecnolog\u00eda inflable para ofrecer la m\u00e1xima seguridad.","breadcrumb":{"@id":"https:\/\/rxrprotect.com\/es\/official-store-es\/proteccion-dorsal\/airback-es\/airback\/#breadcrumb"},"inLanguage":"es","potentialAction":[{"@type":"ReadAction","target":["https:\/\/rxrprotect.com\/es\/official-store-es\/proteccion-dorsal\/airback-es\/airback\/"]}]},{"@type":"ImageObject","inLanguage":"es","@id":"https:\/\/rxrprotect.com\/es\/official-store-es\/proteccion-dorsal\/airback-es\/airback\/#primaryimage","url":"https:\/\/rxrprotect.com\/wp-content\/uploads\/2024\/06\/Airback-2k24-2.jpg","contentUrl":"https:\/\/rxrprotect.com\/wp-content\/uploads\/2024\/06\/Airback-2k24-2.jpg","width":1500,"height":1500,"caption":"Protecci\u00f3n dorsal para moto inflable Airback Moto Bicicleta MTB Esqu\u00ed Equitaci\u00f3n"},{"@type":"BreadcrumbList","@id":"https:\/\/rxrprotect.com\/es\/official-store-es\/proteccion-dorsal\/airback-es\/airback\/#breadcrumb","itemListElement":[{"@type":"ListItem","position":1,"name":"Accueil","item":"https:\/\/rxrprotect.com\/es\/"},{"@type":"ListItem","position":2,"name":"Official store","item":"https:\/\/rxrprotect.com\/es\/official-store-es\/"},{"@type":"ListItem","position":3,"name":"AirBack"}]},{"@type":"WebSite","@id":"https:\/\/rxrprotect.com\/es\/#website","url":"https:\/\/rxrprotect.com\/es\/","name":"RXR Protect","description":"Pare pierre et protection gonflable pour le motocross, le VTT et tous les sports extr\u00eames.","publisher":{"@id":"https:\/\/rxrprotect.com\/es\/#organization"},"alternateName":"RXR","potentialAction":[{"@type":"SearchAction","target":{"@type":"EntryPoint","urlTemplate":"https:\/\/rxrprotect.com\/es\/?s={search_term_string}"},"query-input":{"@type":"PropertyValueSpecification","valueRequired":true,"valueName":"search_term_string"}}],"inLanguage":"es"},{"@type":"Organization","@id":"https:\/\/rxrprotect.com\/es\/#organization","name":"RXR Protect","alternateName":"RXR","url":"https:\/\/rxrprotect.com\/es\/","logo":{"@type":"ImageObject","inLanguage":"es","@id":"https:\/\/rxrprotect.com\/es\/#\/schema\/logo\/image\/","url":"https:\/\/rxrprotect.com\/wp-content\/uploads\/2023\/10\/RXR-Logo-Noir.png","contentUrl":"https:\/\/rxrprotect.com\/wp-content\/uploads\/2023\/10\/RXR-Logo-Noir.png","width":500,"height":104,"caption":"RXR Protect"},"image":{"@id":"https:\/\/rxrprotect.com\/es\/#\/schema\/logo\/image\/"},"sameAs":["https:\/\/www.facebook.com\/rxrprotectcom","https:\/\/www.instagram.com\/rxrprotect\/","https:\/\/www.tiktok.com\/@rxrprotect.com"],"email":"info@rxrprotect.com","telephone":"09 70 24 01 01","legalName":"PRO SHOP RXR","vatID":"FR05511897548","taxID":"51189754800034","numberOfEmployees":{"@type":"QuantitativeValue","minValue":"1","maxValue":"10"},"hasMerchantReturnPolicy":{"@type":"MerchantReturnPolicy","merchantReturnLink":"https:\/\/rxrprotect.com\/conditions-generales-de-vente\/"}}]},"og_availability":"instock","product_availability":"instock","product_condition":"new"},"_links":{"self":[{"href":"https:\/\/rxrprotect.com\/es\/wp-json\/wp\/v2\/product\/21261","targetHints":{"allow":["GET"]}}],"collection":[{"href":"https:\/\/rxrprotect.com\/es\/wp-json\/wp\/v2\/product"}],"about":[{"href":"https:\/\/rxrprotect.com\/es\/wp-json\/wp\/v2\/types\/product"}],"version-history":[{"count":0,"href":"https:\/\/rxrprotect.com\/es\/wp-json\/wp\/v2\/product\/21261\/revisions"}],"wp:featuredmedia":[{"embeddable":true,"href":"https:\/\/rxrprotect.com\/es\/wp-json\/wp\/v2\/media\/21262"}],"wp:attachment":[{"href":"https:\/\/rxrprotect.com\/es\/wp-json\/wp\/v2\/media?parent=21261"}],"wp:term":[{"taxonomy":"product_brand","embeddable":true,"href":"https:\/\/rxrprotect.com\/es\/wp-json\/wp\/v2\/product_brand?post=21261"},{"taxonomy":"product_cat","embeddable":true,"href":"https:\/\/rxrprotect.com\/es\/wp-json\/wp\/v2\/product_cat?post=21261"},{"taxonomy":"product_tag","embeddable":true,"href":"https:\/\/rxrprotect.com\/es\/wp-json\/wp\/v2\/product_tag?post=21261"}],"curies":[{"name":"wp","href":"https:\/\/api.w.org\/{rel}","templated":true}]}}