{"id":21059,"date":"2023-10-13T17:24:21","date_gmt":"2023-10-13T15:24:21","guid":{"rendered":"https:\/\/rxrprotect.com\/boutique\/sin categor\u00eda\/i-cross-blackb\/"},"modified":"2023-10-13T17:24:21","modified_gmt":"2023-10-13T15:24:21","slug":"i-cross-blackb","status":"publish","type":"product","link":"https:\/\/rxrprotect.com\/es\/official-store-es\/chaleco-de-proteccion\/i-cross-es\/i-cross-blackb\/","title":{"rendered":"i-Cross &#8211; BlackB"},"content":{"rendered":"<p>Descubre nuestro chaleco ecuestre con airbag, que incorpora la revolucionaria tecnolog\u00eda ASA (Air Shock Absorber), que proporciona una protecci\u00f3n continua y proactiva sin necesidad de activarlo. Dise\u00f1ado para jinetes preocupados por la seguridad, este chaleco revoluciona la forma de protegerse durante la equitaci\u00f3n. El ASA mantiene inflado el airbag en todo momento, garantizando una protecci\u00f3n constante contra posibles impactos sin necesidad de un activador espec\u00edfico. Adem\u00e1s de su funci\u00f3n de seguridad proactiva, nuestro chaleco est\u00e1 dise\u00f1ado pensando en la comodidad y el rendimiento. Fabricado con materiales de alta calidad, ofrece un ajuste ergon\u00f3mico y una \u00f3ptima libertad de movimientos. Las costuras reforzadas garantizan una durabilidad a largo plazo para satisfacer las exigencias de los motoristas de todos los niveles. Este chaleco de pilotaje con airbag puede llevarse c\u00f3modamente sobre tu ropa de pilotaje habitual, sin comprometer tu estilo ni tu comodidad. Tanto si eres un profesional como un jinete aficionado, nuestro chaleco con airbag y tecnolog\u00eda ASA te proporciona una tranquilidad inigualable. Disfruta de cada momento a caballo sabiendo que est\u00e1s protegido por la innovaci\u00f3n y fiabilidad de nuestro producto. Opta por una seguridad sin concesiones con nuestro chaleco con airbag, la elecci\u00f3n ideal para todos los jinetes que desean combinar rendimiento con la m\u00e1xima protecci\u00f3n.         <\/p>\n","protected":false},"excerpt":{"rendered":"<p>Dise\u00f1ado para proteger a los motoristas m\u00e1s exigentes durante la conducci\u00f3n.<\/p>\n","protected":false},"featured_media":21060,"template":"","meta":{"_acf_changed":false},"product_brand":[],"product_cat":[590,594],"product_tag":[],"class_list":{"0":"post-21059","1":"product","2":"type-product","3":"status-publish","4":"has-post-thumbnail","6":"product_cat-chaleco-de-proteccion","7":"product_cat-i-cross-es","9":"first","10":"instock","11":"taxable","12":"shipping-taxable","13":"purchasable","14":"product-type-variable"},"acf":[],"yoast_head":"<!-- This site is optimized with the Yoast SEO Premium plugin v25.1 (Yoast SEO v27.3) - https:\/\/yoast.com\/product\/yoast-seo-premium-wordpress\/ -->\n<title>Chaleco airbag ecuestre i-Cross | Airbag RXR Protect - Protecci\u00f3n inflable<\/title>\n<meta name=\"description\" content=\"Descubre nuestro chaleco airbag ecuestre, que ofrece una protecci\u00f3n \u00f3ptima y una comodidad excepcional para mantenerte seguro a caballo.\" \/>\n<meta name=\"robots\" content=\"index, follow, max-snippet:-1, max-image-preview:large, max-video-preview:-1\" \/>\n<link rel=\"canonical\" href=\"https:\/\/rxrprotect.com\/es\/official-store-es\/chaleco-de-proteccion\/i-cross-es\/i-cross-blackb\/\" \/>\n<meta property=\"og:locale\" content=\"es_ES\" \/>\n<meta property=\"og:type\" content=\"article\" \/>\n<meta property=\"og:title\" content=\"i-Cross - BlackB\" \/>\n<meta property=\"og:description\" content=\"Descubre nuestro chaleco airbag ecuestre, que ofrece una protecci\u00f3n \u00f3ptima y una comodidad excepcional para mantenerte seguro a caballo.\" \/>\n<meta property=\"og:url\" content=\"https:\/\/rxrprotect.com\/es\/official-store-es\/chaleco-de-proteccion\/i-cross-es\/i-cross-blackb\/\" \/>\n<meta property=\"og:site_name\" content=\"RXR Protect\" \/>\n<meta property=\"article:publisher\" content=\"https:\/\/www.facebook.com\/rxrprotectcom\" \/>\n<meta property=\"og:image\" content=\"https:\/\/rxrprotect.com\/wp-content\/uploads\/2023\/10\/ICROSS-BlackB-1.jpg\" \/>\n\t<meta property=\"og:image:width\" content=\"1500\" \/>\n\t<meta property=\"og:image:height\" content=\"1500\" \/>\n\t<meta property=\"og:image:type\" content=\"image\/jpeg\" \/>\n<meta name=\"twitter:card\" content=\"summary_large_image\" \/>\n<script type=\"application\/ld+json\" class=\"yoast-schema-graph\">{\"@context\":\"https:\\\/\\\/schema.org\",\"@graph\":[{\"@type\":\"WebPage\",\"@id\":\"https:\\\/\\\/rxrprotect.com\\\/es\\\/official-store-es\\\/chaleco-de-proteccion\\\/i-cross-es\\\/i-cross-blackb\\\/\",\"url\":\"https:\\\/\\\/rxrprotect.com\\\/es\\\/official-store-es\\\/chaleco-de-proteccion\\\/i-cross-es\\\/i-cross-blackb\\\/\",\"name\":\"Chaleco airbag ecuestre i-Cross | Airbag RXR Protect - Protecci\u00f3n inflable\",\"isPartOf\":{\"@id\":\"https:\\\/\\\/rxrprotect.com\\\/es\\\/#website\"},\"primaryImageOfPage\":{\"@id\":\"https:\\\/\\\/rxrprotect.com\\\/es\\\/official-store-es\\\/chaleco-de-proteccion\\\/i-cross-es\\\/i-cross-blackb\\\/#primaryimage\"},\"image\":{\"@id\":\"https:\\\/\\\/rxrprotect.com\\\/es\\\/official-store-es\\\/chaleco-de-proteccion\\\/i-cross-es\\\/i-cross-blackb\\\/#primaryimage\"},\"thumbnailUrl\":\"https:\\\/\\\/rxrprotect.com\\\/wp-content\\\/uploads\\\/2023\\\/10\\\/ICROSS-BlackB-1.jpg\",\"datePublished\":\"2023-10-13T15:24:21+00:00\",\"description\":\"Descubre nuestro chaleco airbag ecuestre, que ofrece una protecci\u00f3n \u00f3ptima y una comodidad excepcional para mantenerte seguro a caballo.\",\"breadcrumb\":{\"@id\":\"https:\\\/\\\/rxrprotect.com\\\/es\\\/official-store-es\\\/chaleco-de-proteccion\\\/i-cross-es\\\/i-cross-blackb\\\/#breadcrumb\"},\"inLanguage\":\"es\",\"potentialAction\":[{\"@type\":\"ReadAction\",\"target\":[\"https:\\\/\\\/rxrprotect.com\\\/es\\\/official-store-es\\\/chaleco-de-proteccion\\\/i-cross-es\\\/i-cross-blackb\\\/\"]}]},{\"@type\":\"ImageObject\",\"inLanguage\":\"es\",\"@id\":\"https:\\\/\\\/rxrprotect.com\\\/es\\\/official-store-es\\\/chaleco-de-proteccion\\\/i-cross-es\\\/i-cross-blackb\\\/#primaryimage\",\"url\":\"https:\\\/\\\/rxrprotect.com\\\/wp-content\\\/uploads\\\/2023\\\/10\\\/ICROSS-BlackB-1.jpg\",\"contentUrl\":\"https:\\\/\\\/rxrprotect.com\\\/wp-content\\\/uploads\\\/2023\\\/10\\\/ICROSS-BlackB-1.jpg\",\"width\":1500,\"height\":1500},{\"@type\":\"BreadcrumbList\",\"@id\":\"https:\\\/\\\/rxrprotect.com\\\/es\\\/official-store-es\\\/chaleco-de-proteccion\\\/i-cross-es\\\/i-cross-blackb\\\/#breadcrumb\",\"itemListElement\":[{\"@type\":\"ListItem\",\"position\":1,\"name\":\"Accueil\",\"item\":\"https:\\\/\\\/rxrprotect.com\\\/es\\\/\"},{\"@type\":\"ListItem\",\"position\":2,\"name\":\"Official store\",\"item\":\"https:\\\/\\\/rxrprotect.com\\\/es\\\/official-store-es\\\/\"},{\"@type\":\"ListItem\",\"position\":3,\"name\":\"i-Cross &#8211; BlackB\"}]},{\"@type\":\"WebSite\",\"@id\":\"https:\\\/\\\/rxrprotect.com\\\/es\\\/#website\",\"url\":\"https:\\\/\\\/rxrprotect.com\\\/es\\\/\",\"name\":\"RXR Protect\",\"description\":\"Pare pierre et protection gonflable pour le motocross, le VTT et tous les sports extr\u00eames.\",\"publisher\":{\"@id\":\"https:\\\/\\\/rxrprotect.com\\\/es\\\/#organization\"},\"alternateName\":\"RXR\",\"potentialAction\":[{\"@type\":\"SearchAction\",\"target\":{\"@type\":\"EntryPoint\",\"urlTemplate\":\"https:\\\/\\\/rxrprotect.com\\\/es\\\/?s={search_term_string}\"},\"query-input\":{\"@type\":\"PropertyValueSpecification\",\"valueRequired\":true,\"valueName\":\"search_term_string\"}}],\"inLanguage\":\"es\"},{\"@type\":\"Organization\",\"@id\":\"https:\\\/\\\/rxrprotect.com\\\/es\\\/#organization\",\"name\":\"RXR Protect\",\"alternateName\":\"RXR\",\"url\":\"https:\\\/\\\/rxrprotect.com\\\/es\\\/\",\"logo\":{\"@type\":\"ImageObject\",\"inLanguage\":\"es\",\"@id\":\"https:\\\/\\\/rxrprotect.com\\\/es\\\/#\\\/schema\\\/logo\\\/image\\\/\",\"url\":\"https:\\\/\\\/rxrprotect.com\\\/wp-content\\\/uploads\\\/2023\\\/10\\\/RXR-Logo-Noir.png\",\"contentUrl\":\"https:\\\/\\\/rxrprotect.com\\\/wp-content\\\/uploads\\\/2023\\\/10\\\/RXR-Logo-Noir.png\",\"width\":500,\"height\":104,\"caption\":\"RXR Protect\"},\"image\":{\"@id\":\"https:\\\/\\\/rxrprotect.com\\\/es\\\/#\\\/schema\\\/logo\\\/image\\\/\"},\"sameAs\":[\"https:\\\/\\\/www.facebook.com\\\/rxrprotectcom\",\"https:\\\/\\\/www.instagram.com\\\/rxrprotect\\\/\",\"https:\\\/\\\/www.tiktok.com\\\/@rxrprotect.com\"],\"email\":\"info@rxrprotect.com\",\"telephone\":\"09 70 24 01 01\",\"legalName\":\"PRO SHOP RXR\",\"vatID\":\"FR05511897548\",\"taxID\":\"51189754800034\",\"numberOfEmployees\":{\"@type\":\"QuantitativeValue\",\"minValue\":\"1\",\"maxValue\":\"10\"},\"hasMerchantReturnPolicy\":{\"@type\":\"MerchantReturnPolicy\",\"merchantReturnLink\":\"https:\\\/\\\/rxrprotect.com\\\/conditions-generales-de-vente\\\/\"}}]}<\/script>\n<meta property=\"og:availability\" content=\"instock\" \/>\n<meta property=\"product:availability\" content=\"instock\" \/>\n<meta property=\"product:condition\" content=\"new\" \/>\n<!-- \/ Yoast SEO Premium plugin. -->","yoast_head_json":{"title":"Chaleco airbag ecuestre i-Cross | Airbag RXR Protect - Protecci\u00f3n inflable","description":"Descubre nuestro chaleco airbag ecuestre, que ofrece una protecci\u00f3n \u00f3ptima y una comodidad excepcional para mantenerte seguro a caballo.","robots":{"index":"index","follow":"follow","max-snippet":"max-snippet:-1","max-image-preview":"max-image-preview:large","max-video-preview":"max-video-preview:-1"},"canonical":"https:\/\/rxrprotect.com\/es\/official-store-es\/chaleco-de-proteccion\/i-cross-es\/i-cross-blackb\/","og_locale":"es_ES","og_type":"article","og_title":"i-Cross - BlackB","og_description":"Descubre nuestro chaleco airbag ecuestre, que ofrece una protecci\u00f3n \u00f3ptima y una comodidad excepcional para mantenerte seguro a caballo.","og_url":"https:\/\/rxrprotect.com\/es\/official-store-es\/chaleco-de-proteccion\/i-cross-es\/i-cross-blackb\/","og_site_name":"RXR Protect","article_publisher":"https:\/\/www.facebook.com\/rxrprotectcom","og_image":[{"width":1500,"height":1500,"url":"https:\/\/rxrprotect.com\/wp-content\/uploads\/2023\/10\/ICROSS-BlackB-1.jpg","type":"image\/jpeg"}],"twitter_card":"summary_large_image","schema":{"@context":"https:\/\/schema.org","@graph":[{"@type":"WebPage","@id":"https:\/\/rxrprotect.com\/es\/official-store-es\/chaleco-de-proteccion\/i-cross-es\/i-cross-blackb\/","url":"https:\/\/rxrprotect.com\/es\/official-store-es\/chaleco-de-proteccion\/i-cross-es\/i-cross-blackb\/","name":"Chaleco airbag ecuestre i-Cross | Airbag RXR Protect - Protecci\u00f3n inflable","isPartOf":{"@id":"https:\/\/rxrprotect.com\/es\/#website"},"primaryImageOfPage":{"@id":"https:\/\/rxrprotect.com\/es\/official-store-es\/chaleco-de-proteccion\/i-cross-es\/i-cross-blackb\/#primaryimage"},"image":{"@id":"https:\/\/rxrprotect.com\/es\/official-store-es\/chaleco-de-proteccion\/i-cross-es\/i-cross-blackb\/#primaryimage"},"thumbnailUrl":"https:\/\/rxrprotect.com\/wp-content\/uploads\/2023\/10\/ICROSS-BlackB-1.jpg","datePublished":"2023-10-13T15:24:21+00:00","description":"Descubre nuestro chaleco airbag ecuestre, que ofrece una protecci\u00f3n \u00f3ptima y una comodidad excepcional para mantenerte seguro a caballo.","breadcrumb":{"@id":"https:\/\/rxrprotect.com\/es\/official-store-es\/chaleco-de-proteccion\/i-cross-es\/i-cross-blackb\/#breadcrumb"},"inLanguage":"es","potentialAction":[{"@type":"ReadAction","target":["https:\/\/rxrprotect.com\/es\/official-store-es\/chaleco-de-proteccion\/i-cross-es\/i-cross-blackb\/"]}]},{"@type":"ImageObject","inLanguage":"es","@id":"https:\/\/rxrprotect.com\/es\/official-store-es\/chaleco-de-proteccion\/i-cross-es\/i-cross-blackb\/#primaryimage","url":"https:\/\/rxrprotect.com\/wp-content\/uploads\/2023\/10\/ICROSS-BlackB-1.jpg","contentUrl":"https:\/\/rxrprotect.com\/wp-content\/uploads\/2023\/10\/ICROSS-BlackB-1.jpg","width":1500,"height":1500},{"@type":"BreadcrumbList","@id":"https:\/\/rxrprotect.com\/es\/official-store-es\/chaleco-de-proteccion\/i-cross-es\/i-cross-blackb\/#breadcrumb","itemListElement":[{"@type":"ListItem","position":1,"name":"Accueil","item":"https:\/\/rxrprotect.com\/es\/"},{"@type":"ListItem","position":2,"name":"Official store","item":"https:\/\/rxrprotect.com\/es\/official-store-es\/"},{"@type":"ListItem","position":3,"name":"i-Cross &#8211; BlackB"}]},{"@type":"WebSite","@id":"https:\/\/rxrprotect.com\/es\/#website","url":"https:\/\/rxrprotect.com\/es\/","name":"RXR Protect","description":"Pare pierre et protection gonflable pour le motocross, le VTT et tous les sports extr\u00eames.","publisher":{"@id":"https:\/\/rxrprotect.com\/es\/#organization"},"alternateName":"RXR","potentialAction":[{"@type":"SearchAction","target":{"@type":"EntryPoint","urlTemplate":"https:\/\/rxrprotect.com\/es\/?s={search_term_string}"},"query-input":{"@type":"PropertyValueSpecification","valueRequired":true,"valueName":"search_term_string"}}],"inLanguage":"es"},{"@type":"Organization","@id":"https:\/\/rxrprotect.com\/es\/#organization","name":"RXR Protect","alternateName":"RXR","url":"https:\/\/rxrprotect.com\/es\/","logo":{"@type":"ImageObject","inLanguage":"es","@id":"https:\/\/rxrprotect.com\/es\/#\/schema\/logo\/image\/","url":"https:\/\/rxrprotect.com\/wp-content\/uploads\/2023\/10\/RXR-Logo-Noir.png","contentUrl":"https:\/\/rxrprotect.com\/wp-content\/uploads\/2023\/10\/RXR-Logo-Noir.png","width":500,"height":104,"caption":"RXR Protect"},"image":{"@id":"https:\/\/rxrprotect.com\/es\/#\/schema\/logo\/image\/"},"sameAs":["https:\/\/www.facebook.com\/rxrprotectcom","https:\/\/www.instagram.com\/rxrprotect\/","https:\/\/www.tiktok.com\/@rxrprotect.com"],"email":"info@rxrprotect.com","telephone":"09 70 24 01 01","legalName":"PRO SHOP RXR","vatID":"FR05511897548","taxID":"51189754800034","numberOfEmployees":{"@type":"QuantitativeValue","minValue":"1","maxValue":"10"},"hasMerchantReturnPolicy":{"@type":"MerchantReturnPolicy","merchantReturnLink":"https:\/\/rxrprotect.com\/conditions-generales-de-vente\/"}}]},"og_availability":"instock","product_availability":"instock","product_condition":"new"},"_links":{"self":[{"href":"https:\/\/rxrprotect.com\/es\/wp-json\/wp\/v2\/product\/21059","targetHints":{"allow":["GET"]}}],"collection":[{"href":"https:\/\/rxrprotect.com\/es\/wp-json\/wp\/v2\/product"}],"about":[{"href":"https:\/\/rxrprotect.com\/es\/wp-json\/wp\/v2\/types\/product"}],"version-history":[{"count":0,"href":"https:\/\/rxrprotect.com\/es\/wp-json\/wp\/v2\/product\/21059\/revisions"}],"wp:featuredmedia":[{"embeddable":true,"href":"https:\/\/rxrprotect.com\/es\/wp-json\/wp\/v2\/media\/21060"}],"wp:attachment":[{"href":"https:\/\/rxrprotect.com\/es\/wp-json\/wp\/v2\/media?parent=21059"}],"wp:term":[{"taxonomy":"product_brand","embeddable":true,"href":"https:\/\/rxrprotect.com\/es\/wp-json\/wp\/v2\/product_brand?post=21059"},{"taxonomy":"product_cat","embeddable":true,"href":"https:\/\/rxrprotect.com\/es\/wp-json\/wp\/v2\/product_cat?post=21059"},{"taxonomy":"product_tag","embeddable":true,"href":"https:\/\/rxrprotect.com\/es\/wp-json\/wp\/v2\/product_tag?post=21059"}],"curies":[{"name":"wp","href":"https:\/\/api.w.org\/{rel}","templated":true}]}}