{"id":20079,"date":"2023-10-13T17:21:51","date_gmt":"2023-10-13T15:21:51","guid":{"rendered":"https:\/\/rxrprotect.com\/boutique\/sin%20categor\u00eda\/cyb-r-blackb\/"},"modified":"2026-01-07T12:06:38","modified_gmt":"2026-01-07T11:06:38","slug":"protecciones-cyb-r-blackb","status":"publish","type":"product","link":"https:\/\/rxrprotect.com\/es\/official-store-es\/chaleco-de-proteccion\/cyb-r-bullet-es\/protecciones-cyb-r-blackb\/","title":{"rendered":"Cyb-R &#8211; BlackB"},"content":{"rendered":"<h3>Descubre nuestra Cyb-R<\/h3>\n<p>El protector de piedras de motocross Cyb-R, \u00a1nuestro chaleco protector de moto m\u00e1s vendido! Avalado por a\u00f1os de experiencia y rigurosas pruebas con nuestros pilotos profesionales, hemos conseguido numerosas victorias en las competiciones m\u00e1s importantes desde 2016. <\/p>\n<h3>Mejoras inspiradas en el dise\u00f1o industrial<\/h3>\n<p>Inspirados por la nueva tendencia Face Lift en dise\u00f1o industrial, nuestros equipos se plantearon una pregunta crucial: \u00bfC\u00f3mo podr\u00edamos mejorar el Bullet para ofrecer un salvapiedras de motocross a\u00fan mejor?<\/p>\n<h3>Mejoras realizadas<\/h3>\n<p>Hemos conseguido mejorar varios aspectos clave de nuestro producto:<\/p>\n<ul>\n<li>M\u00e1s ventilaci\u00f3n.<\/li>\n<li>Menos grosor.<\/li>\n<li>A\u00fan m\u00e1s rendimiento.<\/li>\n<\/ul>\n<h3>Presentamos la Cyb-R: protector de piedras motocross del futuro<\/h3>\n<p>Estos pensamientos llevaron a la creaci\u00f3n de nuestro \u00faltimo producto: \u00a1el Cyb-R! Con un dise\u00f1o futurista y una visi\u00f3n innovadora de nuestra marca, te ofrecemos una soluci\u00f3n de <strong>protecci\u00f3n para moto de alta gama<\/strong> que puedes utilizar en todas tus actividades de alto riesgo. <\/p>\n<h3>Tecnolog\u00eda punta para una protecci\u00f3n m\u00e1xima<\/h3>\n<p>El chaleco protector Cyb-R, equipado con nuestra tecnolog\u00eda A.S.A* (Air Shock Absorber, cojines de aire siempre inflados), ofrece una protecci\u00f3n para la moto hasta 5 veces m\u00e1s eficaz que los productos de pl\u00e1stico y\/o espuma.<\/p>\n<h3>Composici\u00f3n de Cyb-R<\/h3>\n<p>El Cyb-R consta de :<\/p>\n<ul>\n<li>Un chasis de espuma EVA termoformada para mejorar el confort y la durabilidad.<\/li>\n<li>Un coj\u00edn de aire ASA para una deformaci\u00f3n y absorci\u00f3n \u00f3ptimas.<\/li>\n<li>Una carcasa de pl\u00e1stico blando para distribuir los impactos sobre el coj\u00edn de aire.<\/li>\n<\/ul>\n<h3>Comodidad y flexibilidad<\/h3>\n<p>Este protector antipiedras para moto tiene una forma ce\u00f1ida al cuerpo que resulta c\u00f3moda, extremadamente flexible, resistente y ligera. Adem\u00e1s, es modular, por lo que puedes a\u00f1adir protecci\u00f3n para hombros y codos, un kit deco o un collar\u00edn. <\/p>\n<h3>Adaptabilidad y versatilidad<\/h3>\n<p>Nuestro Cyb-R es adecuado para todos los pilotos y todas las situaciones: motocross, moto, bicicleta de monta\u00f1a o esqu\u00ed. Con nuestro kit de correas, \u00a1puedes convertir tu CYB-R en un protector de espalda para una gama de usos a\u00fan m\u00e1s amplia! <\/p>\n","protected":false},"excerpt":{"rendered":"<p>Nuestro Cyb-R es adecuado para todos los pilotos y todas las situaciones: motocross, moto, bicicleta de monta\u00f1a o esqu\u00ed. Este protector antipiedras para moto tiene una forma ce\u00f1ida al cuerpo que resulta c\u00f3moda, extremadamente flexible, resistente y ligera. <\/p>\n","protected":false},"featured_media":20080,"template":"","meta":{"_acf_changed":false},"product_brand":[],"product_cat":[590,592],"product_tag":[],"class_list":{"0":"post-20079","1":"product","2":"type-product","3":"status-publish","4":"has-post-thumbnail","6":"product_cat-chaleco-de-proteccion","7":"product_cat-cyb-r-bullet-es","9":"first","10":"instock","11":"taxable","12":"shipping-taxable","13":"purchasable","14":"product-type-variable"},"acf":[],"yoast_head":"<!-- This site is optimized with the Yoast SEO Premium plugin v25.1 (Yoast SEO v27.3) - https:\/\/yoast.com\/product\/yoast-seo-premium-wordpress\/ -->\n<title>Protector de piedras motocross Cyb-R | Protector inflable RXR Protect<\/title>\n<meta name=\"description\" content=\"Descubre el protector de piedras motocross Cyb-R RXR Protect con tecnolog\u00eda inflable ASA para un rendimiento inigualable.\" \/>\n<meta name=\"robots\" content=\"index, follow, max-snippet:-1, max-image-preview:large, max-video-preview:-1\" \/>\n<link rel=\"canonical\" href=\"https:\/\/rxrprotect.com\/es\/official-store-es\/chaleco-de-proteccion\/cyb-r-bullet-es\/protecciones-cyb-r-blackb\/\" \/>\n<meta property=\"og:locale\" content=\"es_ES\" \/>\n<meta property=\"og:type\" content=\"article\" \/>\n<meta property=\"og:title\" content=\"Cyb-R - BlackB\" \/>\n<meta property=\"og:description\" content=\"Descubre el protector de piedras motocross Cyb-R RXR Protect con tecnolog\u00eda inflable ASA para un rendimiento inigualable.\" \/>\n<meta property=\"og:url\" content=\"https:\/\/rxrprotect.com\/es\/official-store-es\/chaleco-de-proteccion\/cyb-r-bullet-es\/protecciones-cyb-r-blackb\/\" \/>\n<meta property=\"og:site_name\" content=\"RXR Protect\" \/>\n<meta property=\"article:publisher\" content=\"https:\/\/www.facebook.com\/rxrprotectcom\" \/>\n<meta property=\"article:modified_time\" content=\"2026-01-07T11:06:38+00:00\" \/>\n<meta property=\"og:image\" content=\"https:\/\/rxrprotect.com\/wp-content\/uploads\/2023\/10\/CYBR-BlackB-3.jpg\" \/>\n\t<meta property=\"og:image:width\" content=\"1500\" \/>\n\t<meta property=\"og:image:height\" content=\"1500\" \/>\n\t<meta property=\"og:image:type\" content=\"image\/jpeg\" \/>\n<meta name=\"twitter:card\" content=\"summary_large_image\" \/>\n<script type=\"application\/ld+json\" class=\"yoast-schema-graph\">{\"@context\":\"https:\\\/\\\/schema.org\",\"@graph\":[{\"@type\":\"WebPage\",\"@id\":\"https:\\\/\\\/rxrprotect.com\\\/es\\\/official-store-es\\\/chaleco-de-proteccion\\\/cyb-r-bullet-es\\\/protecciones-cyb-r-blackb\\\/\",\"url\":\"https:\\\/\\\/rxrprotect.com\\\/es\\\/official-store-es\\\/chaleco-de-proteccion\\\/cyb-r-bullet-es\\\/protecciones-cyb-r-blackb\\\/\",\"name\":\"Protector de piedras motocross Cyb-R | Protector inflable RXR Protect\",\"isPartOf\":{\"@id\":\"https:\\\/\\\/rxrprotect.com\\\/es\\\/#website\"},\"primaryImageOfPage\":{\"@id\":\"https:\\\/\\\/rxrprotect.com\\\/es\\\/official-store-es\\\/chaleco-de-proteccion\\\/cyb-r-bullet-es\\\/protecciones-cyb-r-blackb\\\/#primaryimage\"},\"image\":{\"@id\":\"https:\\\/\\\/rxrprotect.com\\\/es\\\/official-store-es\\\/chaleco-de-proteccion\\\/cyb-r-bullet-es\\\/protecciones-cyb-r-blackb\\\/#primaryimage\"},\"thumbnailUrl\":\"https:\\\/\\\/rxrprotect.com\\\/wp-content\\\/uploads\\\/2023\\\/10\\\/CYBR-BlackB-3.jpg\",\"datePublished\":\"2023-10-13T15:21:51+00:00\",\"dateModified\":\"2026-01-07T11:06:38+00:00\",\"description\":\"Descubre el protector de piedras motocross Cyb-R RXR Protect con tecnolog\u00eda inflable ASA para un rendimiento inigualable.\",\"breadcrumb\":{\"@id\":\"https:\\\/\\\/rxrprotect.com\\\/es\\\/official-store-es\\\/chaleco-de-proteccion\\\/cyb-r-bullet-es\\\/protecciones-cyb-r-blackb\\\/#breadcrumb\"},\"inLanguage\":\"es\",\"potentialAction\":[{\"@type\":\"ReadAction\",\"target\":[\"https:\\\/\\\/rxrprotect.com\\\/es\\\/official-store-es\\\/chaleco-de-proteccion\\\/cyb-r-bullet-es\\\/protecciones-cyb-r-blackb\\\/\"]}]},{\"@type\":\"ImageObject\",\"inLanguage\":\"es\",\"@id\":\"https:\\\/\\\/rxrprotect.com\\\/es\\\/official-store-es\\\/chaleco-de-proteccion\\\/cyb-r-bullet-es\\\/protecciones-cyb-r-blackb\\\/#primaryimage\",\"url\":\"https:\\\/\\\/rxrprotect.com\\\/wp-content\\\/uploads\\\/2023\\\/10\\\/CYBR-BlackB-3.jpg\",\"contentUrl\":\"https:\\\/\\\/rxrprotect.com\\\/wp-content\\\/uploads\\\/2023\\\/10\\\/CYBR-BlackB-3.jpg\",\"width\":1500,\"height\":1500,\"caption\":\"Protecci\u00f3n protector de piedras motocross chaleco protector bicicleta de monta\u00f1a esqu\u00ed chaqueta protectora espalda\"},{\"@type\":\"BreadcrumbList\",\"@id\":\"https:\\\/\\\/rxrprotect.com\\\/es\\\/official-store-es\\\/chaleco-de-proteccion\\\/cyb-r-bullet-es\\\/protecciones-cyb-r-blackb\\\/#breadcrumb\",\"itemListElement\":[{\"@type\":\"ListItem\",\"position\":1,\"name\":\"Accueil\",\"item\":\"https:\\\/\\\/rxrprotect.com\\\/es\\\/\"},{\"@type\":\"ListItem\",\"position\":2,\"name\":\"Official store\",\"item\":\"https:\\\/\\\/rxrprotect.com\\\/es\\\/official-store-es\\\/\"},{\"@type\":\"ListItem\",\"position\":3,\"name\":\"Cyb-R &#8211; BlackB\"}]},{\"@type\":\"WebSite\",\"@id\":\"https:\\\/\\\/rxrprotect.com\\\/es\\\/#website\",\"url\":\"https:\\\/\\\/rxrprotect.com\\\/es\\\/\",\"name\":\"RXR Protect\",\"description\":\"Pare pierre et protection gonflable pour le motocross, le VTT et tous les sports extr\u00eames.\",\"publisher\":{\"@id\":\"https:\\\/\\\/rxrprotect.com\\\/es\\\/#organization\"},\"alternateName\":\"RXR\",\"potentialAction\":[{\"@type\":\"SearchAction\",\"target\":{\"@type\":\"EntryPoint\",\"urlTemplate\":\"https:\\\/\\\/rxrprotect.com\\\/es\\\/?s={search_term_string}\"},\"query-input\":{\"@type\":\"PropertyValueSpecification\",\"valueRequired\":true,\"valueName\":\"search_term_string\"}}],\"inLanguage\":\"es\"},{\"@type\":\"Organization\",\"@id\":\"https:\\\/\\\/rxrprotect.com\\\/es\\\/#organization\",\"name\":\"RXR Protect\",\"alternateName\":\"RXR\",\"url\":\"https:\\\/\\\/rxrprotect.com\\\/es\\\/\",\"logo\":{\"@type\":\"ImageObject\",\"inLanguage\":\"es\",\"@id\":\"https:\\\/\\\/rxrprotect.com\\\/es\\\/#\\\/schema\\\/logo\\\/image\\\/\",\"url\":\"https:\\\/\\\/rxrprotect.com\\\/wp-content\\\/uploads\\\/2023\\\/10\\\/RXR-Logo-Noir.png\",\"contentUrl\":\"https:\\\/\\\/rxrprotect.com\\\/wp-content\\\/uploads\\\/2023\\\/10\\\/RXR-Logo-Noir.png\",\"width\":500,\"height\":104,\"caption\":\"RXR Protect\"},\"image\":{\"@id\":\"https:\\\/\\\/rxrprotect.com\\\/es\\\/#\\\/schema\\\/logo\\\/image\\\/\"},\"sameAs\":[\"https:\\\/\\\/www.facebook.com\\\/rxrprotectcom\",\"https:\\\/\\\/www.instagram.com\\\/rxrprotect\\\/\",\"https:\\\/\\\/www.tiktok.com\\\/@rxrprotect.com\"],\"email\":\"info@rxrprotect.com\",\"telephone\":\"09 70 24 01 01\",\"legalName\":\"PRO SHOP RXR\",\"vatID\":\"FR05511897548\",\"taxID\":\"51189754800034\",\"numberOfEmployees\":{\"@type\":\"QuantitativeValue\",\"minValue\":\"1\",\"maxValue\":\"10\"},\"hasMerchantReturnPolicy\":{\"@type\":\"MerchantReturnPolicy\",\"merchantReturnLink\":\"https:\\\/\\\/rxrprotect.com\\\/conditions-generales-de-vente\\\/\"}}]}<\/script>\n<meta property=\"og:availability\" content=\"instock\" \/>\n<meta property=\"product:availability\" content=\"instock\" \/>\n<meta property=\"product:condition\" content=\"new\" \/>\n<!-- \/ Yoast SEO Premium plugin. -->","yoast_head_json":{"title":"Protector de piedras motocross Cyb-R | Protector inflable RXR Protect","description":"Descubre el protector de piedras motocross Cyb-R RXR Protect con tecnolog\u00eda inflable ASA para un rendimiento inigualable.","robots":{"index":"index","follow":"follow","max-snippet":"max-snippet:-1","max-image-preview":"max-image-preview:large","max-video-preview":"max-video-preview:-1"},"canonical":"https:\/\/rxrprotect.com\/es\/official-store-es\/chaleco-de-proteccion\/cyb-r-bullet-es\/protecciones-cyb-r-blackb\/","og_locale":"es_ES","og_type":"article","og_title":"Cyb-R - BlackB","og_description":"Descubre el protector de piedras motocross Cyb-R RXR Protect con tecnolog\u00eda inflable ASA para un rendimiento inigualable.","og_url":"https:\/\/rxrprotect.com\/es\/official-store-es\/chaleco-de-proteccion\/cyb-r-bullet-es\/protecciones-cyb-r-blackb\/","og_site_name":"RXR Protect","article_publisher":"https:\/\/www.facebook.com\/rxrprotectcom","article_modified_time":"2026-01-07T11:06:38+00:00","og_image":[{"width":1500,"height":1500,"url":"https:\/\/rxrprotect.com\/wp-content\/uploads\/2023\/10\/CYBR-BlackB-3.jpg","type":"image\/jpeg"}],"twitter_card":"summary_large_image","schema":{"@context":"https:\/\/schema.org","@graph":[{"@type":"WebPage","@id":"https:\/\/rxrprotect.com\/es\/official-store-es\/chaleco-de-proteccion\/cyb-r-bullet-es\/protecciones-cyb-r-blackb\/","url":"https:\/\/rxrprotect.com\/es\/official-store-es\/chaleco-de-proteccion\/cyb-r-bullet-es\/protecciones-cyb-r-blackb\/","name":"Protector de piedras motocross Cyb-R | Protector inflable RXR Protect","isPartOf":{"@id":"https:\/\/rxrprotect.com\/es\/#website"},"primaryImageOfPage":{"@id":"https:\/\/rxrprotect.com\/es\/official-store-es\/chaleco-de-proteccion\/cyb-r-bullet-es\/protecciones-cyb-r-blackb\/#primaryimage"},"image":{"@id":"https:\/\/rxrprotect.com\/es\/official-store-es\/chaleco-de-proteccion\/cyb-r-bullet-es\/protecciones-cyb-r-blackb\/#primaryimage"},"thumbnailUrl":"https:\/\/rxrprotect.com\/wp-content\/uploads\/2023\/10\/CYBR-BlackB-3.jpg","datePublished":"2023-10-13T15:21:51+00:00","dateModified":"2026-01-07T11:06:38+00:00","description":"Descubre el protector de piedras motocross Cyb-R RXR Protect con tecnolog\u00eda inflable ASA para un rendimiento inigualable.","breadcrumb":{"@id":"https:\/\/rxrprotect.com\/es\/official-store-es\/chaleco-de-proteccion\/cyb-r-bullet-es\/protecciones-cyb-r-blackb\/#breadcrumb"},"inLanguage":"es","potentialAction":[{"@type":"ReadAction","target":["https:\/\/rxrprotect.com\/es\/official-store-es\/chaleco-de-proteccion\/cyb-r-bullet-es\/protecciones-cyb-r-blackb\/"]}]},{"@type":"ImageObject","inLanguage":"es","@id":"https:\/\/rxrprotect.com\/es\/official-store-es\/chaleco-de-proteccion\/cyb-r-bullet-es\/protecciones-cyb-r-blackb\/#primaryimage","url":"https:\/\/rxrprotect.com\/wp-content\/uploads\/2023\/10\/CYBR-BlackB-3.jpg","contentUrl":"https:\/\/rxrprotect.com\/wp-content\/uploads\/2023\/10\/CYBR-BlackB-3.jpg","width":1500,"height":1500,"caption":"Protecci\u00f3n protector de piedras motocross chaleco protector bicicleta de monta\u00f1a esqu\u00ed chaqueta protectora espalda"},{"@type":"BreadcrumbList","@id":"https:\/\/rxrprotect.com\/es\/official-store-es\/chaleco-de-proteccion\/cyb-r-bullet-es\/protecciones-cyb-r-blackb\/#breadcrumb","itemListElement":[{"@type":"ListItem","position":1,"name":"Accueil","item":"https:\/\/rxrprotect.com\/es\/"},{"@type":"ListItem","position":2,"name":"Official store","item":"https:\/\/rxrprotect.com\/es\/official-store-es\/"},{"@type":"ListItem","position":3,"name":"Cyb-R &#8211; BlackB"}]},{"@type":"WebSite","@id":"https:\/\/rxrprotect.com\/es\/#website","url":"https:\/\/rxrprotect.com\/es\/","name":"RXR Protect","description":"Pare pierre et protection gonflable pour le motocross, le VTT et tous les sports extr\u00eames.","publisher":{"@id":"https:\/\/rxrprotect.com\/es\/#organization"},"alternateName":"RXR","potentialAction":[{"@type":"SearchAction","target":{"@type":"EntryPoint","urlTemplate":"https:\/\/rxrprotect.com\/es\/?s={search_term_string}"},"query-input":{"@type":"PropertyValueSpecification","valueRequired":true,"valueName":"search_term_string"}}],"inLanguage":"es"},{"@type":"Organization","@id":"https:\/\/rxrprotect.com\/es\/#organization","name":"RXR Protect","alternateName":"RXR","url":"https:\/\/rxrprotect.com\/es\/","logo":{"@type":"ImageObject","inLanguage":"es","@id":"https:\/\/rxrprotect.com\/es\/#\/schema\/logo\/image\/","url":"https:\/\/rxrprotect.com\/wp-content\/uploads\/2023\/10\/RXR-Logo-Noir.png","contentUrl":"https:\/\/rxrprotect.com\/wp-content\/uploads\/2023\/10\/RXR-Logo-Noir.png","width":500,"height":104,"caption":"RXR Protect"},"image":{"@id":"https:\/\/rxrprotect.com\/es\/#\/schema\/logo\/image\/"},"sameAs":["https:\/\/www.facebook.com\/rxrprotectcom","https:\/\/www.instagram.com\/rxrprotect\/","https:\/\/www.tiktok.com\/@rxrprotect.com"],"email":"info@rxrprotect.com","telephone":"09 70 24 01 01","legalName":"PRO SHOP RXR","vatID":"FR05511897548","taxID":"51189754800034","numberOfEmployees":{"@type":"QuantitativeValue","minValue":"1","maxValue":"10"},"hasMerchantReturnPolicy":{"@type":"MerchantReturnPolicy","merchantReturnLink":"https:\/\/rxrprotect.com\/conditions-generales-de-vente\/"}}]},"og_availability":"instock","product_availability":"instock","product_condition":"new"},"_links":{"self":[{"href":"https:\/\/rxrprotect.com\/es\/wp-json\/wp\/v2\/product\/20079","targetHints":{"allow":["GET"]}}],"collection":[{"href":"https:\/\/rxrprotect.com\/es\/wp-json\/wp\/v2\/product"}],"about":[{"href":"https:\/\/rxrprotect.com\/es\/wp-json\/wp\/v2\/types\/product"}],"version-history":[{"count":0,"href":"https:\/\/rxrprotect.com\/es\/wp-json\/wp\/v2\/product\/20079\/revisions"}],"wp:featuredmedia":[{"embeddable":true,"href":"https:\/\/rxrprotect.com\/es\/wp-json\/wp\/v2\/media\/20080"}],"wp:attachment":[{"href":"https:\/\/rxrprotect.com\/es\/wp-json\/wp\/v2\/media?parent=20079"}],"wp:term":[{"taxonomy":"product_brand","embeddable":true,"href":"https:\/\/rxrprotect.com\/es\/wp-json\/wp\/v2\/product_brand?post=20079"},{"taxonomy":"product_cat","embeddable":true,"href":"https:\/\/rxrprotect.com\/es\/wp-json\/wp\/v2\/product_cat?post=20079"},{"taxonomy":"product_tag","embeddable":true,"href":"https:\/\/rxrprotect.com\/es\/wp-json\/wp\/v2\/product_tag?post=20079"}],"curies":[{"name":"wp","href":"https:\/\/api.w.org\/{rel}","templated":true}]}}